{"id":6928,"date":"2024-10-30T16:42:43","date_gmt":"2024-10-30T20:42:43","guid":{"rendered":"https:\/\/dev.proliquidpc.com\/boutique\/non%20class\u00e9\/hard-tubing-pre-plie-en-metal-bykski-cuivre-chrome-14-mm-od-500-mm-200-mm-b-pp7tp500x200-bleu\/"},"modified":"2025-01-19T16:31:14","modified_gmt":"2025-01-19T21:31:14","slug":"hard-tubing-pre-plie-en-metal-bykski-cuivre-chrome-14-mm-od-500-mm-200-mm-b-pp7tp500x200-bleu","status":"publish","type":"product","link":"https:\/\/proliquidpc.com\/fr\/boutique\/tubing\/hard-tubing-metal\/hard-tubing-pre-plie-en-metal-bykski-cuivre-chrome-14-mm-od-500-mm-200-mm-b-pp7tp500x200-bleu\/","title":{"rendered":"Hard tubing pr\u00e9-pli\u00e9 en m\u00e9tal Bykski &#8211; Cuivre chrom\u00e9 &#8211; 14 mm OD &#8211; 500 mm\/200 mm &#8211; B-PP7TP500X200 &#8211; Bleu"},"content":{"rendered":"<p>Le tube rigide en m\u00e9tal Bykski est un mat\u00e9riau en cuivre chrom\u00e9, ce qui le rend extr\u00eamement durable. Il a une construction sans couture, qui offre une surface int\u00e9rieure lisse. Il est livr\u00e9 dans une course inclin\u00e9e qui vous permet d\u2019ajuster sur mesure les coudes, mais de couper \u00e0 chaque extr\u00e9mit\u00e9. Le m\u00e9tal ajout\u00e9 dans votre syst\u00e8me ne peut pas faire de mal \u00e0 faire baisser les temp\u00e9ratures lors de la transition entre les composants. En absorbant la chaleur du liquide de refroidissement, le tube peut dissiper cette chaleur facilement avec n\u2019importe quel type de flux d\u2019air interne moyen dans votre ch\u00e2ssis.<\/p>\n","protected":false},"excerpt":{"rendered":"<p>Le tube rigide en m\u00e9tal Bykski est un mat\u00e9riau en cuivre chrom\u00e9, ce qui le rend extr\u00eamement durable. Il a une construction sans couture, qui offre une surface int\u00e9rieure lisse. Il est livr\u00e9 dans une course inclin\u00e9e qui vous permet d\u2019ajuster sur mesure les coudes, mais de couper \u00e0 chaque extr\u00e9mit\u00e9. Le m\u00e9tal ajout\u00e9 dans [&hellip;]<\/p>\n","protected":false},"featured_media":6929,"template":"","meta":{"_genesis_hide_title":false,"_genesis_hide_breadcrumbs":false,"_genesis_hide_singular_image":false,"_genesis_hide_footer_widgets":false,"_genesis_custom_body_class":"","_genesis_custom_post_class":"","_genesis_layout":""},"product_brand":[],"product_cat":[64,27],"product_tag":[],"class_list":{"0":"post-6928","1":"product","2":"type-product","3":"status-publish","4":"has-post-thumbnail","6":"product_cat-hard-tubing-metal","7":"product_cat-tubing","8":"entry","10":"first","11":"instock","12":"taxable","13":"shipping-taxable","14":"purchasable","15":"product-type-simple"},"_links":{"self":[{"href":"https:\/\/proliquidpc.com\/fr\/wp-json\/wp\/v2\/product\/6928","targetHints":{"allow":["GET"]}}],"collection":[{"href":"https:\/\/proliquidpc.com\/fr\/wp-json\/wp\/v2\/product"}],"about":[{"href":"https:\/\/proliquidpc.com\/fr\/wp-json\/wp\/v2\/types\/product"}],"wp:featuredmedia":[{"embeddable":true,"href":"https:\/\/proliquidpc.com\/fr\/wp-json\/wp\/v2\/media\/6929"}],"wp:attachment":[{"href":"https:\/\/proliquidpc.com\/fr\/wp-json\/wp\/v2\/media?parent=6928"}],"wp:term":[{"taxonomy":"product_brand","embeddable":true,"href":"https:\/\/proliquidpc.com\/fr\/wp-json\/wp\/v2\/product_brand?post=6928"},{"taxonomy":"product_cat","embeddable":true,"href":"https:\/\/proliquidpc.com\/fr\/wp-json\/wp\/v2\/product_cat?post=6928"},{"taxonomy":"product_tag","embeddable":true,"href":"https:\/\/proliquidpc.com\/fr\/wp-json\/wp\/v2\/product_tag?post=6928"}],"curies":[{"name":"wp","href":"https:\/\/api.w.org\/{rel}","templated":true}]}}