{"id":6933,"date":"2024-10-30T16:42:43","date_gmt":"2024-10-30T20:42:43","guid":{"rendered":"https:\/\/dev.proliquidpc.com\/boutique\/non%20class\u00e9\/hard-tubing-pre-courbe-en-metal-bykski-cuivre-chrome-16-mm-od-500-mm-200-mm-b-pp7tp500x200-chrome\/"},"modified":"2025-01-19T16:31:17","modified_gmt":"2025-01-19T21:31:17","slug":"hard-tubing-pre-plie-en-metal-bykski-cuivre-chrome-14-mm-od-500-mm-200-mm-b-pp7tp500x200-chrome","status":"publish","type":"product","link":"https:\/\/proliquidpc.com\/fr\/boutique\/tubing\/hard-tubing-metal\/hard-tubing-pre-plie-en-metal-bykski-cuivre-chrome-14-mm-od-500-mm-200-mm-b-pp7tp500x200-chrome\/","title":{"rendered":"Hard tubing pr\u00e9-pli\u00e9 en m\u00e9tal Bykski &#8211; Cuivre chrom\u00e9 &#8211; 14 mm OD &#8211; 500 mm\/200 mm &#8211; B-PP7TP500X200 &#8211; Chrome"},"content":{"rendered":"<p>Le tube rigide en m\u00e9tal Bykski est un mat\u00e9riau en cuivre chrom\u00e9, ce qui le rend extr\u00eamement durable. Il a une construction sans couture, qui offre une surface int\u00e9rieure lisse. Il est livr\u00e9 dans une course inclin\u00e9e qui vous permet d\u2019ajuster sur mesure les coudes, mais de couper \u00e0 chaque extr\u00e9mit\u00e9. Le m\u00e9tal ajout\u00e9 dans votre syst\u00e8me ne peut pas faire de mal \u00e0 faire baisser les temp\u00e9ratures lors de la transition entre les composants. En absorbant la chaleur du liquide de refroidissement, le tube peut dissiper cette chaleur facilement avec n\u2019importe quel type de flux d\u2019air interne moyen dans votre ch\u00e2ssis. <\/p>\n<p>Fonctionnalit\u00e9s<br \/>\nSurface polie<br \/>\nBonus suppl\u00e9mentaire de dissipation de chaleur<br \/>\nSp\u00e9cifications<br \/>\nIndice de temp\u00e9rament :Dur<br \/>\nMat\u00e9riel : Cuivre (chrom\u00e9)<br \/>\nTaille du tube : 12 mm de diam\u00e8tre int\u00e9rieur \/ 14 mm de diam\u00e8tre ext\u00e9rieur<br \/>\n\u00c9paisseur de la paroi : 2 mm<\/p>\n<p>Compatibilit\u00e9<br \/>\nfittings : tous les fittings rigides de 14 mm de diam\u00e8tre ext\u00e9rieur<br \/>\nPi\u00e8ces incluses<\/p>\n<p>Avertissements<br \/>\nIl s\u2019agit d\u2019un produit pour les utilisateurs AVANC\u00c9S !<br \/>\nNous ne sommes pas responsables des dommages caus\u00e9s par ou lors de l\u2019utilisation de ce produit. Veuillez utiliser \u00e0 vos risques et p\u00e9rils.<\/p>\n<p>Installation<br \/>\nLa coupe doit \u00eatre effectu\u00e9e avec les outils appropri\u00e9s. Le non-respect de cette consigne peut entra\u00eener des extr\u00e9mit\u00e9s non uniformes, entra\u00eenant des fuites et un d\u00e9faut d\u2019\u00e9tanch\u00e9it\u00e9.<\/p>\n","protected":false},"excerpt":{"rendered":"<p>Le tube rigide en m\u00e9tal Bykski est un mat\u00e9riau en cuivre chrom\u00e9, ce qui le rend extr\u00eamement durable. Il a une construction sans couture, qui offre une surface int\u00e9rieure lisse. Il est livr\u00e9 dans une course inclin\u00e9e qui vous permet d\u2019ajuster sur mesure les coudes, mais de couper \u00e0 chaque extr\u00e9mit\u00e9. Le m\u00e9tal ajout\u00e9 dans [&hellip;]<\/p>\n","protected":false},"featured_media":6934,"template":"","meta":{"_genesis_hide_title":false,"_genesis_hide_breadcrumbs":false,"_genesis_hide_singular_image":false,"_genesis_hide_footer_widgets":false,"_genesis_custom_body_class":"","_genesis_custom_post_class":"","_genesis_layout":""},"product_brand":[],"product_cat":[64,27],"product_tag":[],"class_list":{"0":"post-6933","1":"product","2":"type-product","3":"status-publish","4":"has-post-thumbnail","6":"product_cat-hard-tubing-metal","7":"product_cat-tubing","8":"entry","10":"first","11":"outofstock","12":"taxable","13":"shipping-taxable","14":"purchasable","15":"product-type-simple"},"_links":{"self":[{"href":"https:\/\/proliquidpc.com\/fr\/wp-json\/wp\/v2\/product\/6933","targetHints":{"allow":["GET"]}}],"collection":[{"href":"https:\/\/proliquidpc.com\/fr\/wp-json\/wp\/v2\/product"}],"about":[{"href":"https:\/\/proliquidpc.com\/fr\/wp-json\/wp\/v2\/types\/product"}],"wp:featuredmedia":[{"embeddable":true,"href":"https:\/\/proliquidpc.com\/fr\/wp-json\/wp\/v2\/media\/6934"}],"wp:attachment":[{"href":"https:\/\/proliquidpc.com\/fr\/wp-json\/wp\/v2\/media?parent=6933"}],"wp:term":[{"taxonomy":"product_brand","embeddable":true,"href":"https:\/\/proliquidpc.com\/fr\/wp-json\/wp\/v2\/product_brand?post=6933"},{"taxonomy":"product_cat","embeddable":true,"href":"https:\/\/proliquidpc.com\/fr\/wp-json\/wp\/v2\/product_cat?post=6933"},{"taxonomy":"product_tag","embeddable":true,"href":"https:\/\/proliquidpc.com\/fr\/wp-json\/wp\/v2\/product_tag?post=6933"}],"curies":[{"name":"wp","href":"https:\/\/api.w.org\/{rel}","templated":true}]}}