{"id":6936,"date":"2024-10-30T16:42:43","date_gmt":"2024-10-30T20:42:43","guid":{"rendered":"https:\/\/dev.proliquidpc.com\/boutique\/non%20class\u00e9\/controleur-de-synchronisation-declairage-bykski-pour-la-synchronisation-des-eclairages-rbw-avec-la-carte-mere-fr-b-rbw-c8-v4\/"},"modified":"2025-09-21T10:55:00","modified_gmt":"2025-09-21T14:55:00","slug":"controleur-de-synchronisation-declairage-bykski-pour-la-synchronisation-des-eclairages-rbw-avec-la-carte-mere-fr-b-rbw-c8-v4","status":"publish","type":"product","link":"https:\/\/proliquidpc.com\/fr\/boutique\/led-controleurs\/5-volt\/controleur-de-synchronisation-declairage-bykski-pour-la-synchronisation-des-eclairages-rbw-avec-la-carte-mere-fr-b-rbw-c8-v4\/","title":{"rendered":"Contr\u00f4leur de synchronisation d&rsquo;\u00e9clairage Bykski pour la synchronisation des \u00e9clairages RBW avec la carte m\u00e8re FR-B-RBW-C8 V4"},"content":{"rendered":"<p>Le module de commande d\u2019\u00e9clairage Bykski 8+4 5v Addressable RGB (RBW) vous permet de contr\u00f4ler vos composants A-RGB LED \u00e0 l\u2019aide d\u2019une t\u00e9l\u00e9commande pratique. Le contr\u00f4leur est capable de fonctions standard telles que l\u2019allumage \/ l\u2019arr\u00eat et le r\u00e9glage de la vitesse. Les commandes plus avanc\u00e9es incluent la luminosit\u00e9 ainsi que la s\u00e9lection du mode. Un c\u00e2ble de synchronisation de la carte m\u00e8re est \u00e9galement inclus pour une utilisation avec des en-t\u00eates aRGB 5v \u00e0 3 broches.<\/p>\n","protected":false},"excerpt":{"rendered":"<p>Le module de commande d\u2019\u00e9clairage Bykski 8+4 5v Addressable RGB (RBW) vous permet de contr\u00f4ler vos composants A-RGB LED \u00e0 l\u2019aide d\u2019une t\u00e9l\u00e9commande pratique. Le contr\u00f4leur est capable de fonctions standard telles que l\u2019allumage \/ l\u2019arr\u00eat et le r\u00e9glage de la vitesse. Les commandes plus avanc\u00e9es incluent la luminosit\u00e9 ainsi que la s\u00e9lection du mode. [&hellip;]<\/p>\n","protected":false},"featured_media":6937,"template":"","meta":{"_genesis_hide_title":false,"_genesis_hide_breadcrumbs":false,"_genesis_hide_singular_image":false,"_genesis_hide_footer_widgets":false,"_genesis_custom_body_class":"","_genesis_custom_post_class":"","_genesis_layout":""},"product_brand":[],"product_cat":[26,25],"product_tag":[],"class_list":{"0":"post-6936","1":"product","2":"type-product","3":"status-publish","4":"has-post-thumbnail","6":"product_cat-5-volt","7":"product_cat-led-controleurs","8":"entry","10":"first","11":"instock","12":"taxable","13":"shipping-taxable","14":"purchasable","15":"product-type-simple"},"_links":{"self":[{"href":"https:\/\/proliquidpc.com\/fr\/wp-json\/wp\/v2\/product\/6936","targetHints":{"allow":["GET"]}}],"collection":[{"href":"https:\/\/proliquidpc.com\/fr\/wp-json\/wp\/v2\/product"}],"about":[{"href":"https:\/\/proliquidpc.com\/fr\/wp-json\/wp\/v2\/types\/product"}],"wp:featuredmedia":[{"embeddable":true,"href":"https:\/\/proliquidpc.com\/fr\/wp-json\/wp\/v2\/media\/6937"}],"wp:attachment":[{"href":"https:\/\/proliquidpc.com\/fr\/wp-json\/wp\/v2\/media?parent=6936"}],"wp:term":[{"taxonomy":"product_brand","embeddable":true,"href":"https:\/\/proliquidpc.com\/fr\/wp-json\/wp\/v2\/product_brand?post=6936"},{"taxonomy":"product_cat","embeddable":true,"href":"https:\/\/proliquidpc.com\/fr\/wp-json\/wp\/v2\/product_cat?post=6936"},{"taxonomy":"product_tag","embeddable":true,"href":"https:\/\/proliquidpc.com\/fr\/wp-json\/wp\/v2\/product_tag?post=6936"}],"curies":[{"name":"wp","href":"https:\/\/api.w.org\/{rel}","templated":true}]}}