{"id":6939,"date":"2024-10-30T16:42:43","date_gmt":"2024-10-30T20:42:43","guid":{"rendered":"https:\/\/dev.proliquidpc.com\/boutique\/non%20class\u00e9\/bykski-120mm-x-25mm-5v-fan-led-led-adressable-b-rbw-fn-v2\/"},"modified":"2025-03-01T12:56:14","modified_gmt":"2025-03-01T17:56:14","slug":"bykski-120mm-x-25mm-5v-fan-led-led-adressable-b-rbw-fn-v2","status":"publish","type":"product","link":"https:\/\/proliquidpc.com\/fr\/boutique\/fans\/bykski-120mm-x-25mm-5v-fan-led-led-adressable-b-rbw-fn-v2\/","title":{"rendered":"Bykski 120mm x 25mm 5V Fan LED LED adressable &#8211; B-RBW-FN-V2"},"content":{"rendered":"<p>Le ventilateur LED RGB (RBW) adressable Bykski 120mm x 25mm 5V est un moyen unique de refroidir les composants internes de votre radiateur ou de votre bo\u00eetier. Ce ventilateur peut \u00eatre contr\u00f4l\u00e9 ou synchronis\u00e9 avec l\u2019interface RGB adressable m\u00e8re (RBW) \u00e0 l\u2019aide des contr\u00f4leurs Bykski de la s\u00e9rie B-RBW-C8. Une fois connect\u00e9s, 26 millions de combinaisons de couleurs sont disponibles.<\/p>\n<p>Fonctionnalit\u00e9s<br \/>\nGrande adaptabilit\u00e9<br \/>\nPuissant et efficace<br \/>\nSp\u00e9cifications<br \/>\nMarque :Bykski<br \/>\nDimensions :120mm x 25mm<br \/>\nApplication : radiateurs de la s\u00e9rie 120 mm \/ ventilateur de bo\u00eetier de 120 mm<br \/>\nVitesse :1500 RPM<br \/>\nBruit : 33,6 dBA<br \/>\nVolume d\u2019air : 64,8 CFM<br \/>\nRoulement :Roulement hydraulique<br \/>\nCourant nominal : 0,11 A<br \/>\nTension du ventilateur : 12V<br \/>\nConsommation \u00e9lectrique : 1.32W<br \/>\nPi\u00e8ces incluses<br \/>\n1x 120mm x 25mm 5V Ventilateur LED RGB (RBW) adressable &#8211; 1500 RPM<br \/>\nAvertissements<br \/>\nIl s\u2019agit d\u2019un ventilateur \u00e0 vitesse constante, de sorte que la vitesse du ventilateur ne peut pas \u00eatre modifi\u00e9e. Les ventilateurs doivent \u00eatre utilis\u00e9s avec un contr\u00f4leur de type B-RBW-C8 ou plus r\u00e9cent (ex : FR-B-RBW-C8-V3, V4)Ce ventilateur peut ne pas \u00eatre compatible avec d\u2019autres marques de contr\u00f4leurs.<\/p>\n<p>Nous ne sommes pas responsables des dommages caus\u00e9s par ou lors de l\u2019utilisation de ce produit. Veuillez utiliser \u00e0 vos risques et p\u00e9rils.<\/p>\n","protected":false},"excerpt":{"rendered":"<p>Le ventilateur LED RGB (RBW) adressable Bykski 120mm x 25mm 5V est un moyen unique de refroidir les composants internes de votre radiateur ou de votre bo\u00eetier. Ce ventilateur peut \u00eatre contr\u00f4l\u00e9 ou synchronis\u00e9 avec l\u2019interface RGB adressable m\u00e8re (RBW) \u00e0 l\u2019aide des contr\u00f4leurs Bykski de la s\u00e9rie B-RBW-C8. Une fois connect\u00e9s, 26 millions de [&hellip;]<\/p>\n","protected":false},"featured_media":6940,"template":"","meta":{"_genesis_hide_title":false,"_genesis_hide_breadcrumbs":false,"_genesis_hide_singular_image":false,"_genesis_hide_footer_widgets":false,"_genesis_custom_body_class":"","_genesis_custom_post_class":"","_genesis_layout":""},"product_brand":[],"product_cat":[79],"product_tag":[],"class_list":{"0":"post-6939","1":"product","2":"type-product","3":"status-publish","4":"has-post-thumbnail","6":"product_cat-fans","7":"entry","9":"first","10":"instock","11":"taxable","12":"shipping-taxable","13":"purchasable","14":"product-type-simple"},"_links":{"self":[{"href":"https:\/\/proliquidpc.com\/fr\/wp-json\/wp\/v2\/product\/6939","targetHints":{"allow":["GET"]}}],"collection":[{"href":"https:\/\/proliquidpc.com\/fr\/wp-json\/wp\/v2\/product"}],"about":[{"href":"https:\/\/proliquidpc.com\/fr\/wp-json\/wp\/v2\/types\/product"}],"wp:featuredmedia":[{"embeddable":true,"href":"https:\/\/proliquidpc.com\/fr\/wp-json\/wp\/v2\/media\/6940"}],"wp:attachment":[{"href":"https:\/\/proliquidpc.com\/fr\/wp-json\/wp\/v2\/media?parent=6939"}],"wp:term":[{"taxonomy":"product_brand","embeddable":true,"href":"https:\/\/proliquidpc.com\/fr\/wp-json\/wp\/v2\/product_brand?post=6939"},{"taxonomy":"product_cat","embeddable":true,"href":"https:\/\/proliquidpc.com\/fr\/wp-json\/wp\/v2\/product_cat?post=6939"},{"taxonomy":"product_tag","embeddable":true,"href":"https:\/\/proliquidpc.com\/fr\/wp-json\/wp\/v2\/product_tag?post=6939"}],"curies":[{"name":"wp","href":"https:\/\/api.w.org\/{rel}","templated":true}]}}