{"id":6966,"date":"2024-10-30T16:42:43","date_gmt":"2024-10-30T20:42:43","guid":{"rendered":"https:\/\/dev.proliquidpc.com\/boutique\/non%20class\u00e9\/bande-lumineuse-flexible-5v-de-bykski-rbw-b-sf500ld-rbw-500mm\/"},"modified":"2025-01-19T16:31:36","modified_gmt":"2025-01-19T21:31:36","slug":"bande-lumineuse-flexible-5v-de-bykski-rbw-b-sf500ld-rbw-500mm","status":"publish","type":"product","link":"https:\/\/proliquidpc.com\/fr\/boutique\/led-controleurs\/5-volt\/bande-lumineuse-flexible-5v-de-bykski-rbw-b-sf500ld-rbw-500mm\/","title":{"rendered":"Bande Lumineuse Flexible 5V de Bykski (RBW) B-SF500LD-RBW &#8211; 500MM"},"content":{"rendered":"<p>La Bande Lumineuse Flexible 5V de Bykski est une bande lumineuse LED utilis\u00e9e pour \u00e9clairer les zones de votre bo\u00eetier. Ceux-ci sont aliment\u00e9s par la ligne 5v.  Lorsqu\u2019il est utilis\u00e9 en conjonction avec un contr\u00f4leur, la couleur et le mode de la LED peuvent \u00eatre contr\u00f4l\u00e9s.<\/p>\n<p>Fonctionnalit\u00e9s<br \/>\nSyst\u00e8me Bykski Aura<br \/>\nSp\u00e9cifications<br \/>\nMod\u00e8le :B-SF500LD-RBW<br \/>\nMarque :Bykski<br \/>\nTension : 5V uniquement<br \/>\nCompatibilit\u00e9<br \/>\nType de LED : 5v Adressable RGB (RBW)<br \/>\nPi\u00e8ces incluses<br \/>\n1x bande lumineuse A-RGB 5v<br \/>\nAvertissements<br \/>\nNous ne sommes pas responsables des dommages caus\u00e9s par ou lors de l\u2019utilisation de ce produit. Veuillez utiliser \u00e0 vos risques et p\u00e9rils.<\/p>\n","protected":false},"excerpt":{"rendered":"<p>La Bande Lumineuse Flexible 5V de Bykski est une bande lumineuse LED utilis\u00e9e pour \u00e9clairer les zones de votre bo\u00eetier. Ceux-ci sont aliment\u00e9s par la ligne 5v. Lorsqu\u2019il est utilis\u00e9 en conjonction avec un contr\u00f4leur, la couleur et le mode de la LED peuvent \u00eatre contr\u00f4l\u00e9s. Fonctionnalit\u00e9s Syst\u00e8me Bykski Aura Sp\u00e9cifications Mod\u00e8le :B-SF500LD-RBW Marque :Bykski [&hellip;]<\/p>\n","protected":false},"featured_media":6967,"template":"","meta":{"_genesis_hide_title":false,"_genesis_hide_breadcrumbs":false,"_genesis_hide_singular_image":false,"_genesis_hide_footer_widgets":false,"_genesis_custom_body_class":"","_genesis_custom_post_class":"","_genesis_layout":""},"product_brand":[],"product_cat":[26,25],"product_tag":[],"class_list":{"0":"post-6966","1":"product","2":"type-product","3":"status-publish","4":"has-post-thumbnail","6":"product_cat-5-volt","7":"product_cat-led-controleurs","8":"entry","10":"first","11":"instock","12":"taxable","13":"shipping-taxable","14":"purchasable","15":"product-type-simple"},"_links":{"self":[{"href":"https:\/\/proliquidpc.com\/fr\/wp-json\/wp\/v2\/product\/6966","targetHints":{"allow":["GET"]}}],"collection":[{"href":"https:\/\/proliquidpc.com\/fr\/wp-json\/wp\/v2\/product"}],"about":[{"href":"https:\/\/proliquidpc.com\/fr\/wp-json\/wp\/v2\/types\/product"}],"wp:featuredmedia":[{"embeddable":true,"href":"https:\/\/proliquidpc.com\/fr\/wp-json\/wp\/v2\/media\/6967"}],"wp:attachment":[{"href":"https:\/\/proliquidpc.com\/fr\/wp-json\/wp\/v2\/media?parent=6966"}],"wp:term":[{"taxonomy":"product_brand","embeddable":true,"href":"https:\/\/proliquidpc.com\/fr\/wp-json\/wp\/v2\/product_brand?post=6966"},{"taxonomy":"product_cat","embeddable":true,"href":"https:\/\/proliquidpc.com\/fr\/wp-json\/wp\/v2\/product_cat?post=6966"},{"taxonomy":"product_tag","embeddable":true,"href":"https:\/\/proliquidpc.com\/fr\/wp-json\/wp\/v2\/product_tag?post=6966"}],"curies":[{"name":"wp","href":"https:\/\/api.w.org\/{rel}","templated":true}]}}