{"id":6972,"date":"2024-10-30T16:42:43","date_gmt":"2024-10-30T20:42:43","guid":{"rendered":"https:\/\/dev.proliquidpc.com\/boutique\/non%20class\u00e9\/ruban-de-led-bykski-pour-gpu-sflt-33020-rbw\/"},"modified":"2025-01-19T16:31:44","modified_gmt":"2025-01-19T21:31:44","slug":"ruban-de-led-bykski-pour-gpu-sflt-33020-rbw","status":"publish","type":"product","link":"https:\/\/proliquidpc.com\/fr\/boutique\/led-controleurs\/5-volt\/ruban-de-led-bykski-pour-gpu-sflt-33020-rbw\/","title":{"rendered":"Ruban de LED Bykski pour GPU SFLT-330*20 RBW"},"content":{"rendered":"<p>La bande LED Bykski Flexible 5v Addressable RGB (RBW) est une bande lumineuse LED utilis\u00e9e dans certains blocs d\u2019eau et autres composants. Ceux-ci sont aliment\u00e9s par des contr\u00f4leurs 5v ou peuvent \u00eatre contr\u00f4l\u00e9s directement \u00e0 partir d\u2019en-t\u00eates 5v sur certaines cartes m\u00e8res si vous le souhaitez. Avec un adaptateur B-ADPC-RBW, il peut \u00eatre contr\u00f4l\u00e9 directement depuis la carte m\u00e8re.<\/p>\n<p>Fonctionnalit\u00e9s<br \/>\nSyst\u00e8me Bykski Aura<\/p>\n<p>Sp\u00e9cifications<br \/>\nMod\u00e8le : B-SFLT-RBW<br \/>\nMarque : Bykski<br \/>\nTension : 5V uniquement<\/p>\n<p>Compatibilit\u00e9<br \/>\nType de LED : 5v A-RGB<\/p>\n<p>Pi\u00e8ces incluses<br \/>\n1x Bande LED RVB (RBW) adressable 5V<\/p>\n<p>Avertissements<br \/>\nAssurez-vous de ne le brancher que sur un contr\u00f4leur ou un en-t\u00eate 5v compatible. Le brancher sur la mauvaise tension peut entra\u00eener un comportement inattendu ou des dommages irr\u00e9parables \u00e0 la bande. Nous ne sommes pas responsables des dommages caus\u00e9s par ou lors de l\u2019utilisation de ce produit.<\/p>\n","protected":false},"excerpt":{"rendered":"<p>La bande LED Bykski Flexible 5v Addressable RGB (RBW) est une bande lumineuse LED utilis\u00e9e dans certains blocs d\u2019eau et autres composants. Ceux-ci sont aliment\u00e9s par des contr\u00f4leurs 5v ou peuvent \u00eatre contr\u00f4l\u00e9s directement \u00e0 partir d\u2019en-t\u00eates 5v sur certaines cartes m\u00e8res si vous le souhaitez. Avec un adaptateur B-ADPC-RBW, il peut \u00eatre contr\u00f4l\u00e9 directement [&hellip;]<\/p>\n","protected":false},"featured_media":6973,"template":"","meta":{"_genesis_hide_title":false,"_genesis_hide_breadcrumbs":false,"_genesis_hide_singular_image":false,"_genesis_hide_footer_widgets":false,"_genesis_custom_body_class":"","_genesis_custom_post_class":"","_genesis_layout":""},"product_brand":[],"product_cat":[26,25],"product_tag":[],"class_list":{"0":"post-6972","1":"product","2":"type-product","3":"status-publish","4":"has-post-thumbnail","6":"product_cat-5-volt","7":"product_cat-led-controleurs","8":"entry","10":"first","11":"instock","12":"taxable","13":"shipping-taxable","14":"purchasable","15":"product-type-simple"},"_links":{"self":[{"href":"https:\/\/proliquidpc.com\/fr\/wp-json\/wp\/v2\/product\/6972","targetHints":{"allow":["GET"]}}],"collection":[{"href":"https:\/\/proliquidpc.com\/fr\/wp-json\/wp\/v2\/product"}],"about":[{"href":"https:\/\/proliquidpc.com\/fr\/wp-json\/wp\/v2\/types\/product"}],"wp:featuredmedia":[{"embeddable":true,"href":"https:\/\/proliquidpc.com\/fr\/wp-json\/wp\/v2\/media\/6973"}],"wp:attachment":[{"href":"https:\/\/proliquidpc.com\/fr\/wp-json\/wp\/v2\/media?parent=6972"}],"wp:term":[{"taxonomy":"product_brand","embeddable":true,"href":"https:\/\/proliquidpc.com\/fr\/wp-json\/wp\/v2\/product_brand?post=6972"},{"taxonomy":"product_cat","embeddable":true,"href":"https:\/\/proliquidpc.com\/fr\/wp-json\/wp\/v2\/product_cat?post=6972"},{"taxonomy":"product_tag","embeddable":true,"href":"https:\/\/proliquidpc.com\/fr\/wp-json\/wp\/v2\/product_tag?post=6972"}],"curies":[{"name":"wp","href":"https:\/\/api.w.org\/{rel}","templated":true}]}}