{"id":6981,"date":"2024-10-30T16:42:43","date_gmt":"2024-10-30T20:42:43","guid":{"rendered":"https:\/\/dev.proliquidpc.com\/boutique\/non%20class\u00e9\/outil-a-cle-allen-a-installation-rapide-bykski-8mm-hex-b-sn-d8\/"},"modified":"2025-01-19T16:31:46","modified_gmt":"2025-01-19T21:31:46","slug":"outil-a-cle-allen-a-installation-rapide-bykski-8mm-hex-b-sn-d8","status":"publish","type":"product","link":"https:\/\/proliquidpc.com\/fr\/boutique\/outils\/outil-a-cle-allen-a-installation-rapide-bykski-8mm-hex-b-sn-d8\/","title":{"rendered":"Outil \u00e0 cl\u00e9 Allen \u00e0 installation rapide Bykski &#8211; 8mm Hex &#8211; B-SN-D8"},"content":{"rendered":"<p>Fatigu\u00e9 de trancher vos doigts sur les fils et de coincer vos doigts dans des espaces restreints ? Cette cl\u00e9 Allen de 8 mm est parfaite pour snober doucement les fittings dans des endroits difficiles d\u2019acc\u00e8s ou desserrer les fittings difficiles.<\/p>\n<p>Caract\u00e9ristiques techniques<br \/>\nCouleur : Argent<br \/>\nPi\u00e8ces incluses<br \/>\n1x 8mm Steel Allen Key<\/p>\n","protected":false},"excerpt":{"rendered":"<p>Fatigu\u00e9 de trancher vos doigts sur les fils et de coincer vos doigts dans des espaces restreints ? Cette cl\u00e9 Allen de 8 mm est parfaite pour snober doucement les fittings dans des endroits difficiles d\u2019acc\u00e8s ou desserrer les fittings difficiles. Caract\u00e9ristiques techniques Couleur : Argent Pi\u00e8ces incluses 1x 8mm Steel Allen Key<\/p>\n","protected":false},"featured_media":6982,"template":"","meta":{"_genesis_hide_title":false,"_genesis_hide_breadcrumbs":false,"_genesis_hide_singular_image":false,"_genesis_hide_footer_widgets":false,"_genesis_custom_body_class":"","_genesis_custom_post_class":"","_genesis_layout":""},"product_brand":[],"product_cat":[44],"product_tag":[],"class_list":{"0":"post-6981","1":"product","2":"type-product","3":"status-publish","4":"has-post-thumbnail","6":"product_cat-outils","7":"entry","9":"first","10":"instock","11":"taxable","12":"shipping-taxable","13":"purchasable","14":"product-type-simple"},"_links":{"self":[{"href":"https:\/\/proliquidpc.com\/fr\/wp-json\/wp\/v2\/product\/6981","targetHints":{"allow":["GET"]}}],"collection":[{"href":"https:\/\/proliquidpc.com\/fr\/wp-json\/wp\/v2\/product"}],"about":[{"href":"https:\/\/proliquidpc.com\/fr\/wp-json\/wp\/v2\/types\/product"}],"wp:featuredmedia":[{"embeddable":true,"href":"https:\/\/proliquidpc.com\/fr\/wp-json\/wp\/v2\/media\/6982"}],"wp:attachment":[{"href":"https:\/\/proliquidpc.com\/fr\/wp-json\/wp\/v2\/media?parent=6981"}],"wp:term":[{"taxonomy":"product_brand","embeddable":true,"href":"https:\/\/proliquidpc.com\/fr\/wp-json\/wp\/v2\/product_brand?post=6981"},{"taxonomy":"product_cat","embeddable":true,"href":"https:\/\/proliquidpc.com\/fr\/wp-json\/wp\/v2\/product_cat?post=6981"},{"taxonomy":"product_tag","embeddable":true,"href":"https:\/\/proliquidpc.com\/fr\/wp-json\/wp\/v2\/product_tag?post=6981"}],"curies":[{"name":"wp","href":"https:\/\/api.w.org\/{rel}","templated":true}]}}