{"id":6986,"date":"2024-10-30T16:42:43","date_gmt":"2024-10-30T20:42:43","guid":{"rendered":"https:\/\/dev.proliquidpc.com\/boutique\/non%20class\u00e9\/support-de-montage-diy-pour-radiateur-bykski-240mm-b-st-2fn\/"},"modified":"2025-01-19T16:31:49","modified_gmt":"2025-01-19T21:31:49","slug":"support-de-montage-diy-pour-radiateur-bykski-240mm-b-st-2fn","status":"publish","type":"product","link":"https:\/\/proliquidpc.com\/fr\/boutique\/supports\/support-de-montage-diy-pour-radiateur-bykski-240mm-b-st-2fn\/","title":{"rendered":"Support de montage DIY pour radiateur Bykski &#8211; 240mm &#8211; B-ST-2FN"},"content":{"rendered":"<p>Le support de montage de bricolage du radiateur &#8211; 240 mm vous permet de monter votre double radiateur de 120 mm o\u00f9 vous le souhaitez.  En acier, ce support robuste a des trous de montage fendues pouvant accueillir une large s\u00e9lection de radiateurs.<\/p>\n<p>Caract\u00e9ristiques<br \/>\nPeut \u00eatre utilis\u00e9 pour le montage externe<br \/>\nTrous de montage \u00e0 fentes<br \/>\nCaract\u00e9ristiques techniques<br \/>\nMod\u00e8le : B-ST-2FN<br \/>\nMarque : Bykski<br \/>\nCouleur : Noir<br \/>\nCompatibilit\u00e9<br \/>\nRadiateurs doubles de 120 mm<br \/>\nPi\u00e8ces incluses<br \/>\nSupport de montage de radiateur 1x &#8211; 240mm<\/p>\n","protected":false},"excerpt":{"rendered":"<p>Le support de montage de bricolage du radiateur &#8211; 240 mm vous permet de monter votre double radiateur de 120 mm o\u00f9 vous le souhaitez. En acier, ce support robuste a des trous de montage fendues pouvant accueillir une large s\u00e9lection de radiateurs. Caract\u00e9ristiques Peut \u00eatre utilis\u00e9 pour le montage externe Trous de montage \u00e0 [&hellip;]<\/p>\n","protected":false},"featured_media":6987,"template":"","meta":{"_genesis_hide_title":false,"_genesis_hide_breadcrumbs":false,"_genesis_hide_singular_image":false,"_genesis_hide_footer_widgets":false,"_genesis_custom_body_class":"","_genesis_custom_post_class":"","_genesis_layout":""},"product_brand":[],"product_cat":[53],"product_tag":[],"class_list":{"0":"post-6986","1":"product","2":"type-product","3":"status-publish","4":"has-post-thumbnail","6":"product_cat-supports","7":"entry","9":"first","10":"instock","11":"taxable","12":"shipping-taxable","13":"purchasable","14":"product-type-simple"},"_links":{"self":[{"href":"https:\/\/proliquidpc.com\/fr\/wp-json\/wp\/v2\/product\/6986","targetHints":{"allow":["GET"]}}],"collection":[{"href":"https:\/\/proliquidpc.com\/fr\/wp-json\/wp\/v2\/product"}],"about":[{"href":"https:\/\/proliquidpc.com\/fr\/wp-json\/wp\/v2\/types\/product"}],"wp:featuredmedia":[{"embeddable":true,"href":"https:\/\/proliquidpc.com\/fr\/wp-json\/wp\/v2\/media\/6987"}],"wp:attachment":[{"href":"https:\/\/proliquidpc.com\/fr\/wp-json\/wp\/v2\/media?parent=6986"}],"wp:term":[{"taxonomy":"product_brand","embeddable":true,"href":"https:\/\/proliquidpc.com\/fr\/wp-json\/wp\/v2\/product_brand?post=6986"},{"taxonomy":"product_cat","embeddable":true,"href":"https:\/\/proliquidpc.com\/fr\/wp-json\/wp\/v2\/product_cat?post=6986"},{"taxonomy":"product_tag","embeddable":true,"href":"https:\/\/proliquidpc.com\/fr\/wp-json\/wp\/v2\/product_tag?post=6986"}],"curies":[{"name":"wp","href":"https:\/\/api.w.org\/{rel}","templated":true}]}}