{"id":6996,"date":"2024-10-30T16:42:43","date_gmt":"2024-10-30T20:42:43","guid":{"rendered":"https:\/\/dev.proliquidpc.com\/boutique\/non%20class\u00e9\/bykski-5v-water-block-bande-lumineuse-led-rgb-rbw-adressable-200mm-b-vclr-rgb-200x12\/"},"modified":"2025-01-19T16:31:54","modified_gmt":"2025-01-19T21:31:54","slug":"bykski-5v-water-block-bande-lumineuse-led-rgb-rbw-adressable-200mm-b-vclr-rgb-200x12","status":"publish","type":"product","link":"https:\/\/proliquidpc.com\/fr\/boutique\/led-controleurs\/5-volt\/bykski-5v-water-block-bande-lumineuse-led-rgb-rbw-adressable-200mm-b-vclr-rgb-200x12\/","title":{"rendered":"Bykski 5v Water Block Bande lumineuse LED RGB (RBW) adressable &#8211; 200mm &#8211; B-VCLR-RGB 200&#215;12"},"content":{"rendered":"<p>La bande lumineuse Bykski 5v Water Block LED RBW est une bande lumineuse LED utilis\u00e9e dans leurs blocs d\u2019eau. Ceux-ci sont aliment\u00e9s par la ligne 5v.  Lorsqu\u2019il est utilis\u00e9 en conjonction avec un contr\u00f4leur ou un adaptateur B-ADPC-RBW, la couleur et le mode des LED peuvent \u00eatre contr\u00f4l\u00e9s.<\/p>\n<p>Fonctionnalit\u00e9s<br \/>\nSyst\u00e8me Bykski Aura<br \/>\nSp\u00e9cifications<br \/>\nMod\u00e8le : B-VCLT-200X12RBW<br \/>\nMarque : Bykski<br \/>\nTension : 5V uniquement<br \/>\nType de connecteur : JST-PH<br \/>\nCompatibilit\u00e9<br \/>\nType de LED : 5V RBW<\/p>\n","protected":false},"excerpt":{"rendered":"<p>La bande lumineuse Bykski 5v Water Block LED RBW est une bande lumineuse LED utilis\u00e9e dans leurs blocs d\u2019eau. Ceux-ci sont aliment\u00e9s par la ligne 5v. Lorsqu\u2019il est utilis\u00e9 en conjonction avec un contr\u00f4leur ou un adaptateur B-ADPC-RBW, la couleur et le mode des LED peuvent \u00eatre contr\u00f4l\u00e9s. Fonctionnalit\u00e9s Syst\u00e8me Bykski Aura Sp\u00e9cifications Mod\u00e8le : [&hellip;]<\/p>\n","protected":false},"featured_media":6997,"template":"","meta":{"_genesis_hide_title":false,"_genesis_hide_breadcrumbs":false,"_genesis_hide_singular_image":false,"_genesis_hide_footer_widgets":false,"_genesis_custom_body_class":"","_genesis_custom_post_class":"","_genesis_layout":""},"product_brand":[],"product_cat":[26,25],"product_tag":[],"class_list":{"0":"post-6996","1":"product","2":"type-product","3":"status-publish","4":"has-post-thumbnail","6":"product_cat-5-volt","7":"product_cat-led-controleurs","8":"entry","10":"first","11":"instock","12":"taxable","13":"shipping-taxable","14":"purchasable","15":"product-type-simple"},"_links":{"self":[{"href":"https:\/\/proliquidpc.com\/fr\/wp-json\/wp\/v2\/product\/6996","targetHints":{"allow":["GET"]}}],"collection":[{"href":"https:\/\/proliquidpc.com\/fr\/wp-json\/wp\/v2\/product"}],"about":[{"href":"https:\/\/proliquidpc.com\/fr\/wp-json\/wp\/v2\/types\/product"}],"wp:featuredmedia":[{"embeddable":true,"href":"https:\/\/proliquidpc.com\/fr\/wp-json\/wp\/v2\/media\/6997"}],"wp:attachment":[{"href":"https:\/\/proliquidpc.com\/fr\/wp-json\/wp\/v2\/media?parent=6996"}],"wp:term":[{"taxonomy":"product_brand","embeddable":true,"href":"https:\/\/proliquidpc.com\/fr\/wp-json\/wp\/v2\/product_brand?post=6996"},{"taxonomy":"product_cat","embeddable":true,"href":"https:\/\/proliquidpc.com\/fr\/wp-json\/wp\/v2\/product_cat?post=6996"},{"taxonomy":"product_tag","embeddable":true,"href":"https:\/\/proliquidpc.com\/fr\/wp-json\/wp\/v2\/product_tag?post=6996"}],"curies":[{"name":"wp","href":"https:\/\/api.w.org\/{rel}","templated":true}]}}