{"id":7001,"date":"2024-10-30T16:42:43","date_gmt":"2024-10-30T20:42:43","guid":{"rendered":"https:\/\/dev.proliquidpc.com\/boutique\/non%20class\u00e9\/led-de-remplacement-12v-pour-bloc-gpu-bykski-b-vclt-rbg-200mm\/"},"modified":"2025-03-11T20:11:49","modified_gmt":"2025-03-12T00:11:49","slug":"led-de-remplacement-12v-pour-bloc-gpu-bykski-b-vclt-rbg-200mm","status":"publish","type":"product","link":"https:\/\/proliquidpc.com\/fr\/boutique\/led-controleurs\/12-volt\/led-de-remplacement-12v-pour-bloc-gpu-bykski-b-vclt-rbg-200mm\/","title":{"rendered":"LED de remplacement 12V pour bloc GPU Bykski &#8211; B-VCLT-RBG 200mm"},"content":{"rendered":"<p>La bande lumineuse Bykski 12v Water Block LED RGB est une bande lumineuse LED utilis\u00e9e dans leurs blocs d\u2019eau. Ceux-ci sont aliment\u00e9s par une ligne 12v. Lorsqu\u2019elle est utilis\u00e9e avec un c\u00e2ble adaptateur (B-ADPC-RGB \/ B-CNTR-95X4L selon la carte), la bande peut \u00eatre connect\u00e9e directement \u00e0 la carte m\u00e8re. Lorsqu\u2019il est utilis\u00e9 en conjonction avec un contr\u00f4leur de la s\u00e9rie B-RBW-C8-V4, la couleur et le mode des LED peuvent \u00eatre contr\u00f4l\u00e9s avec la t\u00e9l\u00e9commande et synchronis\u00e9s avec d\u2019autres bandes Bykski 12V RGB.<\/p>\n<p>Fonctionnalit\u00e9s<br \/>\nSyst\u00e8me Bykski Aura<br \/>\nSp\u00e9cifications<br \/>\nMod\u00e8le : B-VCLT-RGB<br \/>\nMarque : Bykski<br \/>\nTension : 12V uniquement<br \/>\nCompatibilit\u00e9<br \/>\nType de LED : 12V RGB<br \/>\nPi\u00e8ces incluses<br \/>\n1x bande lumineuse RVB<br \/>\n2x vis de montage<br \/>\nPi\u00e8ces requises pour l\u2019utilisation (vendues s\u00e9par\u00e9ment)<br \/>\nAu moins un contr\u00f4leur de la s\u00e9rie B-RBW-C8, un c\u00e2ble adaptateur B-ADPC-RGB ou un c\u00e2ble adaptateur B-CNTR-95X4L.<br \/>\nAvertissements<br \/>\nNous ne sommes pas responsables des dommages caus\u00e9s par ou lors de l\u2019utilisation de ce produit.<\/p>\n","protected":false},"excerpt":{"rendered":"<p>La bande lumineuse Bykski 12v Water Block LED RGB est une bande lumineuse LED utilis\u00e9e dans leurs blocs d\u2019eau. Ceux-ci sont aliment\u00e9s par une ligne 12v. Lorsqu\u2019elle est utilis\u00e9e avec un c\u00e2ble adaptateur (B-ADPC-RGB \/ B-CNTR-95X4L selon la carte), la bande peut \u00eatre connect\u00e9e directement \u00e0 la carte m\u00e8re. Lorsqu\u2019il est utilis\u00e9 en conjonction avec [&hellip;]<\/p>\n","protected":false},"featured_media":7002,"template":"","meta":{"_genesis_hide_title":false,"_genesis_hide_breadcrumbs":false,"_genesis_hide_singular_image":false,"_genesis_hide_footer_widgets":false,"_genesis_custom_body_class":"","_genesis_custom_post_class":"","_genesis_layout":""},"product_brand":[],"product_cat":[49,25],"product_tag":[],"class_list":{"0":"post-7001","1":"product","2":"type-product","3":"status-publish","4":"has-post-thumbnail","6":"product_cat-12-volt","7":"product_cat-led-controleurs","8":"entry","10":"first","11":"instock","12":"taxable","13":"shipping-taxable","14":"purchasable","15":"product-type-simple"},"_links":{"self":[{"href":"https:\/\/proliquidpc.com\/fr\/wp-json\/wp\/v2\/product\/7001","targetHints":{"allow":["GET"]}}],"collection":[{"href":"https:\/\/proliquidpc.com\/fr\/wp-json\/wp\/v2\/product"}],"about":[{"href":"https:\/\/proliquidpc.com\/fr\/wp-json\/wp\/v2\/types\/product"}],"wp:featuredmedia":[{"embeddable":true,"href":"https:\/\/proliquidpc.com\/fr\/wp-json\/wp\/v2\/media\/7002"}],"wp:attachment":[{"href":"https:\/\/proliquidpc.com\/fr\/wp-json\/wp\/v2\/media?parent=7001"}],"wp:term":[{"taxonomy":"product_brand","embeddable":true,"href":"https:\/\/proliquidpc.com\/fr\/wp-json\/wp\/v2\/product_brand?post=7001"},{"taxonomy":"product_cat","embeddable":true,"href":"https:\/\/proliquidpc.com\/fr\/wp-json\/wp\/v2\/product_cat?post=7001"},{"taxonomy":"product_tag","embeddable":true,"href":"https:\/\/proliquidpc.com\/fr\/wp-json\/wp\/v2\/product_tag?post=7001"}],"curies":[{"name":"wp","href":"https:\/\/api.w.org\/{rel}","templated":true}]}}