{"id":7030,"date":"2024-10-30T16:43:55","date_gmt":"2024-10-30T20:43:55","guid":{"rendered":"https:\/\/dev.proliquidpc.com\/boutique\/non%20class\u00e9\/module-daffichage-numerique-bykski-gpu-block-b-vga-sc-x-transparent\/"},"modified":"2025-03-02T22:52:27","modified_gmt":"2025-03-03T03:52:27","slug":"module-daffichage-numerique-bykski-gpu-block-b-vga-sc-x-transparent","status":"publish","type":"product","link":"https:\/\/proliquidpc.com\/fr\/boutique\/gpu-waterblock\/gpu-nvidia\/serie-2000\/module-daffichage-numerique-bykski-gpu-block-b-vga-sc-x-transparent\/","title":{"rendered":"Module d&rsquo;affichage num\u00e9rique Bykski GPU Block \u2013 B-VGA-SC-X \u2013 POM"},"content":{"rendered":"<p>Le module d\u2019affichage num\u00e9rique Bykski GPU Block peut \u00eatre utilis\u00e9 pour remplacer le bloc de connexion de fitting d\u2019origine. Le module de mise \u00e0 niveau est un bloc de connexion \u00e9l\u00e9gant et plus esth\u00e9tique tout en ajoutant des relev\u00e9s de temp\u00e9rature en temps r\u00e9el. L\u2019\u00e9cran LCD couleur lat\u00e9ral est inspir\u00e9 d\u2019un tableau de bord et affiche la temp\u00e9rature actuelle en degr\u00e9s Celsius.<\/p>\n<p>Fonctionnalit\u00e9s<br \/>\nAffichage de la temp\u00e9rature en temps r\u00e9el<br \/>\nCon\u00e7u pour s\u2019adapter aux fittings filet\u00e9s standard G1\/4&Prime;<br \/>\nSp\u00e9cifications<br \/>\nMod\u00e8le :B-VGA-SC-X<br \/>\nMarque :Bykski<br \/>\nMat\u00e9riau : POM ou PMMA (acrylique)<br \/>\nCompatibilit\u00e9<br \/>\nBlocs GPU Bykski<br \/>\nNON compatible avec les blocs TC\/Water Blocks avec plaques arri\u00e8re actives int\u00e9gr\u00e9es<br \/>\nPi\u00e8ces incluses<br \/>\n1x module d\u2019affichage num\u00e9rique Bykski GPU Block<br \/>\nAvertissements<\/p>\n<p>Nous ne sommes pas responsables des dommages caus\u00e9s par ou lors de l\u2019utilisation de ce produit. Veuillez utiliser \u00e0 vos risques et p\u00e9rils.<\/p>\n","protected":false},"excerpt":{"rendered":"<p>Le module d\u2019affichage num\u00e9rique Bykski GPU Block peut \u00eatre utilis\u00e9 pour remplacer le bloc de connexion de fitting d\u2019origine. Le module de mise \u00e0 niveau est un bloc de connexion \u00e9l\u00e9gant et plus esth\u00e9tique tout en ajoutant des relev\u00e9s de temp\u00e9rature en temps r\u00e9el. L\u2019\u00e9cran LCD couleur lat\u00e9ral est inspir\u00e9 d\u2019un tableau de bord et [&hellip;]<\/p>\n","protected":false},"featured_media":10647,"template":"","meta":{"_genesis_hide_title":false,"_genesis_hide_breadcrumbs":false,"_genesis_hide_singular_image":false,"_genesis_hide_footer_widgets":false,"_genesis_custom_body_class":"","_genesis_custom_post_class":"","_genesis_layout":""},"product_brand":[],"product_cat":[59,39,65,57,40,60],"product_tag":[],"class_list":{"0":"post-7030","1":"product","2":"type-product","3":"status-publish","4":"has-post-thumbnail","6":"product_cat-amd-gpu-waterblock-gpu-waterblocks","7":"product_cat-gpu-nvidia","8":"product_cat-serie-2000","9":"product_cat-serie-3000","10":"product_cat-serie-4000","11":"product_cat-serie-5000","12":"entry","14":"first","15":"instock","16":"taxable","17":"shipping-taxable","18":"purchasable","19":"product-type-simple"},"_links":{"self":[{"href":"https:\/\/proliquidpc.com\/fr\/wp-json\/wp\/v2\/product\/7030","targetHints":{"allow":["GET"]}}],"collection":[{"href":"https:\/\/proliquidpc.com\/fr\/wp-json\/wp\/v2\/product"}],"about":[{"href":"https:\/\/proliquidpc.com\/fr\/wp-json\/wp\/v2\/types\/product"}],"wp:featuredmedia":[{"embeddable":true,"href":"https:\/\/proliquidpc.com\/fr\/wp-json\/wp\/v2\/media\/10647"}],"wp:attachment":[{"href":"https:\/\/proliquidpc.com\/fr\/wp-json\/wp\/v2\/media?parent=7030"}],"wp:term":[{"taxonomy":"product_brand","embeddable":true,"href":"https:\/\/proliquidpc.com\/fr\/wp-json\/wp\/v2\/product_brand?post=7030"},{"taxonomy":"product_cat","embeddable":true,"href":"https:\/\/proliquidpc.com\/fr\/wp-json\/wp\/v2\/product_cat?post=7030"},{"taxonomy":"product_tag","embeddable":true,"href":"https:\/\/proliquidpc.com\/fr\/wp-json\/wp\/v2\/product_tag?post=7030"}],"curies":[{"name":"wp","href":"https:\/\/api.w.org\/{rel}","templated":true}]}}