{"id":7033,"date":"2024-10-30T16:43:55","date_gmt":"2024-10-30T20:43:55","guid":{"rendered":"https:\/\/dev.proliquidpc.com\/boutique\/non%20class\u00e9\/tube-transparent-bykski-tube-3-8-x-1-2-10-13mm-b-wp-13-10\/"},"modified":"2025-03-17T19:36:10","modified_gmt":"2025-03-17T23:36:10","slug":"tube-transparent-bykski-tube-3-8-x-1-2-10-13mm-b-wp-13-10","status":"publish","type":"product","link":"https:\/\/proliquidpc.com\/fr\/boutique\/tubing\/soft-tubing-pvc\/tube-transparent-bykski-tube-3-8-x-1-2-10-13mm-b-wp-13-10\/","title":{"rendered":"Tube transparent Bykski Tube 3\/8&Prime; x 1\/2&Prime; (10\/13mm) &#8211; B-WP-13-10"},"content":{"rendered":"<p>Tube souple en PVC Bykski B-WP, tuyau souple 13&#215;10 pour syst\u00e8me de refroidissement par eau<\/p>\n<p>Le tubing se vend au pied lin\u00e9aire<\/p>\n<p>*Remarque : Un rin\u00e7age de nettoyage est conseill\u00e9 pour \u00e9liminer tout contaminant possible avant utilisation*<\/p>\n","protected":false},"excerpt":{"rendered":"<p>Tube souple en PVC Bykski B-WP, tuyau souple 13&#215;10 pour syst\u00e8me de refroidissement par eau Le tubing se vend au pied lin\u00e9aire *Remarque : Un rin\u00e7age de nettoyage est conseill\u00e9 pour \u00e9liminer tout contaminant possible avant utilisation*<\/p>\n","protected":false},"featured_media":11154,"template":"","meta":{"_genesis_hide_title":false,"_genesis_hide_breadcrumbs":false,"_genesis_hide_singular_image":false,"_genesis_hide_footer_widgets":false,"_genesis_custom_body_class":"","_genesis_custom_post_class":"","_genesis_layout":""},"product_brand":[],"product_cat":[77,27],"product_tag":[],"class_list":{"0":"post-7033","1":"product","2":"type-product","3":"status-publish","4":"has-post-thumbnail","6":"product_cat-soft-tubing-pvc","7":"product_cat-tubing","8":"entry","10":"first","11":"instock","12":"taxable","13":"shipping-taxable","14":"purchasable","15":"product-type-simple"},"_links":{"self":[{"href":"https:\/\/proliquidpc.com\/fr\/wp-json\/wp\/v2\/product\/7033","targetHints":{"allow":["GET"]}}],"collection":[{"href":"https:\/\/proliquidpc.com\/fr\/wp-json\/wp\/v2\/product"}],"about":[{"href":"https:\/\/proliquidpc.com\/fr\/wp-json\/wp\/v2\/types\/product"}],"wp:featuredmedia":[{"embeddable":true,"href":"https:\/\/proliquidpc.com\/fr\/wp-json\/wp\/v2\/media\/11154"}],"wp:attachment":[{"href":"https:\/\/proliquidpc.com\/fr\/wp-json\/wp\/v2\/media?parent=7033"}],"wp:term":[{"taxonomy":"product_brand","embeddable":true,"href":"https:\/\/proliquidpc.com\/fr\/wp-json\/wp\/v2\/product_brand?post=7033"},{"taxonomy":"product_cat","embeddable":true,"href":"https:\/\/proliquidpc.com\/fr\/wp-json\/wp\/v2\/product_cat?post=7033"},{"taxonomy":"product_tag","embeddable":true,"href":"https:\/\/proliquidpc.com\/fr\/wp-json\/wp\/v2\/product_tag?post=7033"}],"curies":[{"name":"wp","href":"https:\/\/api.w.org\/{rel}","templated":true}]}}