{"id":7035,"date":"2024-10-30T16:43:55","date_gmt":"2024-10-30T20:43:55","guid":{"rendered":"https:\/\/dev.proliquidpc.com\/boutique\/non%20class\u00e9\/bykski-blue-tubing-1-2-x-3-4-13-19mm-tubing-b-wp-19-13\/"},"modified":"2026-02-10T05:38:41","modified_gmt":"2026-02-10T10:38:41","slug":"bykski-blue-tubing-1-2-x-3-4-13-19mm-tubing-b-wp-19-13","status":"publish","type":"product","link":"https:\/\/proliquidpc.com\/fr\/boutique\/tubing\/soft-tubing-pvc\/bykski-blue-tubing-1-2-x-3-4-13-19mm-tubing-b-wp-19-13\/","title":{"rendered":"Bykski Blue Tubing 1\/2&Prime; x 3\/4&Prime; (13\/19mm) Tubing &#8211; B-WP-19-13"},"content":{"rendered":"<p>Bykski B-WP PVC Soft Tube, 19\u00d713 Tuyau souple pour syst\u00e8me de refroidissement par eau<\/p>\n<p>Le tubing se vend au pied<\/p>\n<p>*Remarque : Un rin\u00e7age de nettoyage est conseill\u00e9 pour \u00e9liminer tout contaminant possible avant utilisation*<\/p>\n","protected":false},"excerpt":{"rendered":"<p>Bykski B-WP PVC Soft Tube, 19\u00d713 Tuyau souple pour syst\u00e8me de refroidissement par eau Le tubing se vend au pied *Remarque : Un rin\u00e7age de nettoyage est conseill\u00e9 pour \u00e9liminer tout contaminant possible avant utilisation*<\/p>\n","protected":false},"featured_media":5429,"template":"","meta":{"_genesis_hide_title":false,"_genesis_hide_breadcrumbs":false,"_genesis_hide_singular_image":false,"_genesis_hide_footer_widgets":false,"_genesis_custom_body_class":"","_genesis_custom_post_class":"","_genesis_layout":""},"product_brand":[],"product_cat":[77,27],"product_tag":[],"class_list":{"0":"post-7035","1":"product","2":"type-product","3":"status-publish","4":"has-post-thumbnail","6":"product_cat-soft-tubing-pvc","7":"product_cat-tubing","8":"entry","10":"first","11":"outofstock","12":"taxable","13":"shipping-taxable","14":"purchasable","15":"product-type-simple"},"_links":{"self":[{"href":"https:\/\/proliquidpc.com\/fr\/wp-json\/wp\/v2\/product\/7035","targetHints":{"allow":["GET"]}}],"collection":[{"href":"https:\/\/proliquidpc.com\/fr\/wp-json\/wp\/v2\/product"}],"about":[{"href":"https:\/\/proliquidpc.com\/fr\/wp-json\/wp\/v2\/types\/product"}],"wp:featuredmedia":[{"embeddable":true,"href":"https:\/\/proliquidpc.com\/fr\/wp-json\/wp\/v2\/media\/5429"}],"wp:attachment":[{"href":"https:\/\/proliquidpc.com\/fr\/wp-json\/wp\/v2\/media?parent=7035"}],"wp:term":[{"taxonomy":"product_brand","embeddable":true,"href":"https:\/\/proliquidpc.com\/fr\/wp-json\/wp\/v2\/product_brand?post=7035"},{"taxonomy":"product_cat","embeddable":true,"href":"https:\/\/proliquidpc.com\/fr\/wp-json\/wp\/v2\/product_cat?post=7035"},{"taxonomy":"product_tag","embeddable":true,"href":"https:\/\/proliquidpc.com\/fr\/wp-json\/wp\/v2\/product_tag?post=7035"}],"curies":[{"name":"wp","href":"https:\/\/api.w.org\/{rel}","templated":true}]}}