{"id":7057,"date":"2024-10-30T16:43:55","date_gmt":"2024-10-30T20:43:55","guid":{"rendered":"https:\/\/dev.proliquidpc.com\/boutique\/non%20class\u00e9\/fan-a-roulement-hydraulique-barrow-aurora-rgb-bf03-pr-rgb\/"},"modified":"2025-03-20T23:12:25","modified_gmt":"2025-03-21T03:12:25","slug":"fan-a-roulement-hydraulique-barrow-aurora-rgb-bf03-pr-rgb","status":"publish","type":"product","link":"https:\/\/proliquidpc.com\/fr\/boutique\/fans\/fan-a-roulement-hydraulique-barrow-aurora-rgb-bf03-pr-rgb\/","title":{"rendered":"Fan \u00e0 roulement hydraulique Barrow Aurora RGB  &#8211; BF03-PR RGB"},"content":{"rendered":"<p>Ces fans \u00e0 roulement hydraulique Barrow Aurora RGB Ring PWM sont con\u00e7ues pour fonctionner avec le logiciel Digital RGB, ce qui vous donne la possibilit\u00e9 de les synchroniser avec le reste des composants Digital RGB de votre syst\u00e8me.<\/p>\n","protected":false},"excerpt":{"rendered":"<p>Ces fans \u00e0 roulement hydraulique Barrow Aurora RGB Ring PWM sont con\u00e7ues pour fonctionner avec le logiciel Digital RGB, ce qui vous donne la possibilit\u00e9 de les synchroniser avec le reste des composants Digital RGB de votre syst\u00e8me.<\/p>\n","protected":false},"featured_media":7058,"template":"","meta":{"_genesis_hide_title":false,"_genesis_hide_breadcrumbs":false,"_genesis_hide_singular_image":false,"_genesis_hide_footer_widgets":false,"_genesis_custom_body_class":"","_genesis_custom_post_class":"","_genesis_layout":""},"product_brand":[233],"product_cat":[79],"product_tag":[],"class_list":{"0":"post-7057","1":"product","2":"type-product","3":"status-publish","4":"has-post-thumbnail","6":"product_brand-barrow","7":"product_cat-fans","8":"entry","10":"first","11":"instock","12":"taxable","13":"shipping-taxable","14":"purchasable","15":"product-type-simple"},"_links":{"self":[{"href":"https:\/\/proliquidpc.com\/fr\/wp-json\/wp\/v2\/product\/7057","targetHints":{"allow":["GET"]}}],"collection":[{"href":"https:\/\/proliquidpc.com\/fr\/wp-json\/wp\/v2\/product"}],"about":[{"href":"https:\/\/proliquidpc.com\/fr\/wp-json\/wp\/v2\/types\/product"}],"wp:featuredmedia":[{"embeddable":true,"href":"https:\/\/proliquidpc.com\/fr\/wp-json\/wp\/v2\/media\/7058"}],"wp:attachment":[{"href":"https:\/\/proliquidpc.com\/fr\/wp-json\/wp\/v2\/media?parent=7057"}],"wp:term":[{"taxonomy":"product_brand","embeddable":true,"href":"https:\/\/proliquidpc.com\/fr\/wp-json\/wp\/v2\/product_brand?post=7057"},{"taxonomy":"product_cat","embeddable":true,"href":"https:\/\/proliquidpc.com\/fr\/wp-json\/wp\/v2\/product_cat?post=7057"},{"taxonomy":"product_tag","embeddable":true,"href":"https:\/\/proliquidpc.com\/fr\/wp-json\/wp\/v2\/product_tag?post=7057"}],"curies":[{"name":"wp","href":"https:\/\/api.w.org\/{rel}","templated":true}]}}