{"id":7097,"date":"2024-10-30T16:43:55","date_gmt":"2024-10-30T20:43:55","guid":{"rendered":"https:\/\/dev.proliquidpc.com\/boutique\/non%20class\u00e9\/barrow-lrc2-0-full-coverage-gpu-water-block-pour-asus-tuf-3070-aurora-bs-ast3070-pa2\/"},"modified":"2025-03-09T21:50:04","modified_gmt":"2025-03-10T01:50:04","slug":"barrow-lrc2-0-full-coverage-gpu-water-block-pour-asus-tuf-3070-aurora-bs-ast3070-pa2","status":"publish","type":"product","link":"https:\/\/proliquidpc.com\/fr\/boutique\/gpu-waterblock\/gpu-nvidia\/serie-3000\/barrow-lrc2-0-full-coverage-gpu-water-block-pour-asus-tuf-3070-aurora-bs-ast3070-pa2\/","title":{"rendered":"Barrow LRC2.0 full coverage GPU Water Block pour ASUS TUF 3070 Aurora BS-AST3070-PA2"},"content":{"rendered":"<p>01 Position de refroidissement du bloc d\u2019eau \u00e0 couverture compl\u00e8te<br \/>\nEmplacement de refroidissement : c\u0153ur du GPU, m\u00e9moire RAM, puce d\u2019alimentation MOS, inductance et capacit\u00e9 au tantale, autres composants \u00e0 haut rendement thermique.<\/p>\n<p>02 Le principe du rayonnement du bloc d\u2019eau<br \/>\nLa backplate en cuivre la plus pure couvre enti\u00e8rement les composants \u00e0 haut niveau de chauffage tels que le noyau GPU, la m\u00e9moire RAM, la puce d\u2019alimentation NOS, les condensateurs au tatale, etc. Gr\u00e2ce \u00e0 l\u2019\u00e9coulement de liquide, la chaleur qui est conduite vers le waterblock pour atteindre l\u2019objectif de refroidissement, ce qui garantit que les joueurs peuvent avoir une bonne exp\u00e9rience de jeu et que le PC reste stable avec des performances d\u2019overclocking stables.<\/p>\n<p>03 Mod\u00e8le de GPU compatible avec le waterblock<br \/>\n\u2022 ASUS TUF RTX3070 08G GAMING<br \/>\n\u2022 ASUS TUF RTX3070 08G V2 GAMING<br \/>\n\u2022 JEUX ASUS TUF RTX3070 8G<\/p>\n<p>04 Panneau acrylique haute transparence original import\u00e9<br \/>\nLes mati\u00e8res premi\u00e8res acryliques import\u00e9es r\u00e9sistantes aux hautes temp\u00e9ratures et \u00e0 haute transparence ont une transparence plus \u00e9lev\u00e9e, une dur\u00e9e de vie plus longue, aucun changement de couleur, aucune fissuration et une multitude d\u2019effets d\u2019\u00e9clairage internes brillants.<\/p>\n<p>05 Microcanal \u00e0 jet haute densit\u00e9<br \/>\nLa grande zone de passage de l\u2019eau comporte jusqu\u2019\u00e0 43 canaux microcr\u00e9o, chacun avec des fentes de d\u00e9gagement du fond et 5+3 canaux asym\u00e9triques (largeur de rainure de 0,5 mm + intervalle de 0,3 mm). La surface de contact entre le liquide de refroidissement et la plaque de base est augment\u00e9e et l\u2019efficacit\u00e9 de dissipation thermique du bloc d\u2019eau est am\u00e9lior\u00e9e.<\/p>\n<p>06 Monture plaqu\u00e9e cuivre-nickel<br \/>\nEn tant que mat\u00e9riau principal de la semelle, le cuivre avec une conductivit\u00e9 thermique inf\u00e9rieure \u00e0 celle de l\u2019argent, a une absorption de chaleur \u00e9lev\u00e9e et une efficacit\u00e9 de transfert de chaleur. La surface adopte le processus de nickelage miroir, ce qui peut emp\u00eacher efficacement l\u2019oxydation de la semelle et augmenter la dur\u00e9e de vie.<\/p>\n<p>07 Apparence de la t\u00eate de pont brevet\u00e9e<br \/>\nUn design d\u2019apparence unique, ainsi qu\u2019un logo translucide rendent l\u2019effet d\u2019\u00e9clairage plus magnifique.<\/p>\n<p>08 Spectacle d\u2019effets de lumi\u00e8re<br \/>\nLes courroies de lampe et les perles de recouvrement de la version 2.0 peuvent produire des effets d\u2019\u00e9clairage statiques et dynamiques asynchrones, c\u2019est-\u00e0-dire que chaque perle de lampe peut changer de couleur ind\u00e9pendamment au cours de la m\u00eame p\u00e9riode. Les composants d\u2019\u00e9clairage RGB amovibles int\u00e9gr\u00e9s peuvent remplacer les composants d\u2019\u00e9clairage en fonction des besoins r\u00e9els.<\/p>\n<p>09 Syst\u00e8me de contr\u00f4le 2.0<br \/>\nLe syst\u00e8me de contr\u00f4le de l\u2019\u00e9clairage RVB en couleur LRC 2.0 comprend le contr\u00f4leur manuel de la version 2.0 de BARROW et la t\u00e9l\u00e9commande \u00e0 16 canaux. Il peut \u00eatre compatible avec les composants d\u2019\u00e9clairage RGB et d\u2019autres produits ind\u00e9pendants, ainsi qu\u2019avec les composants d\u2019\u00e9clairage int\u00e9gr\u00e9s de toutes les versions 2.0 de BARROW.<\/p>\n","protected":false},"excerpt":{"rendered":"<p>01 Position de refroidissement du bloc d\u2019eau \u00e0 couverture compl\u00e8te Emplacement de refroidissement : c\u0153ur du GPU, m\u00e9moire RAM, puce d\u2019alimentation MOS, inductance et capacit\u00e9 au tantale, autres composants \u00e0 haut rendement thermique. 02 Le principe du rayonnement du bloc d\u2019eau La backplate en cuivre la plus pure couvre enti\u00e8rement les composants \u00e0 haut niveau [&hellip;]<\/p>\n","protected":false},"featured_media":7098,"template":"","meta":{"_genesis_hide_title":false,"_genesis_hide_breadcrumbs":false,"_genesis_hide_singular_image":false,"_genesis_hide_footer_widgets":false,"_genesis_custom_body_class":"","_genesis_custom_post_class":"","_genesis_layout":""},"product_brand":[233],"product_cat":[39,57,38],"product_tag":[],"class_list":{"0":"post-7097","1":"product","2":"type-product","3":"status-publish","4":"has-post-thumbnail","6":"product_brand-barrow","7":"product_cat-gpu-nvidia","8":"product_cat-serie-3000","9":"product_cat-gpu-waterblock","10":"entry","12":"first","13":"instock","14":"taxable","15":"shipping-taxable","16":"purchasable","17":"product-type-simple"},"_links":{"self":[{"href":"https:\/\/proliquidpc.com\/fr\/wp-json\/wp\/v2\/product\/7097","targetHints":{"allow":["GET"]}}],"collection":[{"href":"https:\/\/proliquidpc.com\/fr\/wp-json\/wp\/v2\/product"}],"about":[{"href":"https:\/\/proliquidpc.com\/fr\/wp-json\/wp\/v2\/types\/product"}],"wp:featuredmedia":[{"embeddable":true,"href":"https:\/\/proliquidpc.com\/fr\/wp-json\/wp\/v2\/media\/7098"}],"wp:attachment":[{"href":"https:\/\/proliquidpc.com\/fr\/wp-json\/wp\/v2\/media?parent=7097"}],"wp:term":[{"taxonomy":"product_brand","embeddable":true,"href":"https:\/\/proliquidpc.com\/fr\/wp-json\/wp\/v2\/product_brand?post=7097"},{"taxonomy":"product_cat","embeddable":true,"href":"https:\/\/proliquidpc.com\/fr\/wp-json\/wp\/v2\/product_cat?post=7097"},{"taxonomy":"product_tag","embeddable":true,"href":"https:\/\/proliquidpc.com\/fr\/wp-json\/wp\/v2\/product_tag?post=7097"}],"curies":[{"name":"wp","href":"https:\/\/api.w.org\/{rel}","templated":true}]}}