{"id":7110,"date":"2024-10-30T16:43:55","date_gmt":"2024-10-30T20:43:55","guid":{"rendered":"https:\/\/dev.proliquidpc.com\/boutique\/non%20class\u00e9\/couvercle-de-fan-en-aluminium-bykski-120mm-argent\/"},"modified":"2025-03-20T23:12:16","modified_gmt":"2025-03-21T03:12:16","slug":"couvercle-de-fan-en-aluminium-bykski-120mm-argent","status":"publish","type":"product","link":"https:\/\/proliquidpc.com\/fr\/boutique\/fans\/couvercle-de-fan-en-aluminium-bykski-120mm-argent\/","title":{"rendered":"Couvercle de Fan en aluminium Bykski 120mm &#8211; Argent"},"content":{"rendered":"<p>Il s\u2019agit d\u2019un couvercle de ventilateur en aluminium utilis\u00e9 pour habiller les fans. Convient aux ventilateurs standard de 120 mm.<br \/>\nSp\u00e9cifications<br \/>\nDimensions : 120 mm x 120 mm x 6,6 mm<br \/>\nMat\u00e9riau : Aluminium<br \/>\nPoids : 0,075 kg<br \/>\nCompatibilit\u00e9<br \/>\nVentilateur : 120 mm<br \/>\nVis : la longueur de 30 mm permet de monter le couvercle \u00e0 travers le ventilateur jusqu\u2019au rad (le montage \u00e0 travers le panneau du bo\u00eetier peut n\u00e9cessiter des vis plus longues)<\/p>\n<p>Pi\u00e8ces incluses<br \/>\n1x couvercle de ventilateur en aluminium de 120 mm<\/p>\n<p>Avertissements<\/p>\n","protected":false},"excerpt":{"rendered":"<p>Il s\u2019agit d\u2019un couvercle de ventilateur en aluminium utilis\u00e9 pour habiller les fans. Convient aux ventilateurs standard de 120 mm. Sp\u00e9cifications Dimensions : 120 mm x 120 mm x 6,6 mm Mat\u00e9riau : Aluminium Poids : 0,075 kg Compatibilit\u00e9 Ventilateur : 120 mm Vis : la longueur de 30 mm permet de monter le couvercle [&hellip;]<\/p>\n","protected":false},"featured_media":10846,"template":"","meta":{"_genesis_hide_title":false,"_genesis_hide_breadcrumbs":false,"_genesis_hide_singular_image":false,"_genesis_hide_footer_widgets":false,"_genesis_custom_body_class":"","_genesis_custom_post_class":"","_genesis_layout":""},"product_brand":[],"product_cat":[79],"product_tag":[],"class_list":{"0":"post-7110","1":"product","2":"type-product","3":"status-publish","4":"has-post-thumbnail","6":"product_cat-fans","7":"entry","9":"first","10":"instock","11":"taxable","12":"shipping-taxable","13":"purchasable","14":"product-type-simple"},"_links":{"self":[{"href":"https:\/\/proliquidpc.com\/fr\/wp-json\/wp\/v2\/product\/7110","targetHints":{"allow":["GET"]}}],"collection":[{"href":"https:\/\/proliquidpc.com\/fr\/wp-json\/wp\/v2\/product"}],"about":[{"href":"https:\/\/proliquidpc.com\/fr\/wp-json\/wp\/v2\/types\/product"}],"wp:featuredmedia":[{"embeddable":true,"href":"https:\/\/proliquidpc.com\/fr\/wp-json\/wp\/v2\/media\/10846"}],"wp:attachment":[{"href":"https:\/\/proliquidpc.com\/fr\/wp-json\/wp\/v2\/media?parent=7110"}],"wp:term":[{"taxonomy":"product_brand","embeddable":true,"href":"https:\/\/proliquidpc.com\/fr\/wp-json\/wp\/v2\/product_brand?post=7110"},{"taxonomy":"product_cat","embeddable":true,"href":"https:\/\/proliquidpc.com\/fr\/wp-json\/wp\/v2\/product_cat?post=7110"},{"taxonomy":"product_tag","embeddable":true,"href":"https:\/\/proliquidpc.com\/fr\/wp-json\/wp\/v2\/product_tag?post=7110"}],"curies":[{"name":"wp","href":"https:\/\/api.w.org\/{rel}","templated":true}]}}