{"id":7111,"date":"2024-10-30T16:43:55","date_gmt":"2024-10-30T20:43:55","guid":{"rendered":"https:\/\/dev.proliquidpc.com\/boutique\/non%20class\u00e9\/bloc-gpu-watercooling-bykski-n-rtx3090h-tc\/"},"modified":"2025-03-12T04:41:03","modified_gmt":"2025-03-12T08:41:03","slug":"bloc-gpu-watercooling-bykski-n-rtx3090h-tc","status":"publish","type":"product","link":"https:\/\/proliquidpc.com\/fr\/boutique\/gpu-waterblock\/gpu-nvidia\/serie-3000\/bloc-gpu-watercooling-bykski-n-rtx3090h-tc\/","title":{"rendered":"Bloc GPU Watercooling Bykski N-RTX3090H-TC"},"content":{"rendered":"<p>Le bloc est construit en cuivre de haute puret\u00e9 qui est galvanis\u00e9 pour \u00e9viter l\u2019oxydation. Une conception \u00e0 haut d\u00e9bit est utilis\u00e9e pour permettre \u00e0 plusieurs blocs de fonctionner en s\u00e9rie. Les ports sup\u00e9rieur et inf\u00e9rieur peuvent \u00eatre utilis\u00e9s pour configurer des conceptions parall\u00e8les ou en s\u00e9rie dans des configurations \u00e0 plusieurs blocs.<\/p>\n<p>Bloc d\u2019eau pour GPU par Bykski. Comprend des tampons thermiques, de la graisse et des vis n\u00e9cessaires \u00e0 l\u2019installation<br \/>\nLes cartes graphiques compatibles \u2192 les cartes RTX 3080, 3090 conformes aux r\u00e9f\u00e9rences et aux r\u00e9f\u00e9rences peuvent ne pas \u00eatre install\u00e9es en raison de diff\u00e9rences dans les sp\u00e9cifications du fabricant. De plus, il n\u2019est pas compatible avec Founders Edition<\/p>\n<p>&nbsp;<\/p>\n<p>Compatible avec la LED RGB adressable 5v<\/p>\n","protected":false},"excerpt":{"rendered":"<p>Le bloc est construit en cuivre de haute puret\u00e9 qui est galvanis\u00e9 pour \u00e9viter l\u2019oxydation. Une conception \u00e0 haut d\u00e9bit est utilis\u00e9e pour permettre \u00e0 plusieurs blocs de fonctionner en s\u00e9rie. Les ports sup\u00e9rieur et inf\u00e9rieur peuvent \u00eatre utilis\u00e9s pour configurer des conceptions parall\u00e8les ou en s\u00e9rie dans des configurations \u00e0 plusieurs blocs. Bloc d\u2019eau [&hellip;]<\/p>\n","protected":false},"featured_media":11098,"template":"","meta":{"_genesis_hide_title":false,"_genesis_hide_breadcrumbs":false,"_genesis_hide_singular_image":false,"_genesis_hide_footer_widgets":false,"_genesis_custom_body_class":"","_genesis_custom_post_class":"","_genesis_layout":""},"product_brand":[],"product_cat":[39,57,38],"product_tag":[],"class_list":{"0":"post-7111","1":"product","2":"type-product","3":"status-publish","4":"has-post-thumbnail","6":"product_cat-gpu-nvidia","7":"product_cat-serie-3000","8":"product_cat-gpu-waterblock","9":"entry","11":"first","12":"instock","13":"taxable","14":"shipping-taxable","15":"purchasable","16":"product-type-simple"},"_links":{"self":[{"href":"https:\/\/proliquidpc.com\/fr\/wp-json\/wp\/v2\/product\/7111","targetHints":{"allow":["GET"]}}],"collection":[{"href":"https:\/\/proliquidpc.com\/fr\/wp-json\/wp\/v2\/product"}],"about":[{"href":"https:\/\/proliquidpc.com\/fr\/wp-json\/wp\/v2\/types\/product"}],"wp:featuredmedia":[{"embeddable":true,"href":"https:\/\/proliquidpc.com\/fr\/wp-json\/wp\/v2\/media\/11098"}],"wp:attachment":[{"href":"https:\/\/proliquidpc.com\/fr\/wp-json\/wp\/v2\/media?parent=7111"}],"wp:term":[{"taxonomy":"product_brand","embeddable":true,"href":"https:\/\/proliquidpc.com\/fr\/wp-json\/wp\/v2\/product_brand?post=7111"},{"taxonomy":"product_cat","embeddable":true,"href":"https:\/\/proliquidpc.com\/fr\/wp-json\/wp\/v2\/product_cat?post=7111"},{"taxonomy":"product_tag","embeddable":true,"href":"https:\/\/proliquidpc.com\/fr\/wp-json\/wp\/v2\/product_tag?post=7111"}],"curies":[{"name":"wp","href":"https:\/\/api.w.org\/{rel}","templated":true}]}}