{"id":7123,"date":"2024-10-30T16:43:55","date_gmt":"2024-10-30T20:43:55","guid":{"rendered":"https:\/\/dev.proliquidpc.com\/boutique\/non%20class\u00e9\/gpu-waterblock-et-backplate-a-couverture-complete-bykski-pour-gigabyte-rtx-3070ti-gaming-oc-8g-n-gv3070tigmoc-x\/"},"modified":"2025-03-12T05:10:03","modified_gmt":"2025-03-12T09:10:03","slug":"gpu-waterblock-et-backplate-a-couverture-complete-bykski-pour-gigabyte-rtx-3070ti-gaming-oc-8g-n-gv3070tigmoc-x","status":"publish","type":"product","link":"https:\/\/proliquidpc.com\/fr\/boutique\/gpu-waterblock\/gpu-nvidia\/serie-3000\/gpu-waterblock-et-backplate-a-couverture-complete-bykski-pour-gigabyte-rtx-3070ti-gaming-oc-8g-n-gv3070tigmoc-x\/","title":{"rendered":"Bykski Gigabyte RTX 3070Ti Gaming OC 8G GPU Waterblock et backplate  \u00e0 couverture compl\u00e8te  &#8211; N-GV3070TIGMOC-X"},"content":{"rendered":"<p>Ce bloc de couverture compl\u00e8te refroidit directement le c\u0153ur de la carte vid\u00e9o (GPU), la m\u00e9moire graphique (RAM) et les modules de r\u00e9gulation de tension (VRM). En refroidissant directement ces composants, vous pouvez atteindre d\u2019excellentes temp\u00e9ratures ainsi que la possibilit\u00e9 d\u2019atteindre des overclocks plus \u00e9lev\u00e9s ou de prolonger la dur\u00e9e de vie globale de votre carte en fonctionnant \u00e0 des temp\u00e9ratures inf\u00e9rieures \u00e0 celles de l\u2019usine.<\/p>\n<p>Le bloc est construit en cuivre de haute puret\u00e9 qui est galvanis\u00e9 pour \u00e9viter l\u2019oxydation. Une conception \u00e0 haut d\u00e9bit est utilis\u00e9e pour permettre \u00e0 plusieurs blocs de fonctionner en s\u00e9rie. Les ports sup\u00e9rieur et inf\u00e9rieur peuvent \u00eatre utilis\u00e9s pour configurer des conceptions parall\u00e8les ou en s\u00e9rie dans des configurations \u00e0 plusieurs blocs.<\/p>\n<p>Sp\u00e9cifications<br \/>\nMat\u00e9riau du bloc : Cuivre \u00e9lectrolytique de haute puret\u00e9 \/ Acrylique transparent<br \/>\nMat\u00e9riau de la backplate : Aluminium anodis\u00e9 noir (non en contact avec le liquide de refroidissement)<br \/>\nCompatibilit\u00e9<br \/>\n(Y compris, mais sans s\u2019y limiter, les mod\u00e8les suivants)<br \/>\nGigabyte GeForce RTX 3070Ti Gaming OC 8G<br \/>\nGigabyte GeForce RTX 3070Ti Eagle OC 8G<br \/>\nVeuillez v\u00e9rifier l\u2019ensemble de l\u2019image du PCB apr\u00e8s avoir affin\u00e9 votre s\u00e9lection pour assurer la compatibilit\u00e9. Si vous avez des questions, veuillez contacter l\u2019assistance pour confirmation.<br \/>\nCompatibilit\u00e9 bas\u00e9e uniquement sur ces conceptions de circuits imprim\u00e9s<br \/>\nAccastillage : G1\/4&Prime; po. Fil<br \/>\nPi\u00e8ces incluses<br \/>\n1x bloc d\u2019eau GPU \u00e0 couverture compl\u00e8te<br \/>\n1x backplate<br \/>\n2x fitting d\u2019arr\u00eat<br \/>\n1x mat\u00e9riel de montage<br \/>\nGraisse thermique<br \/>\n1x Lumi\u00e8re A-RGB (RBW) 5v<br \/>\n(Avertissement : le RVB adressable (RBW) est de 5 V et est UNIQUEMENT compatible avec les composants RVB adressables (RBW). RGB est 12V et est UNIQUEMENT compatible avec les composants RGB. Le m\u00e9lange et l\u2019assortiment ne fonctionneront PAS et causeront des dommages.<br \/>\nAvertissements<br \/>\nIl s\u2019agit d\u2019un article de r\u00e9paration ou de remplacement uniquement. Les retours ne sont pas accept\u00e9s pour des probl\u00e8mes de compatibilit\u00e9 ou si l\u2019eau ou le liquide du bloc a \u00e9t\u00e9 travers\u00e9.<\/p>\n<p>Le fabricant se r\u00e9serve le droit de modifier la conception du bloc pour \u00e9tendre la compatibilit\u00e9. L\u2019article livr\u00e9 peut ne pas correspondre \u00e0 100% \u00e0 l\u2019article illustr\u00e9. Le produit n\u2019est PAS livr\u00e9 avec des instructions en anglais ni en fran\u00e7ais. Veuillez consulter les images de la galerie de produits pour le guide d\u2019installation si disponible. En r\u00e8gle g\u00e9n\u00e9rale, les pads thermiques doivent \u00eatre install\u00e9s sur la carte o\u00f9 le bloc a des points de contact en relief correspondants, \u00e0 l\u2019exception du c\u0153ur du GPU, qui utilise de la p\u00e2te thermique. L\u2019installation de tampons sur d\u2019autres composants peut entra\u00eener un contact inappropri\u00e9 et de mauvaises performances.<\/p>\n","protected":false},"excerpt":{"rendered":"<p>Ce bloc de couverture compl\u00e8te refroidit directement le c\u0153ur de la carte vid\u00e9o (GPU), la m\u00e9moire graphique (RAM) et les modules de r\u00e9gulation de tension (VRM). En refroidissant directement ces composants, vous pouvez atteindre d\u2019excellentes temp\u00e9ratures ainsi que la possibilit\u00e9 d\u2019atteindre des overclocks plus \u00e9lev\u00e9s ou de prolonger la dur\u00e9e de vie globale de votre [&hellip;]<\/p>\n","protected":false},"featured_media":7124,"template":"","meta":{"_genesis_hide_title":false,"_genesis_hide_breadcrumbs":false,"_genesis_hide_singular_image":false,"_genesis_hide_footer_widgets":false,"_genesis_custom_body_class":"","_genesis_custom_post_class":"","_genesis_layout":""},"product_brand":[],"product_cat":[39,57,38],"product_tag":[],"class_list":{"0":"post-7123","1":"product","2":"type-product","3":"status-publish","4":"has-post-thumbnail","6":"product_cat-gpu-nvidia","7":"product_cat-serie-3000","8":"product_cat-gpu-waterblock","9":"entry","11":"first","12":"instock","13":"taxable","14":"shipping-taxable","15":"purchasable","16":"product-type-simple"},"_links":{"self":[{"href":"https:\/\/proliquidpc.com\/fr\/wp-json\/wp\/v2\/product\/7123","targetHints":{"allow":["GET"]}}],"collection":[{"href":"https:\/\/proliquidpc.com\/fr\/wp-json\/wp\/v2\/product"}],"about":[{"href":"https:\/\/proliquidpc.com\/fr\/wp-json\/wp\/v2\/types\/product"}],"wp:featuredmedia":[{"embeddable":true,"href":"https:\/\/proliquidpc.com\/fr\/wp-json\/wp\/v2\/media\/7124"}],"wp:attachment":[{"href":"https:\/\/proliquidpc.com\/fr\/wp-json\/wp\/v2\/media?parent=7123"}],"wp:term":[{"taxonomy":"product_brand","embeddable":true,"href":"https:\/\/proliquidpc.com\/fr\/wp-json\/wp\/v2\/product_brand?post=7123"},{"taxonomy":"product_cat","embeddable":true,"href":"https:\/\/proliquidpc.com\/fr\/wp-json\/wp\/v2\/product_cat?post=7123"},{"taxonomy":"product_tag","embeddable":true,"href":"https:\/\/proliquidpc.com\/fr\/wp-json\/wp\/v2\/product_tag?post=7123"}],"curies":[{"name":"wp","href":"https:\/\/api.w.org\/{rel}","templated":true}]}}