{"id":7193,"date":"2024-10-30T16:45:29","date_gmt":"2024-10-30T20:45:29","guid":{"rendered":"https:\/\/dev.proliquidpc.com\/boutique\/non%20class\u00e9\/fitting-bykski-rigid-14mm-od-90-b-htj-db90-v2-argent\/"},"modified":"2025-03-10T03:09:17","modified_gmt":"2025-03-10T07:09:17","slug":"fitting-bykski-rigid-14mm-od-90-b-htj-db90-v2-argent","status":"publish","type":"product","link":"https:\/\/proliquidpc.com\/fr\/boutique\/fittings\/hard-fittings-14mm\/fitting-bykski-rigid-14mm-od-90-b-htj-db90-v2-argent\/","title":{"rendered":"Fitting Bykski Rigid 14mm OD 90\u00b0 &#8211; B-HTJ-DB90-V2 &#8211; Argent"},"content":{"rendered":"<p>Bienvenue au prochain niveau de personnalisation du refroidissement PC avec le fitting \u00e0 90 degr\u00e9s pour tube rigide Bykski 14 mm OD. Con\u00e7u pour les passionn\u00e9s \u00e0 la recherche d\u2019une esth\u00e9tique et d\u2019une fonctionnalit\u00e9 irr\u00e9prochables, ce fitting offre une connexion s\u00fbre et \u00e9tanche au tube rigide de votre syst\u00e8me de refroidissement par eau.<\/p>\n<p>Fonctionnalit\u00e9s<br \/>\nConstruction robuste en laiton pour plus de long\u00e9vit\u00e9 et de durabilit\u00e9<br \/>\nNickelage de haute qualit\u00e9 pour une r\u00e9sistance \u00e0 la corrosion<br \/>\nAngle de 90 degr\u00e9s usin\u00e9 par des experts pour les virages et les coins serr\u00e9s<br \/>\nConception facile \u00e0 serrer \u00e0 la main pour un ajustement s\u00fbr sans outils<br \/>\nCon\u00e7u avec pr\u00e9cision pour un joint \u00e9tanche et un d\u00e9bit optimal<\/p>\n<p>Sp\u00e9cifications<br \/>\nMat\u00e9riau : Laiton avec placage nickel<br \/>\nVariantes de couleurs : Plusieurs options au choix<br \/>\nTube compatible : tube rigide de 14 mm de diam\u00e8tre ext\u00e9rieur<br \/>\nAngle : 90 degr\u00e9s<\/p>\n<p>Pi\u00e8ces incluses<br \/>\n1 x tube rigide Bykski 14 mm OD fitting \u00e0 90 degr\u00e9s<\/p>\n<p>Ce produit est con\u00e7u pour l\u2019auto-installation. Le fabricant n\u2019est pas responsable des dommages r\u00e9sultant d\u2019une mauvaise utilisation, y compris, mais sans s\u2019y limiter, une mauvaise installation ou l\u2019utilisation de mat\u00e9riel ou de fluides incompatibles.<\/p>\n","protected":false},"excerpt":{"rendered":"<p>Bienvenue au prochain niveau de personnalisation du refroidissement PC avec le fitting \u00e0 90 degr\u00e9s pour tube rigide Bykski 14 mm OD. Con\u00e7u pour les passionn\u00e9s \u00e0 la recherche d\u2019une esth\u00e9tique et d\u2019une fonctionnalit\u00e9 irr\u00e9prochables, ce fitting offre une connexion s\u00fbre et \u00e9tanche au tube rigide de votre syst\u00e8me de refroidissement par eau. Fonctionnalit\u00e9s Construction [&hellip;]<\/p>\n","protected":false},"featured_media":7194,"template":"","meta":{"_genesis_hide_title":false,"_genesis_hide_breadcrumbs":false,"_genesis_hide_singular_image":false,"_genesis_hide_footer_widgets":false,"_genesis_custom_body_class":"","_genesis_custom_post_class":"","_genesis_layout":""},"product_brand":[],"product_cat":[29,34],"product_tag":[],"class_list":{"0":"post-7193","1":"product","2":"type-product","3":"status-publish","4":"has-post-thumbnail","6":"product_cat-fittings","7":"product_cat-hard-fittings-14mm","8":"entry","10":"first","11":"instock","12":"taxable","13":"shipping-taxable","14":"purchasable","15":"product-type-simple"},"_links":{"self":[{"href":"https:\/\/proliquidpc.com\/fr\/wp-json\/wp\/v2\/product\/7193","targetHints":{"allow":["GET"]}}],"collection":[{"href":"https:\/\/proliquidpc.com\/fr\/wp-json\/wp\/v2\/product"}],"about":[{"href":"https:\/\/proliquidpc.com\/fr\/wp-json\/wp\/v2\/types\/product"}],"wp:featuredmedia":[{"embeddable":true,"href":"https:\/\/proliquidpc.com\/fr\/wp-json\/wp\/v2\/media\/7194"}],"wp:attachment":[{"href":"https:\/\/proliquidpc.com\/fr\/wp-json\/wp\/v2\/media?parent=7193"}],"wp:term":[{"taxonomy":"product_brand","embeddable":true,"href":"https:\/\/proliquidpc.com\/fr\/wp-json\/wp\/v2\/product_brand?post=7193"},{"taxonomy":"product_cat","embeddable":true,"href":"https:\/\/proliquidpc.com\/fr\/wp-json\/wp\/v2\/product_cat?post=7193"},{"taxonomy":"product_tag","embeddable":true,"href":"https:\/\/proliquidpc.com\/fr\/wp-json\/wp\/v2\/product_tag?post=7193"}],"curies":[{"name":"wp","href":"https:\/\/api.w.org\/{rel}","templated":true}]}}