{"id":7206,"date":"2024-10-30T16:45:29","date_gmt":"2024-10-30T20:45:29","guid":{"rendered":"https:\/\/dev.proliquidpc.com\/boutique\/non%20class\u00e9\/bykski-male-a-femelle-fitting-coude-rotatif-45-b-rd45-x-argent\/"},"modified":"2025-03-10T02:45:13","modified_gmt":"2025-03-10T06:45:13","slug":"bykski-male-a-femelle-fitting-coude-rotatif-45-b-rd45-x-argent","status":"publish","type":"product","link":"https:\/\/proliquidpc.com\/fr\/boutique\/fittings\/45-90-190\/bykski-male-a-femelle-fitting-coude-rotatif-45-b-rd45-x-argent\/","title":{"rendered":"Bykski M\u00e2le \u00e0 Femelle Fitting Coud\u00e9 Rotatif 45\u00b0 &#8211; B-RD45-X &#8211; Argent"},"content":{"rendered":"<p>Le Bykski m\u00e2le \u00e0 femelle G1\/4&Prime;in. Le fitting coud\u00e9 rotatif \u00e0 45 degr\u00e9s est une solution facile lorsque vous essayez de changer rapidement de direction avec votre boucle. Cet adaptateur est id\u00e9al pour rediriger les tuyaux loin des composants \u00e0 des angles non conventionnels. La fonction rotative vous permet d\u2019orienter la connexion dans n\u2019importe quelle direction souhait\u00e9e \u00e0 45 degr\u00e9s de la monture.<\/p>\n<p>Sp\u00e9cifications<br \/>\nFiletage : G1\/4&Prime;<br \/>\nMat\u00e9riau : Laiton<br \/>\nCompatibilit\u00e9<br \/>\nBoucle : Non-aluminium<br \/>\nPi\u00e8ces incluses<br \/>\n1x Bykski G1\/4&Prime; po. fitting coud\u00e9 rotatif m\u00e2le \u00e0 femelle \u00e0 45 degr\u00e9s<\/p>\n","protected":false},"excerpt":{"rendered":"<p>Le Bykski m\u00e2le \u00e0 femelle G1\/4&Prime;in. Le fitting coud\u00e9 rotatif \u00e0 45 degr\u00e9s est une solution facile lorsque vous essayez de changer rapidement de direction avec votre boucle. Cet adaptateur est id\u00e9al pour rediriger les tuyaux loin des composants \u00e0 des angles non conventionnels. La fonction rotative vous permet d\u2019orienter la connexion dans n\u2019importe quelle [&hellip;]<\/p>\n","protected":false},"featured_media":7207,"template":"","meta":{"_genesis_hide_title":false,"_genesis_hide_breadcrumbs":false,"_genesis_hide_singular_image":false,"_genesis_hide_footer_widgets":false,"_genesis_custom_body_class":"","_genesis_custom_post_class":"","_genesis_layout":""},"product_brand":[],"product_cat":[45,29],"product_tag":[],"class_list":{"0":"post-7206","1":"product","2":"type-product","3":"status-publish","4":"has-post-thumbnail","6":"product_cat-45-90-190","7":"product_cat-fittings","8":"entry","10":"first","11":"instock","12":"taxable","13":"shipping-taxable","14":"purchasable","15":"product-type-simple"},"_links":{"self":[{"href":"https:\/\/proliquidpc.com\/fr\/wp-json\/wp\/v2\/product\/7206","targetHints":{"allow":["GET"]}}],"collection":[{"href":"https:\/\/proliquidpc.com\/fr\/wp-json\/wp\/v2\/product"}],"about":[{"href":"https:\/\/proliquidpc.com\/fr\/wp-json\/wp\/v2\/types\/product"}],"wp:featuredmedia":[{"embeddable":true,"href":"https:\/\/proliquidpc.com\/fr\/wp-json\/wp\/v2\/media\/7207"}],"wp:attachment":[{"href":"https:\/\/proliquidpc.com\/fr\/wp-json\/wp\/v2\/media?parent=7206"}],"wp:term":[{"taxonomy":"product_brand","embeddable":true,"href":"https:\/\/proliquidpc.com\/fr\/wp-json\/wp\/v2\/product_brand?post=7206"},{"taxonomy":"product_cat","embeddable":true,"href":"https:\/\/proliquidpc.com\/fr\/wp-json\/wp\/v2\/product_cat?post=7206"},{"taxonomy":"product_tag","embeddable":true,"href":"https:\/\/proliquidpc.com\/fr\/wp-json\/wp\/v2\/product_tag?post=7206"}],"curies":[{"name":"wp","href":"https:\/\/api.w.org\/{rel}","templated":true}]}}