{"id":7215,"date":"2024-10-30T16:45:29","date_gmt":"2024-10-30T20:45:29","guid":{"rendered":"https:\/\/dev.proliquidpc.com\/boutique\/non%20class\u00e9\/bykski-fitting-coude-rotatif-90-male-a-femelle-b-rd90-x-blanc\/"},"modified":"2025-01-19T16:33:39","modified_gmt":"2025-01-19T21:33:39","slug":"bykski-fitting-coude-rotatif-90-male-a-femelle-b-rd90-x-blanc","status":"publish","type":"product","link":"https:\/\/proliquidpc.com\/fr\/boutique\/fittings\/45-90-190\/bykski-fitting-coude-rotatif-90-male-a-femelle-b-rd90-x-blanc\/","title":{"rendered":"Bykski Fitting Coud\u00e9 Rotatif 90\u00b0 m\u00e2le \u00e0 femelle &#8211; B-RD90-X &#8211; Blanc"},"content":{"rendered":"<p>Le Bykski m\u00e2le \u00e0 femelle G1\/4&Prime;in. Le fitting coud\u00e9 rotatif \u00e0 90 degr\u00e9s est une solution facile lorsque vous essayez de changer de direction rapidement avec votre boucle. Cet adaptateur est id\u00e9al pour rediriger les tuyaux loin des composants \u00e0 des angles non conventionnels. La fonction rotative vous permet d\u2019orienter la connexion dans n\u2019importe quelle direction souhait\u00e9e \u00e0 90 degr\u00e9s de la monture.<\/p>\n<p>Sp\u00e9cifications<br \/>\nFiletage : G1\/4&Prime;<br \/>\nMat\u00e9riau : Laiton<br \/>\nCompatibilit\u00e9<br \/>\nBoucle : Non-aluminium<br \/>\nPi\u00e8ces incluses<br \/>\n1x Bykski G1\/4&Prime; po. fitting coud\u00e9 rotatif m\u00e2le \u00e0 femelle \u00e0 90 degr\u00e9s<\/p>\n","protected":false},"excerpt":{"rendered":"<p>Le Bykski m\u00e2le \u00e0 femelle G1\/4&Prime;in. Le fitting coud\u00e9 rotatif \u00e0 90 degr\u00e9s est une solution facile lorsque vous essayez de changer de direction rapidement avec votre boucle. Cet adaptateur est id\u00e9al pour rediriger les tuyaux loin des composants \u00e0 des angles non conventionnels. La fonction rotative vous permet d\u2019orienter la connexion dans n\u2019importe quelle [&hellip;]<\/p>\n","protected":false},"featured_media":7216,"template":"","meta":{"_genesis_hide_title":false,"_genesis_hide_breadcrumbs":false,"_genesis_hide_singular_image":false,"_genesis_hide_footer_widgets":false,"_genesis_custom_body_class":"","_genesis_custom_post_class":"","_genesis_layout":""},"product_brand":[],"product_cat":[45,29],"product_tag":[],"class_list":{"0":"post-7215","1":"product","2":"type-product","3":"status-publish","4":"has-post-thumbnail","6":"product_cat-45-90-190","7":"product_cat-fittings","8":"entry","10":"first","11":"instock","12":"taxable","13":"shipping-taxable","14":"purchasable","15":"product-type-simple"},"_links":{"self":[{"href":"https:\/\/proliquidpc.com\/fr\/wp-json\/wp\/v2\/product\/7215","targetHints":{"allow":["GET"]}}],"collection":[{"href":"https:\/\/proliquidpc.com\/fr\/wp-json\/wp\/v2\/product"}],"about":[{"href":"https:\/\/proliquidpc.com\/fr\/wp-json\/wp\/v2\/types\/product"}],"wp:featuredmedia":[{"embeddable":true,"href":"https:\/\/proliquidpc.com\/fr\/wp-json\/wp\/v2\/media\/7216"}],"wp:attachment":[{"href":"https:\/\/proliquidpc.com\/fr\/wp-json\/wp\/v2\/media?parent=7215"}],"wp:term":[{"taxonomy":"product_brand","embeddable":true,"href":"https:\/\/proliquidpc.com\/fr\/wp-json\/wp\/v2\/product_brand?post=7215"},{"taxonomy":"product_cat","embeddable":true,"href":"https:\/\/proliquidpc.com\/fr\/wp-json\/wp\/v2\/product_cat?post=7215"},{"taxonomy":"product_tag","embeddable":true,"href":"https:\/\/proliquidpc.com\/fr\/wp-json\/wp\/v2\/product_tag?post=7215"}],"curies":[{"name":"wp","href":"https:\/\/api.w.org\/{rel}","templated":true}]}}