{"id":7228,"date":"2024-10-30T16:45:29","date_gmt":"2024-10-30T20:45:29","guid":{"rendered":"https:\/\/dev.proliquidpc.com\/boutique\/non%20class\u00e9\/bykski-bouchon-dextremite-ultra-mince-cc-pd2-x-argent\/"},"modified":"2025-03-10T02:57:12","modified_gmt":"2025-03-10T06:57:12","slug":"bykski-bouchon-dextremite-ultra-mince-cc-pd2-x-argent","status":"publish","type":"product","link":"https:\/\/proliquidpc.com\/fr\/boutique\/fittings\/bouchon\/bykski-bouchon-dextremite-ultra-mince-cc-pd2-x-argent\/","title":{"rendered":"Bykski Bouchon d&rsquo;extr\u00e9mit\u00e9 ultra-mince &#8211; CC-PD2-X &#8211; Argent"},"content":{"rendered":"<p>Pr\u00e9sentation du fitting hexagonal molet\u00e9 \u00e0 profil bas Bykski G1\/4&Prime;, une solution compacte et fiable pour sceller vos boucles de refroidissement par eau personnalis\u00e9es. Con\u00e7u pour les passionn\u00e9s et les professionnels, ce fitting d\u2019arr\u00eat assure une \u00e9tanch\u00e9it\u00e9 \u00e9tanche gr\u00e2ce \u00e0 son savoir-faire artisanal de pr\u00e9cision et \u00e0 ses mat\u00e9riaux durables.<\/p>\n<p>Fonctionnalit\u00e9s:<br \/>\nConstruction en laiton durable pour des performances durables<br \/>\nConception \u00e0 profil bas pour s\u2019adapter aux espaces restreints<br \/>\nSurface molet\u00e9e pour un serrage facile \u00e0 la main<br \/>\nFiletage G1\/4&Prime; pour une compatibilit\u00e9 universelle avec les composants de refroidissement par eau<br \/>\nFinition de haute qualit\u00e9 pour un look \u00e9l\u00e9gant dans n\u2019importe quel syst\u00e8me<\/p>\n<p>Sp\u00e9cifications:<br \/>\nMat\u00e9riau : Laiton<br \/>\nFiletage : G1\/4&Prime;<br \/>\nVariantes de couleurs : Plusieurs options au choix<br \/>\nHauteur : 3 mm \u00ab Low profile \u00bb<br \/>\nType : fitting d\u2019arr\u00eat \/ prise<\/p>\n<p>Pi\u00e8ces incluses :<br \/>\n1 x fitting d\u2019arr\u00eat hexagonal molet\u00e9 \u00e0 profil bas Bykski G1\/4&Prime; (CC-PD2-X)<\/p>\n<p>Avertissement : Ce produit est con\u00e7u pour l\u2019auto-installation. Le fabricant n\u2019est pas responsable des dommages r\u00e9sultant d\u2019une mauvaise utilisation, y compris, mais sans s\u2019y limiter, une mauvaise installation ou l\u2019utilisation de mat\u00e9riel ou de fluides incompatibles.<\/p>\n","protected":false},"excerpt":{"rendered":"<p>Pr\u00e9sentation du fitting hexagonal molet\u00e9 \u00e0 profil bas Bykski G1\/4&Prime;, une solution compacte et fiable pour sceller vos boucles de refroidissement par eau personnalis\u00e9es. Con\u00e7u pour les passionn\u00e9s et les professionnels, ce fitting d\u2019arr\u00eat assure une \u00e9tanch\u00e9it\u00e9 \u00e9tanche gr\u00e2ce \u00e0 son savoir-faire artisanal de pr\u00e9cision et \u00e0 ses mat\u00e9riaux durables. Fonctionnalit\u00e9s: Construction en laiton durable [&hellip;]<\/p>\n","protected":false},"featured_media":7229,"template":"","meta":{"_genesis_hide_title":false,"_genesis_hide_breadcrumbs":false,"_genesis_hide_singular_image":false,"_genesis_hide_footer_widgets":false,"_genesis_custom_body_class":"","_genesis_custom_post_class":"","_genesis_layout":""},"product_brand":[],"product_cat":[35,29],"product_tag":[],"class_list":{"0":"post-7228","1":"product","2":"type-product","3":"status-publish","4":"has-post-thumbnail","6":"product_cat-bouchon","7":"product_cat-fittings","8":"entry","10":"first","11":"instock","12":"taxable","13":"shipping-taxable","14":"purchasable","15":"product-type-simple"},"_links":{"self":[{"href":"https:\/\/proliquidpc.com\/fr\/wp-json\/wp\/v2\/product\/7228","targetHints":{"allow":["GET"]}}],"collection":[{"href":"https:\/\/proliquidpc.com\/fr\/wp-json\/wp\/v2\/product"}],"about":[{"href":"https:\/\/proliquidpc.com\/fr\/wp-json\/wp\/v2\/types\/product"}],"wp:featuredmedia":[{"embeddable":true,"href":"https:\/\/proliquidpc.com\/fr\/wp-json\/wp\/v2\/media\/7229"}],"wp:attachment":[{"href":"https:\/\/proliquidpc.com\/fr\/wp-json\/wp\/v2\/media?parent=7228"}],"wp:term":[{"taxonomy":"product_brand","embeddable":true,"href":"https:\/\/proliquidpc.com\/fr\/wp-json\/wp\/v2\/product_brand?post=7228"},{"taxonomy":"product_cat","embeddable":true,"href":"https:\/\/proliquidpc.com\/fr\/wp-json\/wp\/v2\/product_cat?post=7228"},{"taxonomy":"product_tag","embeddable":true,"href":"https:\/\/proliquidpc.com\/fr\/wp-json\/wp\/v2\/product_tag?post=7228"}],"curies":[{"name":"wp","href":"https:\/\/api.w.org\/{rel}","templated":true}]}}