{"id":7243,"date":"2024-10-30T16:45:29","date_gmt":"2024-10-30T20:45:29","guid":{"rendered":"https:\/\/dev.proliquidpc.com\/boutique\/non%20class\u00e9\/bykski-cc-te3-x-v2-trois-voies-trois-voies-de-qualite-t-split-refroidi-a-leau-joint-argent\/"},"modified":"2025-03-07T21:13:07","modified_gmt":"2025-03-08T02:13:07","slug":"bykski-cc-te3-x-v2-trois-voies-trois-voies-de-qualite-t-split-refroidi-a-leau-joint-argent","status":"publish","type":"product","link":"https:\/\/proliquidpc.com\/fr\/boutique\/fittings\/3-way-4-way-5-way\/bykski-cc-te3-x-v2-trois-voies-trois-voies-de-qualite-t-split-refroidi-a-leau-joint-argent\/","title":{"rendered":"Bykski CC-TE3-X-V2 trois voies trois voies de qualit\u00e9 T-split refroidi \u00e0 l&rsquo;eau joint argent"},"content":{"rendered":"<p>Si vous cherchez un moyen de diviser ou de combiner votre boucle \u00e0 un angle de 90 degr\u00e9s, le Bykski G 1 4in. Le fitting adaptateur triple femelle \u00e0 90 degr\u00e9s en T est une excellente option. Cet adaptateur est \u00e9galement un excellent moyen de cr\u00e9er un point d\u2019acc\u00e8s de remplissage ou de vidange en ligne. Vous appr\u00e9cierez la commodit\u00e9 et la flexibilit\u00e9 qu\u2019offre cet adaptateur.<\/p>\n<p>Sp\u00e9cifications<br \/>\nFiletage : G1\/4&Prime; po.<br \/>\nDimensions : 26 mm x 22 mm x 18 mm<br \/>\nMat\u00e9riau de fitting color\u00e9 : laiton enduit<br \/>\nMat\u00e9riau de la ferrure en argent : laiton nickel\u00e9<br \/>\nCompatibilit\u00e9<br \/>\nBoucle : Non-aluminium<br \/>\nPi\u00e8ces incluses<br \/>\n1x G1\/4&Prime; po. fitting adaptateur triple femelle 90 degr\u00e9s en T<br \/>\nAvertissements<br \/>\nEn raison de la finition interne, les versions de couleur non argent\u00e9e de cette pi\u00e8ce peuvent ne pas \u00eatre compatibles avec les liquides de refroidissement \u00e0 base d\u2019eau DI et n\u2019est PAS compatible avec les s\u00e9ries de liquides de refroidissement PrimoChill Opaque et VUE ! Nous ne sommes pas responsables des dommages caus\u00e9s par ou lors de l\u2019utilisation de ce produit. Utilisez-le \u00e0 vos risques et p\u00e9rils.<\/p>\n","protected":false},"excerpt":{"rendered":"<p>Si vous cherchez un moyen de diviser ou de combiner votre boucle \u00e0 un angle de 90 degr\u00e9s, le Bykski G 1 4in. Le fitting adaptateur triple femelle \u00e0 90 degr\u00e9s en T est une excellente option. Cet adaptateur est \u00e9galement un excellent moyen de cr\u00e9er un point d\u2019acc\u00e8s de remplissage ou de vidange en [&hellip;]<\/p>\n","protected":false},"featured_media":7244,"template":"","meta":{"_genesis_hide_title":false,"_genesis_hide_breadcrumbs":false,"_genesis_hide_singular_image":false,"_genesis_hide_footer_widgets":false,"_genesis_custom_body_class":"","_genesis_custom_post_class":"","_genesis_layout":""},"product_brand":[],"product_cat":[51,29],"product_tag":[],"class_list":{"0":"post-7243","1":"product","2":"type-product","3":"status-publish","4":"has-post-thumbnail","6":"product_cat-3-way-4-way-5-way","7":"product_cat-fittings","8":"entry","10":"first","11":"instock","12":"taxable","13":"shipping-taxable","14":"purchasable","15":"product-type-simple"},"_links":{"self":[{"href":"https:\/\/proliquidpc.com\/fr\/wp-json\/wp\/v2\/product\/7243","targetHints":{"allow":["GET"]}}],"collection":[{"href":"https:\/\/proliquidpc.com\/fr\/wp-json\/wp\/v2\/product"}],"about":[{"href":"https:\/\/proliquidpc.com\/fr\/wp-json\/wp\/v2\/types\/product"}],"wp:featuredmedia":[{"embeddable":true,"href":"https:\/\/proliquidpc.com\/fr\/wp-json\/wp\/v2\/media\/7244"}],"wp:attachment":[{"href":"https:\/\/proliquidpc.com\/fr\/wp-json\/wp\/v2\/media?parent=7243"}],"wp:term":[{"taxonomy":"product_brand","embeddable":true,"href":"https:\/\/proliquidpc.com\/fr\/wp-json\/wp\/v2\/product_brand?post=7243"},{"taxonomy":"product_cat","embeddable":true,"href":"https:\/\/proliquidpc.com\/fr\/wp-json\/wp\/v2\/product_cat?post=7243"},{"taxonomy":"product_tag","embeddable":true,"href":"https:\/\/proliquidpc.com\/fr\/wp-json\/wp\/v2\/product_tag?post=7243"}],"curies":[{"name":"wp","href":"https:\/\/api.w.org\/{rel}","templated":true}]}}