{"id":7246,"date":"2024-10-30T16:46:41","date_gmt":"2024-10-30T20:46:41","guid":{"rendered":"https:\/\/dev.proliquidpc.com\/boutique\/non%20class\u00e9\/bykski-cc-te3dtso-x-v2-rotatif-trois-voies-trois-voies-fin-t-split-joint-dente-externe-grain-gun-metal\/"},"modified":"2025-01-19T16:33:58","modified_gmt":"2025-01-19T21:33:58","slug":"bykski-cc-te3dtso-x-v2-rotatif-trois-voies-trois-voies-fin-t-split-joint-dente-externe-grain-gun-metal","status":"publish","type":"product","link":"https:\/\/proliquidpc.com\/fr\/boutique\/fittings\/3-way-4-way-5-way\/bykski-cc-te3dtso-x-v2-rotatif-trois-voies-trois-voies-fin-t-split-joint-dente-externe-grain-gun-metal\/","title":{"rendered":"Bykski CC-TE3DTSO-X-V2 rotatif trois voies trois voies fin T-split joint dent\u00e9 externe grain gun metal"},"content":{"rendered":"<p>Le Bykski G1\/4&Prime;in. Le fitting adaptateur en T rotatif \u00e0 90 degr\u00e9s m\u00e2le \u00e0 double femelle vous permet de diviser ou de combiner votre boucle \u00e0 un angle de 90 degr\u00e9s avec la flexibilit\u00e9 du mouvement rotatif. Cet adaptateur est \u00e9galement un excellent moyen de cr\u00e9er un point d\u2019acc\u00e8s de remplissage ou de vidange en ligne.<\/p>\n<p>Sp\u00e9cifications<br \/>\nFiletage : G1\/4&Prime; po.<br \/>\nDimensions : 37,82 mm x 22 mm x 18 mm<br \/>\nMat\u00e9riau de fitting color\u00e9 : laiton enduit<br \/>\nMat\u00e9riau du fitting en argent : laiton nickel\u00e9<br \/>\nCompatibilit\u00e9<br \/>\nBoucle : Non-aluminium<br \/>\nPi\u00e8ces incluses<br \/>\n1x G1\/4&Prime; po. fitting adaptateur rotatif en T m\u00e2le \u00e0 double femelle \u00e0 90 degr\u00e9s<br \/>\nAvertissements<br \/>\nEn raison de la finition interne, les versions de couleur non argent\u00e9e de cette pi\u00e8ce peuvent ne pas \u00eatre compatibles avec les liquides de refroidissement \u00e0 base d\u2019eau DI et ne sont PAS compatibles avec les s\u00e9ries de liquides de refroidissement PrimoChill Opaque et VUE ! Nous ne sommes pas responsables des dommages caus\u00e9s par ou lors de l\u2019utilisation de ce produit. Utilisez-le \u00e0 vos risques et p\u00e9rils.<\/p>\n","protected":false},"excerpt":{"rendered":"<p>Le Bykski G1\/4&Prime;in. Le fitting adaptateur en T rotatif \u00e0 90 degr\u00e9s m\u00e2le \u00e0 double femelle vous permet de diviser ou de combiner votre boucle \u00e0 un angle de 90 degr\u00e9s avec la flexibilit\u00e9 du mouvement rotatif. Cet adaptateur est \u00e9galement un excellent moyen de cr\u00e9er un point d\u2019acc\u00e8s de remplissage ou de vidange en [&hellip;]<\/p>\n","protected":false},"featured_media":7247,"template":"","meta":{"_genesis_hide_title":false,"_genesis_hide_breadcrumbs":false,"_genesis_hide_singular_image":false,"_genesis_hide_footer_widgets":false,"_genesis_custom_body_class":"","_genesis_custom_post_class":"","_genesis_layout":""},"product_brand":[],"product_cat":[51,29],"product_tag":[],"class_list":{"0":"post-7246","1":"product","2":"type-product","3":"status-publish","4":"has-post-thumbnail","6":"product_cat-3-way-4-way-5-way","7":"product_cat-fittings","8":"entry","10":"first","11":"instock","12":"taxable","13":"shipping-taxable","14":"purchasable","15":"product-type-simple"},"_links":{"self":[{"href":"https:\/\/proliquidpc.com\/fr\/wp-json\/wp\/v2\/product\/7246","targetHints":{"allow":["GET"]}}],"collection":[{"href":"https:\/\/proliquidpc.com\/fr\/wp-json\/wp\/v2\/product"}],"about":[{"href":"https:\/\/proliquidpc.com\/fr\/wp-json\/wp\/v2\/types\/product"}],"wp:featuredmedia":[{"embeddable":true,"href":"https:\/\/proliquidpc.com\/fr\/wp-json\/wp\/v2\/media\/7247"}],"wp:attachment":[{"href":"https:\/\/proliquidpc.com\/fr\/wp-json\/wp\/v2\/media?parent=7246"}],"wp:term":[{"taxonomy":"product_brand","embeddable":true,"href":"https:\/\/proliquidpc.com\/fr\/wp-json\/wp\/v2\/product_brand?post=7246"},{"taxonomy":"product_cat","embeddable":true,"href":"https:\/\/proliquidpc.com\/fr\/wp-json\/wp\/v2\/product_cat?post=7246"},{"taxonomy":"product_tag","embeddable":true,"href":"https:\/\/proliquidpc.com\/fr\/wp-json\/wp\/v2\/product_tag?post=7246"}],"curies":[{"name":"wp","href":"https:\/\/api.w.org\/{rel}","templated":true}]}}