{"id":7255,"date":"2024-10-30T16:46:41","date_gmt":"2024-10-30T20:46:41","guid":{"rendered":"https:\/\/dev.proliquidpc.com\/boutique\/non%20class\u00e9\/bykski-120mm-multifonction-90-style-etagere-support-de-refroidissement-par-eau-b-pmfs\/"},"modified":"2025-03-02T13:58:28","modified_gmt":"2025-03-02T18:58:28","slug":"bykski-120mm-multifonction-90-style-etagere-support-de-refroidissement-par-eau-b-pmfs","status":"publish","type":"product","link":"https:\/\/proliquidpc.com\/fr\/boutique\/supports\/bykski-120mm-multifonction-90-style-etagere-support-de-refroidissement-par-eau-b-pmfs\/","title":{"rendered":"Bykski 120mm Multifonction 90\u00b0 Style \u00e9tag\u00e8re Support de refroidissement par eau &#8211; B-PMFS"},"content":{"rendered":"<p>Le support de refroidissement par eau multifonction \u00e0 90 degr\u00e9s de style \u00e9tag\u00e8re Bykski 120 mm se monte sur n\u2019importe quel ventilateur ou radiateur de 120 mm. Ce support dispose de plusieurs mod\u00e8les de montage permettant une large gamme de compatibilit\u00e9. Le mod\u00e8le de montage carr\u00e9 central est de 50 mm.<\/p>\n<p>Fonctionnalit\u00e9s<br \/>\nCouleur tout noir<br \/>\nPlusieurs mod\u00e8les de montage<br \/>\nSp\u00e9cifications<br \/>\nMontage sur support : 105 mm<br \/>\nMonture carr\u00e9e : 50 mm<br \/>\nCouleur : Noir<br \/>\nMat\u00e9riau : Acier<br \/>\nMarque : Bykski<br \/>\nPi\u00e8ces incluses<br \/>\n1x support de refroidissement par eau plat multifonction bykski 120mm<\/p>\n<p>Avertissements<br \/>\nNous ne sommes pas responsables des dommages caus\u00e9s par ou lors de l\u2019utilisation de ce produit. Veuillez utiliser \u00e0 vos risques et p\u00e9rils.<\/p>\n","protected":false},"excerpt":{"rendered":"<p>Le support de refroidissement par eau multifonction \u00e0 90 degr\u00e9s de style \u00e9tag\u00e8re Bykski 120 mm se monte sur n\u2019importe quel ventilateur ou radiateur de 120 mm. Ce support dispose de plusieurs mod\u00e8les de montage permettant une large gamme de compatibilit\u00e9. Le mod\u00e8le de montage carr\u00e9 central est de 50 mm. Fonctionnalit\u00e9s Couleur tout noir [&hellip;]<\/p>\n","protected":false},"featured_media":7256,"template":"","meta":{"_genesis_hide_title":false,"_genesis_hide_breadcrumbs":false,"_genesis_hide_singular_image":false,"_genesis_hide_footer_widgets":false,"_genesis_custom_body_class":"","_genesis_custom_post_class":"","_genesis_layout":""},"product_brand":[],"product_cat":[53],"product_tag":[],"class_list":{"0":"post-7255","1":"product","2":"type-product","3":"status-publish","4":"has-post-thumbnail","6":"product_cat-supports","7":"entry","9":"first","10":"instock","11":"taxable","12":"shipping-taxable","13":"purchasable","14":"product-type-simple"},"_links":{"self":[{"href":"https:\/\/proliquidpc.com\/fr\/wp-json\/wp\/v2\/product\/7255","targetHints":{"allow":["GET"]}}],"collection":[{"href":"https:\/\/proliquidpc.com\/fr\/wp-json\/wp\/v2\/product"}],"about":[{"href":"https:\/\/proliquidpc.com\/fr\/wp-json\/wp\/v2\/types\/product"}],"wp:featuredmedia":[{"embeddable":true,"href":"https:\/\/proliquidpc.com\/fr\/wp-json\/wp\/v2\/media\/7256"}],"wp:attachment":[{"href":"https:\/\/proliquidpc.com\/fr\/wp-json\/wp\/v2\/media?parent=7255"}],"wp:term":[{"taxonomy":"product_brand","embeddable":true,"href":"https:\/\/proliquidpc.com\/fr\/wp-json\/wp\/v2\/product_brand?post=7255"},{"taxonomy":"product_cat","embeddable":true,"href":"https:\/\/proliquidpc.com\/fr\/wp-json\/wp\/v2\/product_cat?post=7255"},{"taxonomy":"product_tag","embeddable":true,"href":"https:\/\/proliquidpc.com\/fr\/wp-json\/wp\/v2\/product_tag?post=7255"}],"curies":[{"name":"wp","href":"https:\/\/api.w.org\/{rel}","templated":true}]}}