{"id":7274,"date":"2024-10-30T16:46:41","date_gmt":"2024-10-30T20:46:41","guid":{"rendered":"https:\/\/dev.proliquidpc.com\/boutique\/non%20class\u00e9\/bykski-1-a-16-5v-addressable-rgb-rbw-repartiteur-dalimentation-b-tr-1to16-5v\/"},"modified":"2025-02-22T14:57:55","modified_gmt":"2025-02-22T19:57:55","slug":"bykski-1-a-16-5v-addressable-rgb-rbw-repartiteur-dalimentation-b-tr-1to16-5v","status":"publish","type":"product","link":"https:\/\/proliquidpc.com\/fr\/boutique\/led-controleurs\/5-volt\/bykski-1-a-16-5v-addressable-rgb-rbw-repartiteur-dalimentation-b-tr-1to16-5v\/","title":{"rendered":"Bykski 1 \u00e0 16 5V Addressable RGB (RBW) R\u00e9partiteur d&rsquo;alimentation  &#8211; B-TR-1TO16 5V"},"content":{"rendered":"<p>Le R\u00e9partiteur d&rsquo;alimentation Bykski 1 \u00e0 16 5V Addressable RGB (RBW) vous permet d\u2019\u00e9tendre l\u2019en-t\u00eate LED de votre carte m\u00e8re 5V.<\/p>\n<p>Fonctionnalit\u00e9s<br \/>\nConvertit l\u2019en-t\u00eate LED d\u2019une seule carte m\u00e8re en 15<br \/>\nVous permet d\u2019\u00e9tendre la fonction de synchronisation de la carte m\u00e8re<br \/>\nInt\u00e9grez vos ventilateurs compatibles, vos waterblocks et bien plus encore<br \/>\nSp\u00e9cifications<br \/>\nMod\u00e8le :B-TR-1T016<br \/>\nMarque :Bykski<br \/>\nTension : 5V uniquement<br \/>\nCompatibilit\u00e9<br \/>\nType de LED : 5v Adressable RGB (RBW)<br \/>\nPi\u00e8ces incluses<br \/>\n1x bus d\u2019extension<br \/>\n1x c\u00e2ble de synchronisation<br \/>\n1x c\u00e2ble adaptateur<br \/>\nAvertissements<br \/>\nNous ne sommes pas responsables des dommages caus\u00e9s par ou lors de l\u2019utilisation de ce produit. Veuillez utiliser \u00e0 vos risques et p\u00e9rils.<\/p>\n","protected":false},"excerpt":{"rendered":"<p>Le R\u00e9partiteur d&rsquo;alimentation Bykski 1 \u00e0 16 5V Addressable RGB (RBW) vous permet d\u2019\u00e9tendre l\u2019en-t\u00eate LED de votre carte m\u00e8re 5V. Fonctionnalit\u00e9s Convertit l\u2019en-t\u00eate LED d\u2019une seule carte m\u00e8re en 15 Vous permet d\u2019\u00e9tendre la fonction de synchronisation de la carte m\u00e8re Int\u00e9grez vos ventilateurs compatibles, vos waterblocks et bien plus encore Sp\u00e9cifications Mod\u00e8le :B-TR-1T016 [&hellip;]<\/p>\n","protected":false},"featured_media":7275,"template":"","meta":{"_genesis_hide_title":false,"_genesis_hide_breadcrumbs":false,"_genesis_hide_singular_image":false,"_genesis_hide_footer_widgets":false,"_genesis_custom_body_class":"","_genesis_custom_post_class":"","_genesis_layout":""},"product_brand":[],"product_cat":[26,25],"product_tag":[],"class_list":{"0":"post-7274","1":"product","2":"type-product","3":"status-publish","4":"has-post-thumbnail","6":"product_cat-5-volt","7":"product_cat-led-controleurs","8":"entry","10":"first","11":"instock","12":"taxable","13":"shipping-taxable","14":"purchasable","15":"product-type-simple"},"_links":{"self":[{"href":"https:\/\/proliquidpc.com\/fr\/wp-json\/wp\/v2\/product\/7274","targetHints":{"allow":["GET"]}}],"collection":[{"href":"https:\/\/proliquidpc.com\/fr\/wp-json\/wp\/v2\/product"}],"about":[{"href":"https:\/\/proliquidpc.com\/fr\/wp-json\/wp\/v2\/types\/product"}],"wp:featuredmedia":[{"embeddable":true,"href":"https:\/\/proliquidpc.com\/fr\/wp-json\/wp\/v2\/media\/7275"}],"wp:attachment":[{"href":"https:\/\/proliquidpc.com\/fr\/wp-json\/wp\/v2\/media?parent=7274"}],"wp:term":[{"taxonomy":"product_brand","embeddable":true,"href":"https:\/\/proliquidpc.com\/fr\/wp-json\/wp\/v2\/product_brand?post=7274"},{"taxonomy":"product_cat","embeddable":true,"href":"https:\/\/proliquidpc.com\/fr\/wp-json\/wp\/v2\/product_cat?post=7274"},{"taxonomy":"product_tag","embeddable":true,"href":"https:\/\/proliquidpc.com\/fr\/wp-json\/wp\/v2\/product_tag?post=7274"}],"curies":[{"name":"wp","href":"https:\/\/api.w.org\/{rel}","templated":true}]}}