{"id":7313,"date":"2024-10-30T16:46:41","date_gmt":"2024-10-30T20:46:41","guid":{"rendered":"https:\/\/dev.proliquidpc.com\/boutique\/non%20class\u00e9\/dissipateur-de-chaleur-pour-memoire-ram-de-bykski-b-mrcov-x-v2\/"},"modified":"2025-01-19T16:34:20","modified_gmt":"2025-01-19T21:34:20","slug":"dissipateur-de-chaleur-pour-memoire-ram-de-bykski-b-mrcov-x-v2","status":"publish","type":"product","link":"https:\/\/proliquidpc.com\/fr\/boutique\/autres-waterblock\/ram\/dissipateur-de-chaleur-pour-memoire-ram-de-bykski-b-mrcov-x-v2\/","title":{"rendered":"Dissipateur de chaleur pour m\u00e9moire RAM de Bykski &#8211; B-MRCOV-X-V2"},"content":{"rendered":"<p>Le dissipateur de chaleur \u00e0 m\u00e9moire Bykski est un excellent moyen d\u2019am\u00e9liorer le refroidissement de votre RAM DDR5. En installant un bloc d\u2019eau sur le dessus de l\u2019\u00e9pandeur, vous pouvez transf\u00e9rer efficacement la chaleur des composants sensibles vers le bloc d\u2019eau. Cela vous aidera \u00e0 garder votre RAM plus froide et plus fiable.<\/p>\n<p>Fonctionnalit\u00e9s<br \/>\nLe meilleur savoir-faire<br \/>\nCon\u00e7u pour s\u2019adapter \u00e0 un waterblock \u00e0 m\u00e9moire Bykski<br \/>\nSp\u00e9cifications<br \/>\nMod\u00e8le : B-MRCOV-X-V2<br \/>\nMarque : Bykski<br \/>\nCompatibilit\u00e9<br \/>\n(Y compris, mais sans s\u2019y limiter, les mod\u00e8les suivants)<br \/>\nB-RAM-X-V2<br \/>\nB-RAM-X-V4<br \/>\nB-RAM-D2-X<br \/>\nB-RAM-D4-X<br \/>\nType de m\u00e9moire : DDR5<br \/>\nPi\u00e8ces incluses<br \/>\n1x dissipateur de chaleur \u00e0 m\u00e9moire &#8211; Noir (B-MRCOV-X-V2)<br \/>\nTampon thermique de 1,2 mm (pour les modules DIMM simple face uniquement).<br \/>\n  REMARQUE : Les DIMMS double face n\u00e9cessitent des coussinets thermiques de 0,5 mm (non inclus))<br \/>\nBloc d\u2019eau vendu s\u00e9par\u00e9ment.<br \/>\nAvertissements<br \/>\nCeux-ci sont con\u00e7us pour fonctionner avec les blocs de RAM Bykski, mais peuvent \u00eatre utilis\u00e9s comme \u00e9pandeurs autonomes<\/p>\n<p>Nous ne sommes pas responsables des dommages caus\u00e9s par ou lors de l\u2019utilisation de ce produit. Veuillez l\u2019utiliser \u00e0 vos risques et p\u00e9rils.<\/p>\n","protected":false},"excerpt":{"rendered":"<p>Le dissipateur de chaleur \u00e0 m\u00e9moire Bykski est un excellent moyen d\u2019am\u00e9liorer le refroidissement de votre RAM DDR5. En installant un bloc d\u2019eau sur le dessus de l\u2019\u00e9pandeur, vous pouvez transf\u00e9rer efficacement la chaleur des composants sensibles vers le bloc d\u2019eau. Cela vous aidera \u00e0 garder votre RAM plus froide et plus fiable. Fonctionnalit\u00e9s Le [&hellip;]<\/p>\n","protected":false},"featured_media":7314,"template":"","meta":{"_genesis_hide_title":false,"_genesis_hide_breadcrumbs":false,"_genesis_hide_singular_image":false,"_genesis_hide_footer_widgets":false,"_genesis_custom_body_class":"","_genesis_custom_post_class":"","_genesis_layout":""},"product_brand":[],"product_cat":[75,62],"product_tag":[],"class_list":{"0":"post-7313","1":"product","2":"type-product","3":"status-publish","4":"has-post-thumbnail","6":"product_cat-ram","7":"product_cat-autres-waterblock","8":"entry","10":"first","11":"outofstock","12":"taxable","13":"shipping-taxable","14":"purchasable","15":"product-type-simple"},"_links":{"self":[{"href":"https:\/\/proliquidpc.com\/fr\/wp-json\/wp\/v2\/product\/7313","targetHints":{"allow":["GET"]}}],"collection":[{"href":"https:\/\/proliquidpc.com\/fr\/wp-json\/wp\/v2\/product"}],"about":[{"href":"https:\/\/proliquidpc.com\/fr\/wp-json\/wp\/v2\/types\/product"}],"wp:featuredmedia":[{"embeddable":true,"href":"https:\/\/proliquidpc.com\/fr\/wp-json\/wp\/v2\/media\/7314"}],"wp:attachment":[{"href":"https:\/\/proliquidpc.com\/fr\/wp-json\/wp\/v2\/media?parent=7313"}],"wp:term":[{"taxonomy":"product_brand","embeddable":true,"href":"https:\/\/proliquidpc.com\/fr\/wp-json\/wp\/v2\/product_brand?post=7313"},{"taxonomy":"product_cat","embeddable":true,"href":"https:\/\/proliquidpc.com\/fr\/wp-json\/wp\/v2\/product_cat?post=7313"},{"taxonomy":"product_tag","embeddable":true,"href":"https:\/\/proliquidpc.com\/fr\/wp-json\/wp\/v2\/product_tag?post=7313"}],"curies":[{"name":"wp","href":"https:\/\/api.w.org\/{rel}","templated":true}]}}