{"id":7324,"date":"2024-10-30T16:46:41","date_gmt":"2024-10-30T20:46:41","guid":{"rendered":"https:\/\/dev.proliquidpc.com\/boutique\/non%20class\u00e9\/backplate-anti-deformation-bykski-pour-cartes-meres-amd-am5-b-am5-rb\/"},"modified":"2025-08-16T14:53:30","modified_gmt":"2025-08-16T18:53:30","slug":"backplate-anti-deformation-bykski-pour-cartes-meres-amd-am5-b-am5-rb","status":"publish","type":"product","link":"https:\/\/proliquidpc.com\/fr\/boutique\/cpu-waterblock\/cpu-amd\/backplate-anti-deformation-bykski-pour-cartes-meres-amd-am5-b-am5-rb\/","title":{"rendered":"backplate anti-d\u00e9formation Bykski pour cartes m\u00e8res AMD AM5 &#8211; B-AM5-RB"},"content":{"rendered":"<p>La backplate anti-d\u00e9formation Bykski pour sockets de carte m\u00e8re AMD AM5 convient au socket AMD AM5. Fabriqu\u00e9 en alliage d\u2019aluminium de haute qualit\u00e9. Il peut corriger efficacement le degr\u00e9 de flexion du processeur sans traces, pression d\u2019ajustement ou m\u00eame bords de pression. L\u2019utilisation ne d\u00e9formera pas le couvercle du processeur, de sorte que le couvercle du processeur peut \u00eatre maintenu \u00e0 plat, avec une bonne conduction thermique et une anomalie de temp\u00e9rature r\u00e9duite.<\/p>\n<p>Fonctionnalit\u00e9s<\/p>\n<p>Fonctionne pour socket AMD AM5<br \/>\nSp\u00e9cifications<\/p>\n<p>Dimensions :75mm x 56mm x 7.7mm<br \/>\nPrise : cartes m\u00e8res AM5<br \/>\nPi\u00e8ces incluses<\/p>\n<p>1x backplate anti-d\u00e9formation Bykski<br \/>\nAvertissements<\/p>\n<p>Nous ne sommes pas responsables des dommages caus\u00e9s par ou lors de l\u2019utilisation de ce produit. Veuillez utiliser \u00e0 vos risques et p\u00e9rils.<\/p>\n","protected":false},"excerpt":{"rendered":"<p>La backplate anti-d\u00e9formation Bykski pour sockets de carte m\u00e8re AMD AM5 convient au socket AMD AM5. Fabriqu\u00e9 en alliage d\u2019aluminium de haute qualit\u00e9. Il peut corriger efficacement le degr\u00e9 de flexion du processeur sans traces, pression d\u2019ajustement ou m\u00eame bords de pression. L\u2019utilisation ne d\u00e9formera pas le couvercle du processeur, de sorte que le couvercle [&hellip;]<\/p>\n","protected":false},"featured_media":7325,"template":"","meta":{"_genesis_hide_title":false,"_genesis_hide_breadcrumbs":false,"_genesis_hide_singular_image":false,"_genesis_hide_footer_widgets":false,"_genesis_custom_body_class":"","_genesis_custom_post_class":"","_genesis_layout":""},"product_brand":[],"product_cat":[37,36],"product_tag":[],"class_list":{"0":"post-7324","1":"product","2":"type-product","3":"status-publish","4":"has-post-thumbnail","6":"product_cat-cpu-amd","7":"product_cat-cpu-waterblock","8":"entry","10":"first","11":"instock","12":"taxable","13":"shipping-taxable","14":"purchasable","15":"product-type-simple"},"_links":{"self":[{"href":"https:\/\/proliquidpc.com\/fr\/wp-json\/wp\/v2\/product\/7324","targetHints":{"allow":["GET"]}}],"collection":[{"href":"https:\/\/proliquidpc.com\/fr\/wp-json\/wp\/v2\/product"}],"about":[{"href":"https:\/\/proliquidpc.com\/fr\/wp-json\/wp\/v2\/types\/product"}],"wp:featuredmedia":[{"embeddable":true,"href":"https:\/\/proliquidpc.com\/fr\/wp-json\/wp\/v2\/media\/7325"}],"wp:attachment":[{"href":"https:\/\/proliquidpc.com\/fr\/wp-json\/wp\/v2\/media?parent=7324"}],"wp:term":[{"taxonomy":"product_brand","embeddable":true,"href":"https:\/\/proliquidpc.com\/fr\/wp-json\/wp\/v2\/product_brand?post=7324"},{"taxonomy":"product_cat","embeddable":true,"href":"https:\/\/proliquidpc.com\/fr\/wp-json\/wp\/v2\/product_cat?post=7324"},{"taxonomy":"product_tag","embeddable":true,"href":"https:\/\/proliquidpc.com\/fr\/wp-json\/wp\/v2\/product_tag?post=7324"}],"curies":[{"name":"wp","href":"https:\/\/api.w.org\/{rel}","templated":true}]}}