{"id":7335,"date":"2024-10-30T16:46:41","date_gmt":"2024-10-30T20:46:41","guid":{"rendered":"https:\/\/dev.proliquidpc.com\/boutique\/non%20class\u00e9\/distroplate-bykski-pour-cougar-conquer-2-pmma-avec-rvb-adressable-5v-rgv-cg-zfz-vg-p\/"},"modified":"2025-02-19T02:08:38","modified_gmt":"2025-02-19T07:08:38","slug":"distroplate-bykski-pour-cougar-conquer-2-pmma-avec-rvb-adressable-5v-rgv-cg-zfz-vg-p","status":"publish","type":"product","link":"https:\/\/proliquidpc.com\/fr\/boutique\/reservoirs\/distroplates\/distroplate-bykski-pour-cougar-conquer-2-pmma-avec-rvb-adressable-5v-rgv-cg-zfz-vg-p\/","title":{"rendered":"Distroplate Bykski pour COUGAR CONQUER 2 &#8211; PMMA avec RVB adressable 5v &#8211; RGV-CG-ZFZ-VG-P"},"content":{"rendered":"<p>Les plaques de distribution ou de distribution Bykski offrent un moyen distinct et innovant d\u2019am\u00e9liorer l\u2019apparence de votre boucle. Ces plaques sont personnalis\u00e9es pour s\u2019adapter \u00e0 votre cas sp\u00e9cifique, cr\u00e9ant un look \u00e9l\u00e9gant et parall\u00e8le. De plus, ils peuvent \u00eatre \u00e9quip\u00e9s d\u2019une pompe en ligne EN OPTION, vous permettant d\u2019alimenter toute votre boucle \u00e0 partir de la pi\u00e8ce ma\u00eetresse.<\/p>\n<p>La plaque distro est construite en utilisant un mat\u00e9riau PMMA, avec des fils G1\/4&Prime;, et est con\u00e7ue pour \u00eatre compatible avec le bo\u00eetier COUGAR CONQUER 2. Il fonctionne bien avec les boucles en aluminium et non en aluminium et est con\u00e7u pour soutenir les radiateurs jusqu\u2019\u00e0 30 mm d\u2019\u00e9paisseur ou moins.<\/p>\n<p>En plus de la distroplate elle-m\u00eame, l\u2019ensemble comprend du mat\u00e9riel de montage, une bande de LED A-RGB (RBW) et la possibilit\u00e9 d\u2019inclure une pompe DDC avec blindage, une pompe DDC avec \u00e9cran LCD, ou pas de pompe du tout. Les plaques De distribution Bykski sont une excellente option pour ceux qui recherchent une solution de refroidissement par eau propre et visuellement attrayante qui offre des performances de haute qualit\u00e9.<\/p>\n<p>Sp\u00e9cifications &#8211; distroplate<\/p>\n<p>Mat\u00e9riel : PMMA<br \/>\nFil : G1\/4&Prime;<br \/>\nCompatibilit\u00e9<\/p>\n<p>Compatible avec le bo\u00eetier COUGAR CONQUER 2<br \/>\nBoucle : Aluminium ou non-aluminium<br \/>\nRadiateur : Con\u00e7u pour 30 mm d\u2019\u00e9paisseur ou moins<br \/>\nParties incluses<\/p>\n<p>1x distroplate<br \/>\nMat\u00e9riel de montage<br \/>\nBande de LED A-RGB (RBW)<br \/>\nPompe DDC en option avec blindage, pompe DDC avec \u00e9cran LCD ou aucune pompe incluse<\/p>\n<p>Sp\u00e9cifications &#8211; DDC facultatif<\/p>\n<p>Mat\u00e9riau dissipateur de chaleur : Aluminium<br \/>\nAlimentation : connecteur d\u2019alimentation standard \u00e0 4 broches et en-t\u00eate PWM \u00e0 4 broches<br \/>\nPlage de tension : 10V &#8211; 15V DC<br \/>\nMTBF (Temps moyen entre les d\u00e9faillances) : 50 000 heures \u00e9quivalentes \u00e0 5 ans de vie<br \/>\nD\u00e9bit maximal :~ 132 GPH (600 LPH)<br \/>\nRpm max : 5000<br \/>\nDimensions :62 x 62 x 58mm<br \/>\nLes performances varieront en fonction de la dynamique de la boucle de refroidissement<\/p>\n<p>Remarque importante :<br \/>\nCette distribution est con\u00e7ue pour ce cas uniquement. Le tube peut ne pas s\u2019aligner parfaitement horizontalement en raison des variations de la carte m\u00e8re, des blocs, des fittings et de la disposition. Non responsable de tout dommage mat\u00e9riel. S\u2019il vous pla\u00eet utiliser \u00e0 vos propres risques.<\/p>\n","protected":false},"excerpt":{"rendered":"<p>Les plaques de distribution ou de distribution Bykski offrent un moyen distinct et innovant d\u2019am\u00e9liorer l\u2019apparence de votre boucle. Ces plaques sont personnalis\u00e9es pour s\u2019adapter \u00e0 votre cas sp\u00e9cifique, cr\u00e9ant un look \u00e9l\u00e9gant et parall\u00e8le. De plus, ils peuvent \u00eatre \u00e9quip\u00e9s d\u2019une pompe en ligne EN OPTION, vous permettant d\u2019alimenter toute votre boucle \u00e0 partir [&hellip;]<\/p>\n","protected":false},"featured_media":7336,"template":"","meta":{"_genesis_hide_title":false,"_genesis_hide_breadcrumbs":false,"_genesis_hide_singular_image":false,"_genesis_hide_footer_widgets":false,"_genesis_custom_body_class":"","_genesis_custom_post_class":"","_genesis_layout":""},"product_brand":[],"product_cat":[42,41],"product_tag":[],"class_list":{"0":"post-7335","1":"product","2":"type-product","3":"status-publish","4":"has-post-thumbnail","6":"product_cat-distroplates","7":"product_cat-reservoirs","8":"entry","10":"first","11":"instock","12":"taxable","13":"shipping-taxable","14":"purchasable","15":"product-type-simple"},"_links":{"self":[{"href":"https:\/\/proliquidpc.com\/fr\/wp-json\/wp\/v2\/product\/7335","targetHints":{"allow":["GET"]}}],"collection":[{"href":"https:\/\/proliquidpc.com\/fr\/wp-json\/wp\/v2\/product"}],"about":[{"href":"https:\/\/proliquidpc.com\/fr\/wp-json\/wp\/v2\/types\/product"}],"wp:featuredmedia":[{"embeddable":true,"href":"https:\/\/proliquidpc.com\/fr\/wp-json\/wp\/v2\/media\/7336"}],"wp:attachment":[{"href":"https:\/\/proliquidpc.com\/fr\/wp-json\/wp\/v2\/media?parent=7335"}],"wp:term":[{"taxonomy":"product_brand","embeddable":true,"href":"https:\/\/proliquidpc.com\/fr\/wp-json\/wp\/v2\/product_brand?post=7335"},{"taxonomy":"product_cat","embeddable":true,"href":"https:\/\/proliquidpc.com\/fr\/wp-json\/wp\/v2\/product_cat?post=7335"},{"taxonomy":"product_tag","embeddable":true,"href":"https:\/\/proliquidpc.com\/fr\/wp-json\/wp\/v2\/product_tag?post=7335"}],"curies":[{"name":"wp","href":"https:\/\/api.w.org\/{rel}","templated":true}]}}