{"id":7405,"date":"2024-10-30T16:46:41","date_gmt":"2024-10-30T20:46:41","guid":{"rendered":"https:\/\/dev.proliquidpc.com\/boutique\/non%20class\u00e9\/bykski-360mm-x-40mm-rc-series-radiateur-cr-rd360rc-tk-v2-rc\/"},"modified":"2026-04-03T16:10:22","modified_gmt":"2026-04-03T20:10:22","slug":"bykski-360mm-x-40mm-rc-series-radiateur-cr-rd360rc-tk-v2-rc","status":"publish","type":"product","link":"https:\/\/proliquidpc.com\/fr\/boutique\/radiateurs\/360mm\/bykski-360mm-x-40mm-rc-series-radiateur-cr-rd360rc-tk-v2-rc\/","title":{"rendered":"Bykski 360mm x 40mm RC Series Radiateur CR-RD360RC-TK-V2 RC"},"content":{"rendered":"<p>Le radiateur Bykski CR-RD360TR-TK-V2 est con\u00e7u comme une seule rang\u00e9e de canaux en cuivre.  L\u2019\u00e9paisseur du radiateur est de 40 mm, ce qui donne \u00e0 ce radiateur une plus grande surface de refroidissement.  Les canaux d\u2019eau et les ailettes ondulatoires sont en cuivre rouge avec une conductivit\u00e9 thermique allant jusqu\u2019\u00e0 401 w\/(M.K.). Il y a 12 canaux d\u2019eau align\u00e9s sur une seule rang\u00e9e.<\/p>\n<p>Fonctionnalit\u00e9s<br \/>\nConception \u00e0 12 canaux<br \/>\nFiletage standard G1\/4&Prime; de l\u2019industrie<br \/>\nConception en cuivre de haute qualit\u00e9<br \/>\nSp\u00e9cifications<br \/>\nMat\u00e9riau : Plaques lat\u00e9rales en cuivre rouge \/ fer (pas en contact avec le liquide de refroidissement)<br \/>\nDimensions : 395,5 mm x 122 mm x 40 mm<br \/>\nPorts : 2<br \/>\nFiletage de l\u2019orifice : G1\/4&Prime;<br \/>\nFiletage de montage : M3<br \/>\nCanaux : 12<br \/>\nPression : 1,5 bar<br \/>\nDensit\u00e9 de l\u2019section : 12FPI<br \/>\nCompatibilit\u00e9<br \/>\nVentilateurs : 120mm<br \/>\nPi\u00e8ces incluses<br \/>\n1x radiateur<br \/>\n12x mat\u00e9riel de montage M3 x 30 mm<br \/>\nAvertissements<\/p>\n<p>Le radiateur est form\u00e9 par un processus de soudage int\u00e9gr\u00e9 \u00e0 haute temp\u00e9rature. Pour cette raison, il y aura un l\u00e9ger changement de couleur dans le cuivre, c\u2019est le r\u00e9sultat du processus et non de la rouille.<\/p>\n<p>Veuillez faire attention \u00e0 la longueur de la vis. Si la vis est trop longue, elle percera le radiateur et provoquera une fuite d\u2019eau, annulant ainsi la garantie. Le radiateur est livr\u00e9 avec des vis M3X30mm adapt\u00e9es aux ventilateurs de 25mm d\u2019\u00e9paisseur. Si vous souhaitez installer un ventilateur plus fin ou plus \u00e9pais, veuillez utiliser la bonne longueur de vis. (\u00c9paisseur du ventilateur + 5 mm max, non inclus)<\/p>\n","protected":false},"excerpt":{"rendered":"<p>Le radiateur Bykski CR-RD360TR-TK-V2 est con\u00e7u comme une seule rang\u00e9e de canaux en cuivre. L\u2019\u00e9paisseur du radiateur est de 40 mm, ce qui donne \u00e0 ce radiateur une plus grande surface de refroidissement. Les canaux d\u2019eau et les ailettes ondulatoires sont en cuivre rouge avec une conductivit\u00e9 thermique allant jusqu\u2019\u00e0 401 w\/(M.K.). Il y a [&hellip;]<\/p>\n","protected":false},"featured_media":7406,"template":"","meta":{"_genesis_hide_title":false,"_genesis_hide_breadcrumbs":false,"_genesis_hide_singular_image":false,"_genesis_hide_footer_widgets":false,"_genesis_custom_body_class":"","_genesis_custom_post_class":"","_genesis_layout":""},"product_brand":[],"product_cat":[23,33],"product_tag":[],"class_list":{"0":"post-7405","1":"product","2":"type-product","3":"status-publish","4":"has-post-thumbnail","6":"product_cat-radiateurs","7":"product_cat-360mm","8":"entry","10":"first","11":"instock","12":"taxable","13":"shipping-taxable","14":"purchasable","15":"product-type-simple"},"_links":{"self":[{"href":"https:\/\/proliquidpc.com\/fr\/wp-json\/wp\/v2\/product\/7405","targetHints":{"allow":["GET"]}}],"collection":[{"href":"https:\/\/proliquidpc.com\/fr\/wp-json\/wp\/v2\/product"}],"about":[{"href":"https:\/\/proliquidpc.com\/fr\/wp-json\/wp\/v2\/types\/product"}],"wp:featuredmedia":[{"embeddable":true,"href":"https:\/\/proliquidpc.com\/fr\/wp-json\/wp\/v2\/media\/7406"}],"wp:attachment":[{"href":"https:\/\/proliquidpc.com\/fr\/wp-json\/wp\/v2\/media?parent=7405"}],"wp:term":[{"taxonomy":"product_brand","embeddable":true,"href":"https:\/\/proliquidpc.com\/fr\/wp-json\/wp\/v2\/product_brand?post=7405"},{"taxonomy":"product_cat","embeddable":true,"href":"https:\/\/proliquidpc.com\/fr\/wp-json\/wp\/v2\/product_cat?post=7405"},{"taxonomy":"product_tag","embeddable":true,"href":"https:\/\/proliquidpc.com\/fr\/wp-json\/wp\/v2\/product_tag?post=7405"}],"curies":[{"name":"wp","href":"https:\/\/api.w.org\/{rel}","templated":true}]}}