{"id":7437,"date":"2024-10-30T16:46:41","date_gmt":"2024-10-30T20:46:41","guid":{"rendered":"https:\/\/dev.proliquidpc.com\/boutique\/non%20class\u00e9\/grizzly-thermique-pate-thermique-conductonaut\/"},"modified":"2025-03-21T01:28:57","modified_gmt":"2025-03-21T05:28:57","slug":"grizzly-thermique-pate-thermique-conductonaut","status":"publish","type":"product","link":"https:\/\/proliquidpc.com\/fr\/boutique\/pate-thermique\/grizzly-thermique-pate-thermique-conductonaut\/","title":{"rendered":"Grizzly Thermique P\u00e2te thermique Conductonaut"},"content":{"rendered":"<p>Notre compos\u00e9 thermique \u00e0 m\u00e9tal liquide Conductonaut est con\u00e7u pour les applications qui n\u00e9cessitent un rendement tr\u00e8s \u00e9lev\u00e9. Conductonaut est recommand\u00e9 pour les utilisateurs exp\u00e9riment\u00e9s qui recherchent un produit de haute performance avec la meilleure dissipation de chaleur lorsque les plages de temp\u00e9rature sont sup\u00e9rieures \u00e0 8 \u00b0C.<\/p>\n<p>Conductivit\u00e9 thermique ultra \u00e9lev\u00e9e<br \/>\nAugmentation de la teneur en indium<br \/>\nApplication facile avec une aiguille synth\u00e9tique<br \/>\nLe grizzli thermique est un compos\u00e9 thermique \u00e0 m\u00e9tal liquide bas\u00e9 sur un alliage eutectique. Notre m\u00e9lange sp\u00e9cial de m\u00e9taux comme l\u2019\u00e9tain, le gallium et l\u2019indium, le conductonaute excelle avec une conductivit\u00e9 thermique tr\u00e8s \u00e9lev\u00e9e. Nous recommandons d\u2019appliquer Conductonaut sur des surfaces nickel\u00e9es, car cela fournira la meilleure stabilit\u00e9 \u00e0 long terme en termes de performances.<\/p>\n<p>Remarque : La graisse thermique conductionnaute ne doit pas \u00eatre utilis\u00e9e avec des dissipateurs thermiques en aluminium !<\/p>\n<p>Remarque : Le conductionaute est un compos\u00e9 m\u00e9tallique liquide et peut laisser des r\u00e9sidus visuels.<\/p>\n<p>Pour de meilleurs r\u00e9sultats de performance \u00e0 long terme, nous recommandons d\u2019utiliser des refroidisseurs avec une surface nickel\u00e9e.<\/p>\n","protected":false},"excerpt":{"rendered":"<p>Notre compos\u00e9 thermique \u00e0 m\u00e9tal liquide Conductonaut est con\u00e7u pour les applications qui n\u00e9cessitent un rendement tr\u00e8s \u00e9lev\u00e9. Conductonaut est recommand\u00e9 pour les utilisateurs exp\u00e9riment\u00e9s qui recherchent un produit de haute performance avec la meilleure dissipation de chaleur lorsque les plages de temp\u00e9rature sont sup\u00e9rieures \u00e0 8 \u00b0C. Conductivit\u00e9 thermique ultra \u00e9lev\u00e9e Augmentation de la [&hellip;]<\/p>\n","protected":false},"featured_media":7438,"template":"","meta":{"_genesis_hide_title":false,"_genesis_hide_breadcrumbs":false,"_genesis_hide_singular_image":false,"_genesis_hide_footer_widgets":false,"_genesis_custom_body_class":"","_genesis_custom_post_class":"","_genesis_layout":""},"product_brand":[],"product_cat":[72],"product_tag":[],"class_list":{"0":"post-7437","1":"product","2":"type-product","3":"status-publish","4":"has-post-thumbnail","6":"product_cat-pate-thermique","7":"entry","9":"first","10":"outofstock","11":"taxable","12":"shipping-taxable","13":"purchasable","14":"product-type-simple"},"_links":{"self":[{"href":"https:\/\/proliquidpc.com\/fr\/wp-json\/wp\/v2\/product\/7437","targetHints":{"allow":["GET"]}}],"collection":[{"href":"https:\/\/proliquidpc.com\/fr\/wp-json\/wp\/v2\/product"}],"about":[{"href":"https:\/\/proliquidpc.com\/fr\/wp-json\/wp\/v2\/types\/product"}],"wp:featuredmedia":[{"embeddable":true,"href":"https:\/\/proliquidpc.com\/fr\/wp-json\/wp\/v2\/media\/7438"}],"wp:attachment":[{"href":"https:\/\/proliquidpc.com\/fr\/wp-json\/wp\/v2\/media?parent=7437"}],"wp:term":[{"taxonomy":"product_brand","embeddable":true,"href":"https:\/\/proliquidpc.com\/fr\/wp-json\/wp\/v2\/product_brand?post=7437"},{"taxonomy":"product_cat","embeddable":true,"href":"https:\/\/proliquidpc.com\/fr\/wp-json\/wp\/v2\/product_cat?post=7437"},{"taxonomy":"product_tag","embeddable":true,"href":"https:\/\/proliquidpc.com\/fr\/wp-json\/wp\/v2\/product_tag?post=7437"}],"curies":[{"name":"wp","href":"https:\/\/api.w.org\/{rel}","templated":true}]}}