{"id":7468,"date":"2024-10-30T16:48:07","date_gmt":"2024-10-30T20:48:07","guid":{"rendered":"https:\/\/dev.proliquidpc.com\/boutique\/non%20class\u00e9\/bykski-bloc-cpu-amd-cpu-ray-mk-m-5v\/"},"modified":"2025-02-19T03:07:48","modified_gmt":"2025-02-19T08:07:48","slug":"bykski-bloc-cpu-amd-cpu-ray-mk-m-5v","status":"publish","type":"product","link":"https:\/\/proliquidpc.com\/fr\/boutique\/cpu-waterblock\/cpu-amd\/bykski-bloc-cpu-amd-cpu-ray-mk-m-5v\/","title":{"rendered":"Bykski Bloc CPU AMD CPU-RAY-MK-M &#8211; 5V"},"content":{"rendered":"<p>Ce bloc de refroidissement par eau pour processeur Bykski est dot\u00e9 d\u2019une plaque de base enti\u00e8rement en cuivre qui est recouverte d\u2019un dessus en PMMA usin\u00e9 avec pr\u00e9cision avec un couvercle en aluminium. Ce bloc s\u2019adapte \u00e0 une grande vari\u00e9t\u00e9 de processeurs AMD actuels, y compris ThreadRipper, ce qui en fait un excellent choix pour les utilisateurs d\u2019AMD.<\/p>\n<p>La base du bloc est galvanis\u00e9e pour \u00e9viter l\u2019oxydation. La table est en PMMA hautement poli avec un couvercle d\u2019accent noir qui n\u2019est pas en contact avec le liquide de refroidissement. Une conception \u00e0 haut d\u00e9bit est obtenue \u00e0 l\u2019aide de canaux de 0,5 mm. Cela cr\u00e9e une bonne dissipation de la chaleur et permet des performances maximales.<\/p>\n<p>Fonctionnalit\u00e9s<br \/>\nLe meilleur savoir-faire<br \/>\nCon\u00e7u pour s\u2019adapter aux fittings filet\u00e9s standard G1\/4&Prime;<br \/>\nSp\u00e9cifications<br \/>\nMod\u00e8le :CPU-RAY-MK-M<br \/>\nMarque :Bykski<br \/>\nMat\u00e9riel : Base en cuivre haute puret\u00e9 galvanis\u00e9 \/ Dessus en PMMA \/ Couvercle d\u2019accent en aluminium<br \/>\nFiletage : G1 \/ 4<br \/>\nCanal : 0,5 mm<br \/>\nCompatibilit\u00e9<br \/>\nBoucle : Non-aluminium<br \/>\nSocket :AMD AM4 (Ryzen 9, 7, 5, 3)\/AM3+\/AM3\/AM2+\/AM2\/FM2+\/FM2\/FM1, TR4\/sTRX4<br \/>\nfittings :G1\/4&Prime; filetage<br \/>\nPi\u00e8ces incluses<br \/>\n1x bloc de refroidissement par eau du processeur<br \/>\n1x mat\u00e9riel de montage<br \/>\nLED RVB adressable 5 V (RBW)<br \/>\nAvertissements<br \/>\nLe fabricant se r\u00e9serve le droit de modifier la conception du bloc pour \u00e9tendre la compatibilit\u00e9. L\u2019article livr\u00e9 peut ne pas correspondre \u00e0 100% \u00e0 l\u2019article illustr\u00e9.<\/p>\n<p>Nous ne sommes pas responsables des dommages caus\u00e9s par ou lors de l\u2019utilisation de ce produit. Veuillez utiliser \u00e0 vos risques et p\u00e9rils.<\/p>\n","protected":false},"excerpt":{"rendered":"<p>Ce bloc de refroidissement par eau pour processeur Bykski est dot\u00e9 d\u2019une plaque de base enti\u00e8rement en cuivre qui est recouverte d\u2019un dessus en PMMA usin\u00e9 avec pr\u00e9cision avec un couvercle en aluminium. Ce bloc s\u2019adapte \u00e0 une grande vari\u00e9t\u00e9 de processeurs AMD actuels, y compris ThreadRipper, ce qui en fait un excellent choix pour [&hellip;]<\/p>\n","protected":false},"featured_media":7469,"template":"","meta":{"_genesis_hide_title":false,"_genesis_hide_breadcrumbs":false,"_genesis_hide_singular_image":false,"_genesis_hide_footer_widgets":false,"_genesis_custom_body_class":"","_genesis_custom_post_class":"","_genesis_layout":""},"product_brand":[],"product_cat":[37,36],"product_tag":[],"class_list":{"0":"post-7468","1":"product","2":"type-product","3":"status-publish","4":"has-post-thumbnail","6":"product_cat-cpu-amd","7":"product_cat-cpu-waterblock","8":"entry","10":"first","11":"instock","12":"taxable","13":"shipping-taxable","14":"purchasable","15":"product-type-simple"},"_links":{"self":[{"href":"https:\/\/proliquidpc.com\/fr\/wp-json\/wp\/v2\/product\/7468","targetHints":{"allow":["GET"]}}],"collection":[{"href":"https:\/\/proliquidpc.com\/fr\/wp-json\/wp\/v2\/product"}],"about":[{"href":"https:\/\/proliquidpc.com\/fr\/wp-json\/wp\/v2\/types\/product"}],"wp:featuredmedia":[{"embeddable":true,"href":"https:\/\/proliquidpc.com\/fr\/wp-json\/wp\/v2\/media\/7469"}],"wp:attachment":[{"href":"https:\/\/proliquidpc.com\/fr\/wp-json\/wp\/v2\/media?parent=7468"}],"wp:term":[{"taxonomy":"product_brand","embeddable":true,"href":"https:\/\/proliquidpc.com\/fr\/wp-json\/wp\/v2\/product_brand?post=7468"},{"taxonomy":"product_cat","embeddable":true,"href":"https:\/\/proliquidpc.com\/fr\/wp-json\/wp\/v2\/product_cat?post=7468"},{"taxonomy":"product_tag","embeddable":true,"href":"https:\/\/proliquidpc.com\/fr\/wp-json\/wp\/v2\/product_tag?post=7468"}],"curies":[{"name":"wp","href":"https:\/\/api.w.org\/{rel}","templated":true}]}}