{"id":7481,"date":"2024-10-30T16:48:07","date_gmt":"2024-10-30T20:48:07","guid":{"rendered":"https:\/\/dev.proliquidpc.com\/boutique\/non%20class\u00e9\/bloc-cpu-intel-bykski-cpu-xpr-mk-i-v4\/"},"modified":"2025-01-19T16:35:12","modified_gmt":"2025-01-19T21:35:12","slug":"bloc-cpu-intel-bykski-cpu-xpr-mk-i-v4","status":"publish","type":"product","link":"https:\/\/proliquidpc.com\/fr\/boutique\/cpu-waterblock\/cpu-intel\/bloc-cpu-intel-bykski-cpu-xpr-mk-i-v4\/","title":{"rendered":"Bloc CPU Intel Bykski CPU-XPR-MK-I-V4"},"content":{"rendered":"<p>Le bloc de refroidissement par eau du processeur Bykski CPU-XPR-MK-I-V4 est dot\u00e9 d\u2019une plaque sup\u00e9rieure en aluminium qui recouvre le dessus en PMMA usin\u00e9 avec pr\u00e9cision. Le PMMA sur les c\u00f4t\u00e9s et autour des ports permet aux couleurs de s\u2019\u00e9couler lorsque les lumi\u00e8res RBW incluses sont engag\u00e9es.<\/p>\n<p>Le bloc est construit en cuivre de haute puret\u00e9 qui est galvanis\u00e9 pour \u00e9viter l\u2019oxydation. Une conception \u00e0 haut d\u00e9bit est utilis\u00e9e pour permettre des performances maximales.<\/p>\n<p>Fonctionnalit\u00e9s<br \/>\nLe meilleur savoir-faire<br \/>\nCon\u00e7u pour s\u2019adapter \u00e0 la norme G1\/4&Prime; po. fittings filet\u00e9s<br \/>\nSp\u00e9cifications<br \/>\nMod\u00e8le : CPU-XPR-MK-I-V4<br \/>\nMarque : Bykski<br \/>\nMat\u00e9riau : Base en cuivre haute puret\u00e9 galvanis\u00e9 \/ Dessus en PMMA \/ Couvercle d\u2019accent en aluminium (pas en contact avec le liquide de refroidissement)<br \/>\nFiletage : G1\/4&Prime; po.<br \/>\nCanal : 0,5 mm<br \/>\nCompatibilit\u00e9<br \/>\nSocket : Intel LGA 1150\/1151\/1155\/1156\/1200 \/ LGA 2011\/2066<br \/>\nAccastillage : G1\/4&Prime; po. Fil<br \/>\nPi\u00e8ces incluses<br \/>\n1x bloc de refroidissement par eau du processeur<br \/>\n1x mat\u00e9riel de montage<br \/>\n1x \u00e9clairage RVB adressable 5v (RBW)<br \/>\nAvertissements<br \/>\nLe fabricant se r\u00e9serve le droit de modifier la conception du bloc pour \u00e9tendre la compatibilit\u00e9. L\u2019article livr\u00e9 peut ne pas correspondre \u00e0 100% \u00e0 l\u2019article illustr\u00e9.<\/p>\n<p>Nous ne sommes pas responsables des dommages caus\u00e9s par ou lors de l\u2019utilisation de ce produit.<\/p>\n","protected":false},"excerpt":{"rendered":"<p>Le bloc de refroidissement par eau du processeur Bykski CPU-XPR-MK-I-V4 est dot\u00e9 d\u2019une plaque sup\u00e9rieure en aluminium qui recouvre le dessus en PMMA usin\u00e9 avec pr\u00e9cision. Le PMMA sur les c\u00f4t\u00e9s et autour des ports permet aux couleurs de s\u2019\u00e9couler lorsque les lumi\u00e8res RBW incluses sont engag\u00e9es. Le bloc est construit en cuivre de haute [&hellip;]<\/p>\n","protected":false},"featured_media":7482,"template":"","meta":{"_genesis_hide_title":false,"_genesis_hide_breadcrumbs":false,"_genesis_hide_singular_image":false,"_genesis_hide_footer_widgets":false,"_genesis_custom_body_class":"","_genesis_custom_post_class":"","_genesis_layout":""},"product_brand":[],"product_cat":[43,36],"product_tag":[],"class_list":{"0":"post-7481","1":"product","2":"type-product","3":"status-publish","4":"has-post-thumbnail","6":"product_cat-cpu-intel","7":"product_cat-cpu-waterblock","8":"entry","10":"first","11":"instock","12":"taxable","13":"shipping-taxable","14":"purchasable","15":"product-type-simple"},"_links":{"self":[{"href":"https:\/\/proliquidpc.com\/fr\/wp-json\/wp\/v2\/product\/7481","targetHints":{"allow":["GET"]}}],"collection":[{"href":"https:\/\/proliquidpc.com\/fr\/wp-json\/wp\/v2\/product"}],"about":[{"href":"https:\/\/proliquidpc.com\/fr\/wp-json\/wp\/v2\/types\/product"}],"wp:featuredmedia":[{"embeddable":true,"href":"https:\/\/proliquidpc.com\/fr\/wp-json\/wp\/v2\/media\/7482"}],"wp:attachment":[{"href":"https:\/\/proliquidpc.com\/fr\/wp-json\/wp\/v2\/media?parent=7481"}],"wp:term":[{"taxonomy":"product_brand","embeddable":true,"href":"https:\/\/proliquidpc.com\/fr\/wp-json\/wp\/v2\/product_brand?post=7481"},{"taxonomy":"product_cat","embeddable":true,"href":"https:\/\/proliquidpc.com\/fr\/wp-json\/wp\/v2\/product_cat?post=7481"},{"taxonomy":"product_tag","embeddable":true,"href":"https:\/\/proliquidpc.com\/fr\/wp-json\/wp\/v2\/product_tag?post=7481"}],"curies":[{"name":"wp","href":"https:\/\/api.w.org\/{rel}","templated":true}]}}