{"id":7494,"date":"2024-10-30T16:48:07","date_gmt":"2024-10-30T20:48:07","guid":{"rendered":"https:\/\/dev.proliquidpc.com\/boutique\/non%20class\u00e9\/waterblock-bykski-pour-cpu-cpu-xpr-pom-m-v2-noir\/"},"modified":"2025-08-16T14:53:29","modified_gmt":"2025-08-16T18:53:29","slug":"waterblock-bykski-pour-cpu-cpu-xpr-pom-m-v2-noir","status":"publish","type":"product","link":"https:\/\/proliquidpc.com\/fr\/boutique\/cpu-waterblock\/cpu-amd\/waterblock-bykski-pour-cpu-cpu-xpr-pom-m-v2-noir\/","title":{"rendered":"Waterblock Bykski pour CPU AMD &#8211; CPU-XPR-POM-M-V2 &#8211; Noir"},"content":{"rendered":"<p>Ce waterblock pour processeur Bykski est dot\u00e9 d\u2019une plaque de base en cuivre galvanis\u00e9 qui est recouverte d\u2019un dessus en POM usin\u00e9 avec pr\u00e9cision. Ce bloc s\u2019adapte \u00e0 une grande vari\u00e9t\u00e9 de processeurs AMD actuels, ce qui en fait un excellent choix pour les utilisateurs d\u2019AMD.<\/p>\n<p>La base du bloc est galvanis\u00e9e pour \u00e9viter l\u2019oxydation. Le dessus est en mat\u00e9riau POM noir avec un logo d\u2019accent noir donnant au bloc un look \u00e9pur\u00e9 et \u00e9l\u00e9gant. Une conception \u00e0 haut d\u00e9bit est obtenue \u00e0 l\u2019aide de canaux de 0,5 mm. Cela cr\u00e9e une bonne dissipation de la chaleur et permet des performances maximales.<\/p>\n<p>Fonctionnalit\u00e9s<br \/>\nLe meilleur savoir-faire<br \/>\nCon\u00e7u pour s\u2019adapter aux fittings filet\u00e9s standard G1\/4&Prime;<\/p>\n<p>Sp\u00e9cifications<br \/>\nMod\u00e8le : CPU-XPR-POM-M-V2<br \/>\nMarque : Bykski<br \/>\nMat\u00e9riel : Base en cuivre de haute puret\u00e9 galvanis\u00e9 \/ POM Top<br \/>\nFiletage : G1\/4&Prime;<br \/>\nCanal : 0,5 mm<\/p>\n<p>Compatibilit\u00e9<br \/>\nBoucle : Non-aluminium<br \/>\nSocket : Socket :AMD AM2 \/ AM3 \/ AM4 \/ FM2+ \/ FM2 \/ FM1 \/ Ryzen 3\/5\/7\/9<br \/>\nFiletage : G1\/4&Prime;<\/p>\n<p>Pi\u00e8ces incluses<br \/>\n1x bloc de refroidissement par eau du processeur<br \/>\n1x mat\u00e9riel de montage<\/p>\n<p>Avertissements<br \/>\nLe fabricant se r\u00e9serve le droit de modifier la conception du bloc pour \u00e9tendre la compatibilit\u00e9. L\u2019article livr\u00e9 peut ne pas correspondre \u00e0 100% \u00e0 l\u2019article illustr\u00e9.<\/p>\n","protected":false},"excerpt":{"rendered":"<p>Ce waterblock pour processeur Bykski est dot\u00e9 d\u2019une plaque de base en cuivre galvanis\u00e9 qui est recouverte d\u2019un dessus en POM usin\u00e9 avec pr\u00e9cision. Ce bloc s\u2019adapte \u00e0 une grande vari\u00e9t\u00e9 de processeurs AMD actuels, ce qui en fait un excellent choix pour les utilisateurs d\u2019AMD. La base du bloc est galvanis\u00e9e pour \u00e9viter l\u2019oxydation. [&hellip;]<\/p>\n","protected":false},"featured_media":7495,"template":"","meta":{"_genesis_hide_title":false,"_genesis_hide_breadcrumbs":false,"_genesis_hide_singular_image":false,"_genesis_hide_footer_widgets":false,"_genesis_custom_body_class":"","_genesis_custom_post_class":"","_genesis_layout":""},"product_brand":[],"product_cat":[37,36],"product_tag":[],"class_list":{"0":"post-7494","1":"product","2":"type-product","3":"status-publish","4":"has-post-thumbnail","6":"product_cat-cpu-amd","7":"product_cat-cpu-waterblock","8":"entry","10":"first","11":"outofstock","12":"taxable","13":"shipping-taxable","14":"purchasable","15":"product-type-simple"},"_links":{"self":[{"href":"https:\/\/proliquidpc.com\/fr\/wp-json\/wp\/v2\/product\/7494","targetHints":{"allow":["GET"]}}],"collection":[{"href":"https:\/\/proliquidpc.com\/fr\/wp-json\/wp\/v2\/product"}],"about":[{"href":"https:\/\/proliquidpc.com\/fr\/wp-json\/wp\/v2\/types\/product"}],"wp:featuredmedia":[{"embeddable":true,"href":"https:\/\/proliquidpc.com\/fr\/wp-json\/wp\/v2\/media\/7495"}],"wp:attachment":[{"href":"https:\/\/proliquidpc.com\/fr\/wp-json\/wp\/v2\/media?parent=7494"}],"wp:term":[{"taxonomy":"product_brand","embeddable":true,"href":"https:\/\/proliquidpc.com\/fr\/wp-json\/wp\/v2\/product_brand?post=7494"},{"taxonomy":"product_cat","embeddable":true,"href":"https:\/\/proliquidpc.com\/fr\/wp-json\/wp\/v2\/product_cat?post=7494"},{"taxonomy":"product_tag","embeddable":true,"href":"https:\/\/proliquidpc.com\/fr\/wp-json\/wp\/v2\/product_tag?post=7494"}],"curies":[{"name":"wp","href":"https:\/\/api.w.org\/{rel}","templated":true}]}}