{"id":7510,"date":"2024-10-30T16:48:07","date_gmt":"2024-10-30T20:48:07","guid":{"rendered":"https:\/\/dev.proliquidpc.com\/boutique\/non%20class\u00e9\/support-de-bloc-cpu-barrow-simple-series-intel-115x-1200-czj115s\/"},"modified":"2025-03-09T21:50:20","modified_gmt":"2025-03-10T01:50:20","slug":"support-de-bloc-cpu-barrow-simple-series-intel-115x-1200-czj115s","status":"publish","type":"product","link":"https:\/\/proliquidpc.com\/fr\/boutique\/cpu-waterblock\/cpu-intel\/support-de-bloc-cpu-barrow-simple-series-intel-115x-1200-czj115s\/","title":{"rendered":"Support de bloc CPU Barrow Simple Series INTEL 115X\/1200 &#8211; CZJ115S"},"content":{"rendered":"<p>L\u2019ensemble de refroidissement structurel en alliage d\u2019aluminium D5 \/ MCP655 prend en charge la modification sp\u00e9ciale de la pompe Barrow s\u00e9rie D5 sur le couvercle et peut \u00eatre compatible avec le corps de pompe d\u2019origine. Le produit est compos\u00e9 de 2 parties en alliage d\u2019aluminium, couvercle arri\u00e8re et but\u00e9e arri\u00e8re. Apr\u00e8s le bloc, mettez de c\u00f4t\u00e9 la position du trou de conduite, et peut \u00eatre parfaitement compatible avec la pompe de contr\u00f4le de vitesse<\/p>\n<p>Remarque : En raison de diff\u00e9rents \u00e9crans d\u2019ordinateur et d\u2019autres raisons, les couleurs des produits illustr\u00e9s peuvent l\u00e9g\u00e8rement diff\u00e9rer par rapport \u00e0 ce que vous recevez.<\/p>\n","protected":false},"excerpt":{"rendered":"<p>L\u2019ensemble de refroidissement structurel en alliage d\u2019aluminium D5 \/ MCP655 prend en charge la modification sp\u00e9ciale de la pompe Barrow s\u00e9rie D5 sur le couvercle et peut \u00eatre compatible avec le corps de pompe d\u2019origine. Le produit est compos\u00e9 de 2 parties en alliage d\u2019aluminium, couvercle arri\u00e8re et but\u00e9e arri\u00e8re. Apr\u00e8s le bloc, mettez de [&hellip;]<\/p>\n","protected":false},"featured_media":7511,"template":"","meta":{"_genesis_hide_title":false,"_genesis_hide_breadcrumbs":false,"_genesis_hide_singular_image":false,"_genesis_hide_footer_widgets":false,"_genesis_custom_body_class":"","_genesis_custom_post_class":"","_genesis_layout":""},"product_brand":[233],"product_cat":[43,36],"product_tag":[],"class_list":{"0":"post-7510","1":"product","2":"type-product","3":"status-publish","4":"has-post-thumbnail","6":"product_brand-barrow","7":"product_cat-cpu-intel","8":"product_cat-cpu-waterblock","9":"entry","11":"first","12":"instock","13":"taxable","14":"shipping-taxable","15":"purchasable","16":"product-type-simple"},"_links":{"self":[{"href":"https:\/\/proliquidpc.com\/fr\/wp-json\/wp\/v2\/product\/7510","targetHints":{"allow":["GET"]}}],"collection":[{"href":"https:\/\/proliquidpc.com\/fr\/wp-json\/wp\/v2\/product"}],"about":[{"href":"https:\/\/proliquidpc.com\/fr\/wp-json\/wp\/v2\/types\/product"}],"wp:featuredmedia":[{"embeddable":true,"href":"https:\/\/proliquidpc.com\/fr\/wp-json\/wp\/v2\/media\/7511"}],"wp:attachment":[{"href":"https:\/\/proliquidpc.com\/fr\/wp-json\/wp\/v2\/media?parent=7510"}],"wp:term":[{"taxonomy":"product_brand","embeddable":true,"href":"https:\/\/proliquidpc.com\/fr\/wp-json\/wp\/v2\/product_brand?post=7510"},{"taxonomy":"product_cat","embeddable":true,"href":"https:\/\/proliquidpc.com\/fr\/wp-json\/wp\/v2\/product_cat?post=7510"},{"taxonomy":"product_tag","embeddable":true,"href":"https:\/\/proliquidpc.com\/fr\/wp-json\/wp\/v2\/product_tag?post=7510"}],"curies":[{"name":"wp","href":"https:\/\/api.w.org\/{rel}","templated":true}]}}