{"id":7516,"date":"2024-10-30T16:48:07","date_gmt":"2024-10-30T20:48:07","guid":{"rendered":"https:\/\/dev.proliquidpc.com\/boutique\/non%20class\u00e9\/barrow-120mm-x-30mm-radiateur-en-cuivre-dabel-30a-120\/"},"modified":"2025-03-09T21:50:30","modified_gmt":"2025-03-10T01:50:30","slug":"barrow-120mm-x-30mm-radiateur-en-cuivre-dabel-30a-120","status":"publish","type":"product","link":"https:\/\/proliquidpc.com\/fr\/boutique\/radiateurs\/120mm\/barrow-120mm-x-30mm-radiateur-en-cuivre-dabel-30a-120\/","title":{"rendered":"Barrow 120mm x 30mm Radiateur en Cuivre &#8211; Dabel-30A 120"},"content":{"rendered":"<p>01 **Circulation multicanal**<br \/>\n14 canaux de circulation, augmentant directement la surface de dissipation thermique du radiateur gr\u00e2ce \u00e0 l&rsquo;augmentation des canaux.<\/p>\n<p>02 **Chambre de grande capacit\u00e9**<br \/>\nPeut stocker plus de liquide de refroidissement pour la dissipation thermique.<\/p>\n<p>03 **Circuit de dissipation thermique tournant**<br \/>\nAugmente la distance de circulation du liquide de refroidissement \u00e0 l&rsquo;int\u00e9rieur du radiateur, rendant la dissipation thermique plus efficace.<\/p>\n<p>04 **Mat\u00e9riaux r\u00e9els**<br \/>\nLe laiton et le cuivre sont utilis\u00e9s comme mat\u00e9riaux de la chambre d&rsquo;eau et de la plaque ondul\u00e9e pour am\u00e9liorer la dissipation thermique. Avec un support de montage en acier inoxydable, ext\u00e9rieur avec logo laser.<\/p>\n<p>05 **Diverses longueurs disponibles**<br \/>\nTailles disponibles : 120 | 240 | 360 | 480<\/p>\n<p>06 **S\u00e9lection et installation des vis**<br \/>\nPlacez le ventilateur et le radiateur ensemble comme indiqu\u00e9 sur la figure, comparez les vis comme indiqu\u00e9. S\u00e9lectionnez les vis appropri\u00e9es en fonction de la situation r\u00e9elle.<\/p>\n<p>Mod\u00e8le : Dabel-30a<br \/>\nMat\u00e9riau : Ailettes en cuivre, chambre d&rsquo;eau en laiton, support de fixation en acier inoxydable<br \/>\nStructure interne : Tube plat en cuivre, 14 pi\u00e8ces, 114x2x17mm<br \/>\nAilette : Densit\u00e9 18 pi\u00e8ces\/pouce, hauteur 18,5mm<br \/>\nPerformance : Performance thermique puissante<br \/>\nVentilateurs compatibles : Ventilateur 120 x 1<br \/>\nFixation de la fan : Trou de vis x 4 sur chaque surface de travail<br \/>\nInterface : G1\/4&Prime; x 2<br \/>\nAccessoires : Vis M3*6 x 8, vis M3*30 x 4, vis M3*35 x 4, cl\u00e9 hexagonale 2mm x1, joint noir M3*7*0,5 x 4<br \/>\nTaille : 155 x 120 x 30mm<br \/>\nPression de d\u00e9tection : 0,32 bar<br \/>\nCapacit\u00e9 : 150ml<br \/>\nCouleur : Noir<\/p>\n","protected":false},"excerpt":{"rendered":"<p>01 **Circulation multicanal** 14 canaux de circulation, augmentant directement la surface de dissipation thermique du radiateur gr\u00e2ce \u00e0 l&rsquo;augmentation des canaux. 02 **Chambre de grande capacit\u00e9** Peut stocker plus de liquide de refroidissement pour la dissipation thermique. 03 **Circuit de dissipation thermique tournant** Augmente la distance de circulation du liquide de refroidissement \u00e0 l&rsquo;int\u00e9rieur du [&hellip;]<\/p>\n","protected":false},"featured_media":7517,"template":"","meta":{"_genesis_hide_title":false,"_genesis_hide_breadcrumbs":false,"_genesis_hide_singular_image":false,"_genesis_hide_footer_widgets":false,"_genesis_custom_body_class":"","_genesis_custom_post_class":"","_genesis_layout":""},"product_brand":[233],"product_cat":[23,78],"product_tag":[],"class_list":{"0":"post-7516","1":"product","2":"type-product","3":"status-publish","4":"has-post-thumbnail","6":"product_brand-barrow","7":"product_cat-radiateurs","8":"product_cat-120mm","9":"entry","11":"first","12":"instock","13":"taxable","14":"shipping-taxable","15":"purchasable","16":"product-type-simple"},"_links":{"self":[{"href":"https:\/\/proliquidpc.com\/fr\/wp-json\/wp\/v2\/product\/7516","targetHints":{"allow":["GET"]}}],"collection":[{"href":"https:\/\/proliquidpc.com\/fr\/wp-json\/wp\/v2\/product"}],"about":[{"href":"https:\/\/proliquidpc.com\/fr\/wp-json\/wp\/v2\/types\/product"}],"wp:featuredmedia":[{"embeddable":true,"href":"https:\/\/proliquidpc.com\/fr\/wp-json\/wp\/v2\/media\/7517"}],"wp:attachment":[{"href":"https:\/\/proliquidpc.com\/fr\/wp-json\/wp\/v2\/media?parent=7516"}],"wp:term":[{"taxonomy":"product_brand","embeddable":true,"href":"https:\/\/proliquidpc.com\/fr\/wp-json\/wp\/v2\/product_brand?post=7516"},{"taxonomy":"product_cat","embeddable":true,"href":"https:\/\/proliquidpc.com\/fr\/wp-json\/wp\/v2\/product_cat?post=7516"},{"taxonomy":"product_tag","embeddable":true,"href":"https:\/\/proliquidpc.com\/fr\/wp-json\/wp\/v2\/product_tag?post=7516"}],"curies":[{"name":"wp","href":"https:\/\/api.w.org\/{rel}","templated":true}]}}