{"id":7523,"date":"2024-10-30T16:48:07","date_gmt":"2024-10-30T20:48:07","guid":{"rendered":"https:\/\/dev.proliquidpc.com\/boutique\/non%20class\u00e9\/barrow-360mm-x-60mm-radiateur-en-cuivre-dabel-60a-360\/"},"modified":"2025-03-09T21:50:34","modified_gmt":"2025-03-10T01:50:34","slug":"barrow-360mm-x-60mm-radiateur-en-cuivre-dabel-60a-360","status":"publish","type":"product","link":"https:\/\/proliquidpc.com\/fr\/boutique\/radiateurs\/360mm\/barrow-360mm-x-60mm-radiateur-en-cuivre-dabel-60a-360\/","title":{"rendered":"Barrow 360mm x 60mm Radiateur en Cuivre &#8211; Dabel-60D 360"},"content":{"rendered":"<p>Radiateur de la s\u00e9rie BARROW Dabel-60D en cuivre rouge hauteur standard de 60 mm, adapt\u00e9 aux exigences \u00e9lev\u00e9es de dissipation thermique de l\u2019installation et de l\u2019utilisation d\u2019un syst\u00e8me de refroidissement au liquide.<\/p>\n<p>Le circuit d&rsquo;eau est en cuivre pur, la chambre d\u2019eau est en laiton et le support de montage du ventilateur est en acier inoxydable.<\/p>\n<p>\u00c0 trois types de sp\u00e9cifications de longueur, en utilisant une conception de tube \u00e0 ailettes \u00e0 onde unique haute densit\u00e9 \u00e0 12 canaux, la conception d\u2019une structure en forme d\u2019ailette de tube plat multicanal +12 \u00e0 haut rendement, l\u2019efficacit\u00e9 du transfert de chaleur peut fournir une meilleure et plus grande surface de contact avec l\u2019air, aider \u00e0 am\u00e9liorer et \u00e0 renforcer la capacit\u00e9 de refroidissement du refroidissement. Double buse double face + buse simple inf\u00e9rieure combinaison de 5 interfaces, offrant une richesse d\u2019expansion et de praticit\u00e9<\/p>\n","protected":false},"excerpt":{"rendered":"<p>Radiateur de la s\u00e9rie BARROW Dabel-60D en cuivre rouge hauteur standard de 60 mm, adapt\u00e9 aux exigences \u00e9lev\u00e9es de dissipation thermique de l\u2019installation et de l\u2019utilisation d\u2019un syst\u00e8me de refroidissement au liquide. Le circuit d&rsquo;eau est en cuivre pur, la chambre d\u2019eau est en laiton et le support de montage du ventilateur est en acier [&hellip;]<\/p>\n","protected":false},"featured_media":7524,"template":"","meta":{"_genesis_hide_title":false,"_genesis_hide_breadcrumbs":false,"_genesis_hide_singular_image":false,"_genesis_hide_footer_widgets":false,"_genesis_custom_body_class":"","_genesis_custom_post_class":"","_genesis_layout":""},"product_brand":[233],"product_cat":[23,33],"product_tag":[],"class_list":{"0":"post-7523","1":"product","2":"type-product","3":"status-publish","4":"has-post-thumbnail","6":"product_brand-barrow","7":"product_cat-radiateurs","8":"product_cat-360mm","9":"entry","11":"first","12":"instock","13":"taxable","14":"shipping-taxable","15":"purchasable","16":"product-type-simple"},"_links":{"self":[{"href":"https:\/\/proliquidpc.com\/fr\/wp-json\/wp\/v2\/product\/7523","targetHints":{"allow":["GET"]}}],"collection":[{"href":"https:\/\/proliquidpc.com\/fr\/wp-json\/wp\/v2\/product"}],"about":[{"href":"https:\/\/proliquidpc.com\/fr\/wp-json\/wp\/v2\/types\/product"}],"wp:featuredmedia":[{"embeddable":true,"href":"https:\/\/proliquidpc.com\/fr\/wp-json\/wp\/v2\/media\/7524"}],"wp:attachment":[{"href":"https:\/\/proliquidpc.com\/fr\/wp-json\/wp\/v2\/media?parent=7523"}],"wp:term":[{"taxonomy":"product_brand","embeddable":true,"href":"https:\/\/proliquidpc.com\/fr\/wp-json\/wp\/v2\/product_brand?post=7523"},{"taxonomy":"product_cat","embeddable":true,"href":"https:\/\/proliquidpc.com\/fr\/wp-json\/wp\/v2\/product_cat?post=7523"},{"taxonomy":"product_tag","embeddable":true,"href":"https:\/\/proliquidpc.com\/fr\/wp-json\/wp\/v2\/product_tag?post=7523"}],"curies":[{"name":"wp","href":"https:\/\/api.w.org\/{rel}","templated":true}]}}