{"id":7531,"date":"2024-10-30T16:48:07","date_gmt":"2024-10-30T20:48:07","guid":{"rendered":"https:\/\/dev.proliquidpc.com\/boutique\/non%20class\u00e9\/iceman-cooler-cpu-delid-die-guard-lga-115x-6-7-8-series-dg-6s\/"},"modified":"2025-01-19T16:35:42","modified_gmt":"2025-01-19T21:35:42","slug":"iceman-cooler-cpu-delid-die-guard-lga-115x-6-7-8-series-dg-6s","status":"publish","type":"product","link":"https:\/\/proliquidpc.com\/fr\/boutique\/cpu-waterblock\/cpu-intel\/iceman-cooler-cpu-delid-die-guard-lga-115x-6-7-8-series-dg-6s\/","title":{"rendered":"ICEMan Cooler CPU Delid Die Guard &#8211; LGA 115X 6\/7\/8 Series &#8211; DG-6S"},"content":{"rendered":"<p>Apr\u00e8s avoir retir\u00e9 le capot sup\u00e9rieur du processeur et \u00e9t\u00e9 en contact direct avec la dissipation thermique du noyau, le protecteur peut prot\u00e9ger le noyau contre l\u2019\u00e9crasement.<\/p>\n","protected":false},"excerpt":{"rendered":"<p>Apr\u00e8s avoir retir\u00e9 le capot sup\u00e9rieur du processeur et \u00e9t\u00e9 en contact direct avec la dissipation thermique du noyau, le protecteur peut prot\u00e9ger le noyau contre l\u2019\u00e9crasement.<\/p>\n","protected":false},"featured_media":7532,"template":"","meta":{"_genesis_hide_title":false,"_genesis_hide_breadcrumbs":false,"_genesis_hide_singular_image":false,"_genesis_hide_footer_widgets":false,"_genesis_custom_body_class":"","_genesis_custom_post_class":"","_genesis_layout":""},"product_brand":[],"product_cat":[43,36],"product_tag":[],"class_list":{"0":"post-7531","1":"product","2":"type-product","3":"status-publish","4":"has-post-thumbnail","6":"product_cat-cpu-intel","7":"product_cat-cpu-waterblock","8":"entry","10":"first","11":"instock","12":"taxable","13":"shipping-taxable","14":"purchasable","15":"product-type-simple"},"_links":{"self":[{"href":"https:\/\/proliquidpc.com\/fr\/wp-json\/wp\/v2\/product\/7531","targetHints":{"allow":["GET"]}}],"collection":[{"href":"https:\/\/proliquidpc.com\/fr\/wp-json\/wp\/v2\/product"}],"about":[{"href":"https:\/\/proliquidpc.com\/fr\/wp-json\/wp\/v2\/types\/product"}],"wp:featuredmedia":[{"embeddable":true,"href":"https:\/\/proliquidpc.com\/fr\/wp-json\/wp\/v2\/media\/7532"}],"wp:attachment":[{"href":"https:\/\/proliquidpc.com\/fr\/wp-json\/wp\/v2\/media?parent=7531"}],"wp:term":[{"taxonomy":"product_brand","embeddable":true,"href":"https:\/\/proliquidpc.com\/fr\/wp-json\/wp\/v2\/product_brand?post=7531"},{"taxonomy":"product_cat","embeddable":true,"href":"https:\/\/proliquidpc.com\/fr\/wp-json\/wp\/v2\/product_cat?post=7531"},{"taxonomy":"product_tag","embeddable":true,"href":"https:\/\/proliquidpc.com\/fr\/wp-json\/wp\/v2\/product_tag?post=7531"}],"curies":[{"name":"wp","href":"https:\/\/api.w.org\/{rel}","templated":true}]}}