{"id":7534,"date":"2024-10-30T16:48:07","date_gmt":"2024-10-30T20:48:07","guid":{"rendered":"https:\/\/dev.proliquidpc.com\/boutique\/non%20class\u00e9\/barrow-dk101-lrc-1-0-12v-4-broches-8-voies-controleur\/"},"modified":"2025-03-09T21:50:40","modified_gmt":"2025-03-10T01:50:40","slug":"barrow-dk101-lrc-1-0-12v-4-broches-8-voies-controleur","status":"publish","type":"product","link":"https:\/\/proliquidpc.com\/fr\/boutique\/led-controleurs\/12-volt\/barrow-dk101-lrc-1-0-12v-4-broches-8-voies-controleur\/","title":{"rendered":"Barrow DK101 LRC 1.0 12v 4 broches 8 voies Contr\u00f4leur"},"content":{"rendered":"<p>Mini-contr\u00f4leur RGB 8 voies Barrow avec t\u00e9l\u00e9commande. L\u2019unit\u00e9 est livr\u00e9e avec un support adh\u00e9sif \u00e0 fixer \u00e0 un bo\u00eetier d\u2019ordinateur. Le contr\u00f4leur est compatible avec les ventilateurs Barrow RGB.<\/p>\n<p>Sp\u00e9cification:<br \/>\nTension de fonctionnement : 12v DC<br \/>\nConnecteur d\u2019alimentation : MOLEX 4 broches<br \/>\nNombre de canaux RVB : 8<br \/>\nContenu de la livraison :<\/p>\n<p>1x contr\u00f4leur<br \/>\n1x t\u00e9l\u00e9commande<br \/>\n1x c\u00e2ble d\u2019alimentation MOLEX 4 broches<\/p>\n","protected":false},"excerpt":{"rendered":"<p>Mini-contr\u00f4leur RGB 8 voies Barrow avec t\u00e9l\u00e9commande. L\u2019unit\u00e9 est livr\u00e9e avec un support adh\u00e9sif \u00e0 fixer \u00e0 un bo\u00eetier d\u2019ordinateur. Le contr\u00f4leur est compatible avec les ventilateurs Barrow RGB. Sp\u00e9cification: Tension de fonctionnement : 12v DC Connecteur d\u2019alimentation : MOLEX 4 broches Nombre de canaux RVB : 8 Contenu de la livraison : 1x contr\u00f4leur [&hellip;]<\/p>\n","protected":false},"featured_media":7535,"template":"","meta":{"_genesis_hide_title":false,"_genesis_hide_breadcrumbs":false,"_genesis_hide_singular_image":false,"_genesis_hide_footer_widgets":false,"_genesis_custom_body_class":"","_genesis_custom_post_class":"","_genesis_layout":""},"product_brand":[233],"product_cat":[49,25],"product_tag":[],"class_list":{"0":"post-7534","1":"product","2":"type-product","3":"status-publish","4":"has-post-thumbnail","6":"product_brand-barrow","7":"product_cat-12-volt","8":"product_cat-led-controleurs","9":"entry","11":"first","12":"instock","13":"taxable","14":"shipping-taxable","15":"purchasable","16":"product-type-simple"},"_links":{"self":[{"href":"https:\/\/proliquidpc.com\/fr\/wp-json\/wp\/v2\/product\/7534","targetHints":{"allow":["GET"]}}],"collection":[{"href":"https:\/\/proliquidpc.com\/fr\/wp-json\/wp\/v2\/product"}],"about":[{"href":"https:\/\/proliquidpc.com\/fr\/wp-json\/wp\/v2\/types\/product"}],"wp:featuredmedia":[{"embeddable":true,"href":"https:\/\/proliquidpc.com\/fr\/wp-json\/wp\/v2\/media\/7535"}],"wp:attachment":[{"href":"https:\/\/proliquidpc.com\/fr\/wp-json\/wp\/v2\/media?parent=7534"}],"wp:term":[{"taxonomy":"product_brand","embeddable":true,"href":"https:\/\/proliquidpc.com\/fr\/wp-json\/wp\/v2\/product_brand?post=7534"},{"taxonomy":"product_cat","embeddable":true,"href":"https:\/\/proliquidpc.com\/fr\/wp-json\/wp\/v2\/product_cat?post=7534"},{"taxonomy":"product_tag","embeddable":true,"href":"https:\/\/proliquidpc.com\/fr\/wp-json\/wp\/v2\/product_tag?post=7534"}],"curies":[{"name":"wp","href":"https:\/\/api.w.org\/{rel}","templated":true}]}}