{"id":7539,"date":"2024-10-30T16:48:07","date_gmt":"2024-10-30T20:48:07","guid":{"rendered":"https:\/\/dev.proliquidpc.com\/boutique\/non%20class\u00e9\/barrow-lrc2-0-controleur-manuel-declairage-fan-16-voies-5v-compatible-avec-telecommande-dk301-16\/"},"modified":"2025-03-09T21:50:44","modified_gmt":"2025-03-10T01:50:44","slug":"barrow-lrc2-0-controleur-manuel-declairage-fan-16-voies-5v-compatible-avec-telecommande-dk301-16","status":"publish","type":"product","link":"https:\/\/proliquidpc.com\/fr\/boutique\/led-controleurs\/5-volt\/barrow-lrc2-0-controleur-manuel-declairage-fan-16-voies-5v-compatible-avec-telecommande-dk301-16\/","title":{"rendered":"Barrow LRC2.0 Contr\u00f4leur manuel d&rsquo;\u00e9clairage\/Fan 16 voies 5V compatible avec t\u00e9l\u00e9commande &#8211; DK301-16"},"content":{"rendered":"<p>Un contr\u00f4leur \u00e0 16 voies avec t\u00e9l\u00e9commande pour le syst\u00e8me de contr\u00f4le d\u2019\u00e9clairage version LRC2.0 de Barrow. Quelques exemples d\u2019application sont les bandes LED multicolores (LD2RT-50, LD2RT-100) ainsi que plusieurs waterblocks, ou tout ce qui vient de Barrow avec le logo LCR2.0 dessus. Il peut contr\u00f4ler le mode couleur (67 couleurs), la vitesse (8 vitesses) et offre un contr\u00f4le manuel complet. Il dispose \u00e9galement d\u2019une m\u00e9moire automatique, donc quel que soit le r\u00e9glage sur lequel vous l\u2019avez r\u00e9gl\u00e9, il reprendra lors de la prochaine mise sous tension.<\/p>\n<p>Ce contr\u00f4leur \u00e0 16 voies peut \u00e9galement \u00eatre utilis\u00e9 comme moyateur\/r\u00e9partiteur de ventilateur \u00e0 16 voies.<\/p>\n<p>Remarque : Ce produit n\u2019est pas compatible avec la version LRC1.0, la bande lumineuse et d\u2019autres produits d\u2019\u00e9clairage RGB.<\/p>\n<p>La lumi\u00e8re n\u2019est PAS incluse<\/p>\n","protected":false},"excerpt":{"rendered":"<p>Un contr\u00f4leur \u00e0 16 voies avec t\u00e9l\u00e9commande pour le syst\u00e8me de contr\u00f4le d\u2019\u00e9clairage version LRC2.0 de Barrow. Quelques exemples d\u2019application sont les bandes LED multicolores (LD2RT-50, LD2RT-100) ainsi que plusieurs waterblocks, ou tout ce qui vient de Barrow avec le logo LCR2.0 dessus. Il peut contr\u00f4ler le mode couleur (67 couleurs), la vitesse (8 vitesses) [&hellip;]<\/p>\n","protected":false},"featured_media":7540,"template":"","meta":{"_genesis_hide_title":false,"_genesis_hide_breadcrumbs":false,"_genesis_hide_singular_image":false,"_genesis_hide_footer_widgets":false,"_genesis_custom_body_class":"","_genesis_custom_post_class":"","_genesis_layout":""},"product_brand":[233],"product_cat":[26,25],"product_tag":[],"class_list":{"0":"post-7539","1":"product","2":"type-product","3":"status-publish","4":"has-post-thumbnail","6":"product_brand-barrow","7":"product_cat-5-volt","8":"product_cat-led-controleurs","9":"entry","11":"first","12":"instock","13":"taxable","14":"shipping-taxable","15":"purchasable","16":"product-type-simple"},"_links":{"self":[{"href":"https:\/\/proliquidpc.com\/fr\/wp-json\/wp\/v2\/product\/7539","targetHints":{"allow":["GET"]}}],"collection":[{"href":"https:\/\/proliquidpc.com\/fr\/wp-json\/wp\/v2\/product"}],"about":[{"href":"https:\/\/proliquidpc.com\/fr\/wp-json\/wp\/v2\/types\/product"}],"wp:featuredmedia":[{"embeddable":true,"href":"https:\/\/proliquidpc.com\/fr\/wp-json\/wp\/v2\/media\/7540"}],"wp:attachment":[{"href":"https:\/\/proliquidpc.com\/fr\/wp-json\/wp\/v2\/media?parent=7539"}],"wp:term":[{"taxonomy":"product_brand","embeddable":true,"href":"https:\/\/proliquidpc.com\/fr\/wp-json\/wp\/v2\/product_brand?post=7539"},{"taxonomy":"product_cat","embeddable":true,"href":"https:\/\/proliquidpc.com\/fr\/wp-json\/wp\/v2\/product_cat?post=7539"},{"taxonomy":"product_tag","embeddable":true,"href":"https:\/\/proliquidpc.com\/fr\/wp-json\/wp\/v2\/product_tag?post=7539"}],"curies":[{"name":"wp","href":"https:\/\/api.w.org\/{rel}","templated":true}]}}