{"id":7543,"date":"2024-10-30T16:48:07","date_gmt":"2024-10-30T20:48:07","guid":{"rendered":"https:\/\/dev.proliquidpc.com\/boutique\/non%20class\u00e9\/barrowch-mobula-boitier-de-panneau-modulaire-integre-simple-module-dinstallation-horizontal-de-la-carte-graphique-fbacex-01\/"},"modified":"2025-03-21T01:34:20","modified_gmt":"2025-03-21T05:34:20","slug":"barrowch-mobula-boitier-de-panneau-modulaire-integre-simple-module-dinstallation-horizontal-de-la-carte-graphique-fbacex-01","status":"publish","type":"product","link":"https:\/\/proliquidpc.com\/fr\/boutique\/supports\/barrowch-mobula-boitier-de-panneau-modulaire-integre-simple-module-dinstallation-horizontal-de-la-carte-graphique-fbacex-01\/","title":{"rendered":"Barrowch Mobula Bo\u00eetier de panneau modulaire int\u00e9gr\u00e9 simple Module d&rsquo;installation horizontal de la carte graphique FBACEX-01"},"content":{"rendered":"<p>Barrowch Mobula Bo\u00eetier de panneau modulaire int\u00e9gr\u00e9 simple Module d\u2019installation horizontal de la carte graphique<\/p>\n","protected":false},"excerpt":{"rendered":"<p>Barrowch Mobula Bo\u00eetier de panneau modulaire int\u00e9gr\u00e9 simple Module d\u2019installation horizontal de la carte graphique<\/p>\n","protected":false},"featured_media":7544,"template":"","meta":{"_genesis_hide_title":false,"_genesis_hide_breadcrumbs":false,"_genesis_hide_singular_image":false,"_genesis_hide_footer_widgets":false,"_genesis_custom_body_class":"","_genesis_custom_post_class":"","_genesis_layout":""},"product_brand":[233],"product_cat":[53],"product_tag":[],"class_list":{"0":"post-7543","1":"product","2":"type-product","3":"status-publish","4":"has-post-thumbnail","6":"product_brand-barrow","7":"product_cat-supports","8":"entry","10":"first","11":"outofstock","12":"taxable","13":"shipping-taxable","14":"purchasable","15":"product-type-simple"},"_links":{"self":[{"href":"https:\/\/proliquidpc.com\/fr\/wp-json\/wp\/v2\/product\/7543","targetHints":{"allow":["GET"]}}],"collection":[{"href":"https:\/\/proliquidpc.com\/fr\/wp-json\/wp\/v2\/product"}],"about":[{"href":"https:\/\/proliquidpc.com\/fr\/wp-json\/wp\/v2\/types\/product"}],"wp:featuredmedia":[{"embeddable":true,"href":"https:\/\/proliquidpc.com\/fr\/wp-json\/wp\/v2\/media\/7544"}],"wp:attachment":[{"href":"https:\/\/proliquidpc.com\/fr\/wp-json\/wp\/v2\/media?parent=7543"}],"wp:term":[{"taxonomy":"product_brand","embeddable":true,"href":"https:\/\/proliquidpc.com\/fr\/wp-json\/wp\/v2\/product_brand?post=7543"},{"taxonomy":"product_cat","embeddable":true,"href":"https:\/\/proliquidpc.com\/fr\/wp-json\/wp\/v2\/product_cat?post=7543"},{"taxonomy":"product_tag","embeddable":true,"href":"https:\/\/proliquidpc.com\/fr\/wp-json\/wp\/v2\/product_tag?post=7543"}],"curies":[{"name":"wp","href":"https:\/\/api.w.org\/{rel}","templated":true}]}}