{"id":7546,"date":"2024-10-30T16:48:07","date_gmt":"2024-10-30T20:48:07","guid":{"rendered":"https:\/\/dev.proliquidpc.com\/boutique\/non%20class\u00e9\/barrowch-amd-cpu-waterblock-serie-m-fbltga-04n-noir\/"},"modified":"2025-03-09T21:50:53","modified_gmt":"2025-03-10T01:50:53","slug":"barrowch-amd-cpu-waterblock-serie-m-fbltga-04n-noir","status":"publish","type":"product","link":"https:\/\/proliquidpc.com\/fr\/boutique\/cpu-waterblock\/cpu-amd\/barrowch-amd-cpu-waterblock-serie-m-fbltga-04n-noir\/","title":{"rendered":"Barrowch AMD CPU Waterblock s\u00e9rie M &#8211; FBLTGA-04N &#8211; Noir"},"content":{"rendered":"<p>Vous voulez un waterblock CPU unique avec une lecture de temp\u00e9rature OLED int\u00e9gr\u00e9e, mais vous ne voulez pas avoir envie de vendre un rein pour en obtenir un ? Eh bien, vous avez de la chance, car Barrowch vous couvre, vous et votre processeur, avec cette solution \u00e9l\u00e9gante ! Con\u00e7u pour les plates-formes grand public et les stations de travail AMD, ce bloc fonctionnera avec les processeurs AMD Ryzen AM4\/AM3.<\/p>\n<p>01 Style m\u00e9canique futur<br \/>\nCombin\u00e9 \u00e0 la conception de la mod\u00e9lisation d\u2019un r\u00e9acteur \u00e0 \u00e9nergie triangulaire inclin\u00e9 transparent, le design concave-convexe irr\u00e9gulier met en \u00e9vidence le sens de la science et de la technologie futures.<\/p>\n<p>02 Usinage de pr\u00e9cision CNC<br \/>\nL\u2019alliage d\u2019aluminium est trait\u00e9 par usinage complexe CNC et autre processus de post-traitement de surface complexe multicanal, montrant la texture compl\u00e8te.<\/p>\n<p>03 Panneau acrylique haute transparence original import\u00e9<br \/>\nLes mati\u00e8res premi\u00e8res acryliques import\u00e9es r\u00e9sistantes aux hautes temp\u00e9ratures et \u00e0 haute transparence ont une transparence plus \u00e9lev\u00e9e, une dur\u00e9e de vie plus longue, aucun changement de couleur, aucune fissuration et une multitude d\u2019effets d\u2019\u00e9clairage internes brillants.<\/p>\n<p>04 Microcanal \u00e0 jet haute densit\u00e9<br \/>\nPlaque de base de nickelage en cuivre de haute puret\u00e9 de 58 mm x 58 mm, jusqu\u2019\u00e0 49 micro-canaux, chaque canal est un rainurage inf\u00e9rieur transparent, 4 + 2 canaux asym\u00e9triques (largeur de fente de 0,4 mm + intervalle de 0,2 mm). La surface de contact entre le liquide de refroidissement et la plaque de base est augment\u00e9e et l\u2019efficacit\u00e9 de dissipation thermique du bloc d\u2019eau est am\u00e9lior\u00e9e.<\/p>\n<p>05 Monture plaqu\u00e9e cuivre-nickel<br \/>\nEn tant que mat\u00e9riau principal de la semelle, le cuivre avec une conductivit\u00e9 thermique inf\u00e9rieure \u00e0 celle de l\u2019argent, a une absorption de chaleur \u00e9lev\u00e9e et une efficacit\u00e9 de transfert de chaleur. La surface adopte le processus de nickelage miroir, ce qui peut emp\u00eacher efficacement l\u2019oxydation de la semelle et augmenter la dur\u00e9e de vie.<\/p>\n<p>06 Spectacle d\u2019effets de lumi\u00e8re<br \/>\nLes courroies de lampe et les perles de recouvrement de la version 2.0 peuvent produire des effets d\u2019\u00e9clairage statiques et dynamiques asynchrones, c\u2019est-\u00e0-dire que chaque perle de lampe peut changer de couleur ind\u00e9pendamment au cours de la m\u00eame p\u00e9riode. Les composants d\u2019\u00e9clairage RGB amovibles int\u00e9gr\u00e9s peuvent remplacer les composants d\u2019\u00e9clairage en fonction des besoins r\u00e9els.<\/p>\n<p>07 Syst\u00e8me de contr\u00f4le 2.0<br \/>\nLe syst\u00e8me de contr\u00f4le de l\u2019\u00e9clairage RVB en couleur LRC 2.0 comprend le contr\u00f4leur manuel de la version 2.0 de BARROW et la t\u00e9l\u00e9commande \u00e0 16 canaux. Il peut \u00eatre compatible avec les composants d\u2019\u00e9clairage RGB et d\u2019autres produits ind\u00e9pendants, ainsi qu\u2019avec les composants d\u2019\u00e9clairage int\u00e9gr\u00e9s de toutes les versions 2.0 de BARROW.<\/p>\n","protected":false},"excerpt":{"rendered":"<p>Vous voulez un waterblock CPU unique avec une lecture de temp\u00e9rature OLED int\u00e9gr\u00e9e, mais vous ne voulez pas avoir envie de vendre un rein pour en obtenir un ? Eh bien, vous avez de la chance, car Barrowch vous couvre, vous et votre processeur, avec cette solution \u00e9l\u00e9gante ! Con\u00e7u pour les plates-formes grand public [&hellip;]<\/p>\n","protected":false},"featured_media":7547,"template":"","meta":{"_genesis_hide_title":false,"_genesis_hide_breadcrumbs":false,"_genesis_hide_singular_image":false,"_genesis_hide_footer_widgets":false,"_genesis_custom_body_class":"","_genesis_custom_post_class":"","_genesis_layout":""},"product_brand":[233],"product_cat":[37,36],"product_tag":[],"class_list":{"0":"post-7546","1":"product","2":"type-product","3":"status-publish","4":"has-post-thumbnail","6":"product_brand-barrow","7":"product_cat-cpu-amd","8":"product_cat-cpu-waterblock","9":"entry","11":"first","12":"instock","13":"taxable","14":"shipping-taxable","15":"purchasable","16":"product-type-simple"},"_links":{"self":[{"href":"https:\/\/proliquidpc.com\/fr\/wp-json\/wp\/v2\/product\/7546","targetHints":{"allow":["GET"]}}],"collection":[{"href":"https:\/\/proliquidpc.com\/fr\/wp-json\/wp\/v2\/product"}],"about":[{"href":"https:\/\/proliquidpc.com\/fr\/wp-json\/wp\/v2\/types\/product"}],"wp:featuredmedia":[{"embeddable":true,"href":"https:\/\/proliquidpc.com\/fr\/wp-json\/wp\/v2\/media\/7547"}],"wp:attachment":[{"href":"https:\/\/proliquidpc.com\/fr\/wp-json\/wp\/v2\/media?parent=7546"}],"wp:term":[{"taxonomy":"product_brand","embeddable":true,"href":"https:\/\/proliquidpc.com\/fr\/wp-json\/wp\/v2\/product_brand?post=7546"},{"taxonomy":"product_cat","embeddable":true,"href":"https:\/\/proliquidpc.com\/fr\/wp-json\/wp\/v2\/product_cat?post=7546"},{"taxonomy":"product_tag","embeddable":true,"href":"https:\/\/proliquidpc.com\/fr\/wp-json\/wp\/v2\/product_tag?post=7546"}],"curies":[{"name":"wp","href":"https:\/\/api.w.org\/{rel}","templated":true}]}}