{"id":7564,"date":"2024-10-30T16:49:28","date_gmt":"2024-10-30T20:49:28","guid":{"rendered":"https:\/\/dev.proliquidpc.com\/boutique\/non%20class\u00e9\/barrowch-amd-pompe-et-reservoir-integres-de-cpu-waterblock-fbltprp-04\/"},"modified":"2025-03-09T21:50:46","modified_gmt":"2025-03-10T01:50:46","slug":"barrowch-amd-pompe-et-reservoir-integres-de-cpu-waterblock-fbltprp-04","status":"publish","type":"product","link":"https:\/\/proliquidpc.com\/fr\/boutique\/cpu-waterblock\/cpu-amd\/barrowch-amd-pompe-et-reservoir-integres-de-cpu-waterblock-fbltprp-04\/","title":{"rendered":"Barrowch Amd Pompe et r\u00e9servoir int\u00e9gr\u00e9s de CPU Waterblock &#8211; FBLTPRP-04"},"content":{"rendered":"<p>Barrowch AMD CPU, bloc d\u2019eau, pompe et r\u00e9servoir int\u00e9gr\u00e9s<\/p>\n<p>01 Produits de refroidissement par eau int\u00e9gr\u00e9s<br \/>\nLe bloc d\u2019eau, la pompe et le r\u00e9servoir du processeur sont r\u00e9unis en un seul appareil, et le mat\u00e9riel de refroidissement par eau est hautement int\u00e9gr\u00e9, ce qui permet d\u2019\u00e9conomiser l\u2019espace interne de l\u2019armoire.<\/p>\n<p>02 \u00c9quip\u00e9 d\u2019une pompe \u00e0 eau intelligente<br \/>\nL\u2019int\u00e9gration du bloc d\u2019eau avec une pompe \u00e0 eau intelligente h\u00e9rite de toutes les fonctions d\u2019une pompe \u00e0 eau intelligente sans compromis.<\/p>\n<p>03 \u00c9cran d\u2019affichage OLED<br \/>\nLa fonction int\u00e9gr\u00e9e de d\u00e9tection de vitesse en temps r\u00e9el d\u00e9tecte la vitesse en temps r\u00e9el de la pompe, de sorte que l\u2019\u00e9tat de la pompe est clair en un coup d\u2019\u0153il.<\/p>\n<p>04 Grilles de ventilation et de dissipation de chaleur<br \/>\nIl s\u2019agit de grilles de ventilation et de dissipation de chaleur sur tous les c\u00f4t\u00e9s, et peut fournir une forte dissipation de chaleur pour la pompe.<\/p>\n<p>05 Usinage et mod\u00e9lisation CNC<br \/>\nL\u2019alliage ALuminium est trait\u00e9 int\u00e9gralement par l\u2019alliage d\u2019aluminium CNC, am\u00e9liore la texture.<\/p>\n<p>06 Plaque acrylique \u00e0 haute transmittance<br \/>\nUne plaque acrylique transparente de haute qualit\u00e9 est adopt\u00e9e pour afficher parfaitement l\u2019effet d\u2019\u00e9clairage brillant interne.<\/p>\n<p>07 Micro-voie d\u2019eau \u00e0 jet haute densit\u00e9<br \/>\nVoie d\u2019eau micro-jet\u00e9e dense de 0,4 x 0,2 mm, forte performance de dissipation thermique.<\/p>\n<p>08 Monture plaqu\u00e9e cuivre-nickel<br \/>\nEn tant que mat\u00e9riau principal de la semelle, le cuivre avec une conductivit\u00e9 thermique inf\u00e9rieure \u00e0 celle de l\u2019argent, a une absorption de chaleur \u00e9lev\u00e9e et une efficacit\u00e9 de transfert de chaleur. La surface adopte le processus de nickelage miroir, ce qui peut emp\u00eacher efficacement l\u2019oxydation de la semelle et augmenter la dur\u00e9e de vie.<\/p>\n<p>09 Remplissage \/ entr\u00e9e \/ sortie int\u00e9gr\u00e9<br \/>\nLe bloc d\u2019eau int\u00e8gre le remplissage \/ l\u2019entr\u00e9e \/ sortie d\u2019eau, ce qui est pratique pour l\u2019utilisateur pour terminer l\u2019installation de refroidissement par eau, et un syst\u00e8me de refroidissement par eau divis\u00e9 est compl\u00e9t\u00e9 par la simple connexion du radiateur.<\/p>\n","protected":false},"excerpt":{"rendered":"<p>Barrowch AMD CPU, bloc d\u2019eau, pompe et r\u00e9servoir int\u00e9gr\u00e9s 01 Produits de refroidissement par eau int\u00e9gr\u00e9s Le bloc d\u2019eau, la pompe et le r\u00e9servoir du processeur sont r\u00e9unis en un seul appareil, et le mat\u00e9riel de refroidissement par eau est hautement int\u00e9gr\u00e9, ce qui permet d\u2019\u00e9conomiser l\u2019espace interne de l\u2019armoire. 02 \u00c9quip\u00e9 d\u2019une pompe \u00e0 [&hellip;]<\/p>\n","protected":false},"featured_media":7565,"template":"","meta":{"_genesis_hide_title":false,"_genesis_hide_breadcrumbs":false,"_genesis_hide_singular_image":false,"_genesis_hide_footer_widgets":false,"_genesis_custom_body_class":"","_genesis_custom_post_class":"","_genesis_layout":""},"product_brand":[233],"product_cat":[37,36],"product_tag":[],"class_list":{"0":"post-7564","1":"product","2":"type-product","3":"status-publish","4":"has-post-thumbnail","6":"product_brand-barrow","7":"product_cat-cpu-amd","8":"product_cat-cpu-waterblock","9":"entry","11":"first","12":"outofstock","13":"taxable","14":"shipping-taxable","15":"purchasable","16":"product-type-simple"},"_links":{"self":[{"href":"https:\/\/proliquidpc.com\/fr\/wp-json\/wp\/v2\/product\/7564","targetHints":{"allow":["GET"]}}],"collection":[{"href":"https:\/\/proliquidpc.com\/fr\/wp-json\/wp\/v2\/product"}],"about":[{"href":"https:\/\/proliquidpc.com\/fr\/wp-json\/wp\/v2\/types\/product"}],"wp:featuredmedia":[{"embeddable":true,"href":"https:\/\/proliquidpc.com\/fr\/wp-json\/wp\/v2\/media\/7565"}],"wp:attachment":[{"href":"https:\/\/proliquidpc.com\/fr\/wp-json\/wp\/v2\/media?parent=7564"}],"wp:term":[{"taxonomy":"product_brand","embeddable":true,"href":"https:\/\/proliquidpc.com\/fr\/wp-json\/wp\/v2\/product_brand?post=7564"},{"taxonomy":"product_cat","embeddable":true,"href":"https:\/\/proliquidpc.com\/fr\/wp-json\/wp\/v2\/product_cat?post=7564"},{"taxonomy":"product_tag","embeddable":true,"href":"https:\/\/proliquidpc.com\/fr\/wp-json\/wp\/v2\/product_tag?post=7564"}],"curies":[{"name":"wp","href":"https:\/\/api.w.org\/{rel}","templated":true}]}}