{"id":7573,"date":"2024-10-30T16:49:28","date_gmt":"2024-10-30T20:49:28","guid":{"rendered":"https:\/\/dev.proliquidpc.com\/boutique\/non%20class\u00e9\/barrowch-tube-petg-fbpg1208-500mm-transparent\/"},"modified":"2025-10-23T01:31:32","modified_gmt":"2025-10-23T05:31:32","slug":"barrowch-tube-petg-fbpg1208-500mm-transparent","status":"publish","type":"product","link":"https:\/\/proliquidpc.com\/fr\/boutique\/tubing\/hard-tubing-petg\/barrowch-tube-petg-fbpg1208-500mm-transparent\/","title":{"rendered":"BarrowCH Tube PETG FBPG1208 &#8211; 500mm &#8211; Transparent"},"content":{"rendered":"<p>Le tube rigide de Barrow est une excellente alternative au tube souple classique. Fabriqu\u00e9 en PETG, le tube dur est un moyen plus propre et plus pr\u00e9cis de tuber votre syst\u00e8me. Vous pouvez plier ou fa\u00e7onner des tubes durs \u00e0 l\u2019aide d\u2019un cordon de pliage, d\u2019un pistolet thermique et d\u2019un outil de pliage. Bien que l\u2019utilisation de tubes durs dans votre construction pr\u00e9sente de nouveaux d\u00e9fis, les r\u00e9sultats parlent d\u2019eux-m\u00eames. Veuillez noter que les tubes Hardline de 12 mm ne peuvent pas \u00eatre utilis\u00e9s avec des fittings \u00e0 compression ou cannel\u00e9s standard et doivent \u00eatre utilis\u00e9s avec des fittings Hardline sp\u00e9cialis\u00e9s de 12 mm. Une mauvaise utilisation peut entra\u00eener des fissures, des fuites et des dommages \u00e0 votre syst\u00e8me ou \u00e0 vos composants.<\/p>\n","protected":false},"excerpt":{"rendered":"<p>Le tube rigide de Barrow est une excellente alternative au tube souple classique. Fabriqu\u00e9 en PETG, le tube dur est un moyen plus propre et plus pr\u00e9cis de tuber votre syst\u00e8me. Vous pouvez plier ou fa\u00e7onner des tubes durs \u00e0 l\u2019aide d\u2019un cordon de pliage, d\u2019un pistolet thermique et d\u2019un outil de pliage. Bien que [&hellip;]<\/p>\n","protected":false},"featured_media":7574,"template":"","meta":{"_genesis_hide_title":false,"_genesis_hide_breadcrumbs":false,"_genesis_hide_singular_image":false,"_genesis_hide_footer_widgets":false,"_genesis_custom_body_class":"","_genesis_custom_post_class":"","_genesis_layout":""},"product_brand":[233],"product_cat":[28,27],"product_tag":[],"class_list":{"0":"post-7573","1":"product","2":"type-product","3":"status-publish","4":"has-post-thumbnail","6":"product_brand-barrow","7":"product_cat-hard-tubing-petg","8":"product_cat-tubing","9":"entry","11":"first","12":"outofstock","13":"taxable","14":"shipping-taxable","15":"purchasable","16":"product-type-simple"},"_links":{"self":[{"href":"https:\/\/proliquidpc.com\/fr\/wp-json\/wp\/v2\/product\/7573","targetHints":{"allow":["GET"]}}],"collection":[{"href":"https:\/\/proliquidpc.com\/fr\/wp-json\/wp\/v2\/product"}],"about":[{"href":"https:\/\/proliquidpc.com\/fr\/wp-json\/wp\/v2\/types\/product"}],"wp:featuredmedia":[{"embeddable":true,"href":"https:\/\/proliquidpc.com\/fr\/wp-json\/wp\/v2\/media\/7574"}],"wp:attachment":[{"href":"https:\/\/proliquidpc.com\/fr\/wp-json\/wp\/v2\/media?parent=7573"}],"wp:term":[{"taxonomy":"product_brand","embeddable":true,"href":"https:\/\/proliquidpc.com\/fr\/wp-json\/wp\/v2\/product_brand?post=7573"},{"taxonomy":"product_cat","embeddable":true,"href":"https:\/\/proliquidpc.com\/fr\/wp-json\/wp\/v2\/product_cat?post=7573"},{"taxonomy":"product_tag","embeddable":true,"href":"https:\/\/proliquidpc.com\/fr\/wp-json\/wp\/v2\/product_tag?post=7573"}],"curies":[{"name":"wp","href":"https:\/\/api.w.org\/{rel}","templated":true}]}}