{"id":7577,"date":"2024-10-30T16:49:28","date_gmt":"2024-10-30T20:49:28","guid":{"rendered":"https:\/\/dev.proliquidpc.com\/boutique\/non%20class\u00e9\/barrowch-hard-tubing-fbpg1410-l-1000mm-transparent\/"},"modified":"2025-03-09T21:49:43","modified_gmt":"2025-03-10T01:49:43","slug":"barrowch-hard-tubing-fbpg1410-l-1000mm-transparent","status":"publish","type":"product","link":"https:\/\/proliquidpc.com\/fr\/boutique\/tubing\/hard-tubing-petg\/barrowch-hard-tubing-fbpg1410-l-1000mm-transparent\/","title":{"rendered":"BarrowCH Hard tubing FBPG1410-L 1000mm &#8211; Transparent"},"content":{"rendered":"<p>Barrowch 14x10mm tube PETG transparent \u00e0 temp\u00e9rature normale, longueur de 1000mm<\/p>\n<p>Correspondre avec les fittings \u00e0 compression de la s\u00e9rie de fittings \u00e0 tube dur Barrow G1 \/ 4 \u00ab\u00a0pour fonctionner.<\/p>\n<p>La tol\u00e9rance OD est de \u2265 14 mm, ce qui est plus adapt\u00e9 pour correspondre aux accessoires d\u2019origine.<\/p>\n<p>Les tubes originaux de Barrowch sont chanfrein\u00e9s par des trous int\u00e9rieurs et ext\u00e9rieurs aux deux extr\u00e9mit\u00e9s, un d\u00e9poussi\u00e9rage \u00e0 haute pression, une inspection manuelle et l\u2019utilisation de nouveaux emballages scell\u00e9s jetables.<\/p>\n<p>Il convient aux utilisateurs de tubes durs avanc\u00e9s. Une fois que l\u2019utilisateur a coup\u00e9 le tube \u00e0 la taille appropri\u00e9e, assurez-vous de garder l\u2019incision lisse et non tranchante, sinon elle poignardera la bague d\u2019\u00e9tanch\u00e9it\u00e9 int\u00e9rieure du fitting et causera un danger cach\u00e9.<\/p>\n","protected":false},"excerpt":{"rendered":"<p>Barrowch 14x10mm tube PETG transparent \u00e0 temp\u00e9rature normale, longueur de 1000mm Correspondre avec les fittings \u00e0 compression de la s\u00e9rie de fittings \u00e0 tube dur Barrow G1 \/ 4 \u00ab\u00a0pour fonctionner. La tol\u00e9rance OD est de \u2265 14 mm, ce qui est plus adapt\u00e9 pour correspondre aux accessoires d\u2019origine. Les tubes originaux de Barrowch sont [&hellip;]<\/p>\n","protected":false},"featured_media":7574,"template":"","meta":{"_genesis_hide_title":false,"_genesis_hide_breadcrumbs":false,"_genesis_hide_singular_image":false,"_genesis_hide_footer_widgets":false,"_genesis_custom_body_class":"","_genesis_custom_post_class":"","_genesis_layout":""},"product_brand":[233],"product_cat":[28,27],"product_tag":[],"class_list":{"0":"post-7577","1":"product","2":"type-product","3":"status-publish","4":"has-post-thumbnail","6":"product_brand-barrow","7":"product_cat-hard-tubing-petg","8":"product_cat-tubing","9":"entry","11":"first","12":"outofstock","13":"taxable","14":"shipping-taxable","15":"purchasable","16":"product-type-simple"},"_links":{"self":[{"href":"https:\/\/proliquidpc.com\/fr\/wp-json\/wp\/v2\/product\/7577","targetHints":{"allow":["GET"]}}],"collection":[{"href":"https:\/\/proliquidpc.com\/fr\/wp-json\/wp\/v2\/product"}],"about":[{"href":"https:\/\/proliquidpc.com\/fr\/wp-json\/wp\/v2\/types\/product"}],"wp:featuredmedia":[{"embeddable":true,"href":"https:\/\/proliquidpc.com\/fr\/wp-json\/wp\/v2\/media\/7574"}],"wp:attachment":[{"href":"https:\/\/proliquidpc.com\/fr\/wp-json\/wp\/v2\/media?parent=7577"}],"wp:term":[{"taxonomy":"product_brand","embeddable":true,"href":"https:\/\/proliquidpc.com\/fr\/wp-json\/wp\/v2\/product_brand?post=7577"},{"taxonomy":"product_cat","embeddable":true,"href":"https:\/\/proliquidpc.com\/fr\/wp-json\/wp\/v2\/product_cat?post=7577"},{"taxonomy":"product_tag","embeddable":true,"href":"https:\/\/proliquidpc.com\/fr\/wp-json\/wp\/v2\/product_tag?post=7577"}],"curies":[{"name":"wp","href":"https:\/\/api.w.org\/{rel}","templated":true}]}}