{"id":7595,"date":"2024-10-30T16:49:28","date_gmt":"2024-10-30T20:49:28","guid":{"rendered":"https:\/\/dev.proliquidpc.com\/boutique\/non%20class\u00e9\/barrow-lumiere-led-rgb-pour-reservoir-fdtl-205-v2-givre\/"},"modified":"2025-03-09T21:49:59","modified_gmt":"2025-03-10T01:49:59","slug":"barrow-lumiere-led-rgb-pour-reservoir-fdtl-205-v2-givre","status":"publish","type":"product","link":"https:\/\/proliquidpc.com\/fr\/boutique\/led-controleurs\/12-volt\/barrow-lumiere-led-rgb-pour-reservoir-fdtl-205-v2-givre\/","title":{"rendered":"Barrow Lumi\u00e8re LED RGB pour r\u00e9servoir &#8211; FDTL-205 V2 &#8211; Givr\u00e9"},"content":{"rendered":"<p>Le composant d\u2019\u00e9clairage sp\u00e9cial du r\u00e9servoir d\u2019eau monochrome Barrow LED, qui est un composant d\u2019expansion de fonction de r\u00e9servoir d\u2019eau, peut fournir un bel effet de rendu de l\u2019\u00e9clairage \u00e0 l\u2019int\u00e9rieur du r\u00e9servoir d\u2019eau. L\u2019ensemble de la structure est soutenu par une structure composite, des composants ind\u00e9pendants, facile \u00e0 installer, il suffit de visser le trou de vis dans le r\u00e9servoir d\u2019eau. Oui, positions sup\u00e9rieure et inf\u00e9rieure<\/p>\n<p>Les composants sont en tube de verre de quartz. Le coefficient de dilatation thermique du verre de quartz est petit, 5,5\u00d710-7 \/ \u00b0C, seulement 1\/12 ~ 1\/20 du verre ordinaire. La norme de test des produits qualifi\u00e9s est la vitesse rapide apr\u00e8s combustion \u00e0 1200\u00b0C.  Dans l\u2019eau froide, r\u00e9p\u00e9t\u00e9 trois fois ou plus n\u2019est pas autoris\u00e9 \u00e0 \u00e9clater, peut facilement faire face \u00e0 la temp\u00e9rature la plus \u00e9lev\u00e9e et \u00e0 la diff\u00e9rence de temp\u00e9rature dans le syst\u00e8me de refroidissement par eau, et anneau en caoutchouc d\u2019\u00e9tanch\u00e9it\u00e9 bidirectionnel int\u00e9gr\u00e9, offrant le plus haut niveau de protection de s\u00e9curit\u00e9.<\/p>\n<p>Limit\u00e9 par la limitation de l\u2019angle d\u2019\u00e9clairage de la perle de la lampe LED, la partie du circuit LED et le corps du tube de connexion ont une structure ouverte. Une fois que l\u2019utilisateur a serr\u00e9 le connecteur, l\u2019angle de la carte de circuit imprim\u00e9 LED peut \u00eatre tourn\u00e9 manuellement pour obtenir le meilleur effet d\u2019\u00e9clairage.<\/p>\n<p>Ce composant peut \u00eatre utilis\u00e9 sans accessoires de commande externes. Il s\u2019agit d\u2019un effet de lumi\u00e8re statique monochrome, et la lumi\u00e8re n\u2019est pas r\u00e9glable. Si vous avez besoin de composants de lumi\u00e8re RVB, veuillez acheter des produits en couleur RVB li\u00e9s \u00e0 BARROW.<\/p>\n","protected":false},"excerpt":{"rendered":"<p>Le composant d\u2019\u00e9clairage sp\u00e9cial du r\u00e9servoir d\u2019eau monochrome Barrow LED, qui est un composant d\u2019expansion de fonction de r\u00e9servoir d\u2019eau, peut fournir un bel effet de rendu de l\u2019\u00e9clairage \u00e0 l\u2019int\u00e9rieur du r\u00e9servoir d\u2019eau. L\u2019ensemble de la structure est soutenu par une structure composite, des composants ind\u00e9pendants, facile \u00e0 installer, il suffit de visser le [&hellip;]<\/p>\n","protected":false},"featured_media":7596,"template":"","meta":{"_genesis_hide_title":false,"_genesis_hide_breadcrumbs":false,"_genesis_hide_singular_image":false,"_genesis_hide_footer_widgets":false,"_genesis_custom_body_class":"","_genesis_custom_post_class":"","_genesis_layout":""},"product_brand":[233],"product_cat":[49,25],"product_tag":[],"class_list":{"0":"post-7595","1":"product","2":"type-product","3":"status-publish","4":"has-post-thumbnail","6":"product_brand-barrow","7":"product_cat-12-volt","8":"product_cat-led-controleurs","9":"entry","11":"first","12":"instock","13":"taxable","14":"shipping-taxable","15":"purchasable","16":"product-type-simple"},"_links":{"self":[{"href":"https:\/\/proliquidpc.com\/fr\/wp-json\/wp\/v2\/product\/7595","targetHints":{"allow":["GET"]}}],"collection":[{"href":"https:\/\/proliquidpc.com\/fr\/wp-json\/wp\/v2\/product"}],"about":[{"href":"https:\/\/proliquidpc.com\/fr\/wp-json\/wp\/v2\/types\/product"}],"wp:featuredmedia":[{"embeddable":true,"href":"https:\/\/proliquidpc.com\/fr\/wp-json\/wp\/v2\/media\/7596"}],"wp:attachment":[{"href":"https:\/\/proliquidpc.com\/fr\/wp-json\/wp\/v2\/media?parent=7595"}],"wp:term":[{"taxonomy":"product_brand","embeddable":true,"href":"https:\/\/proliquidpc.com\/fr\/wp-json\/wp\/v2\/product_brand?post=7595"},{"taxonomy":"product_cat","embeddable":true,"href":"https:\/\/proliquidpc.com\/fr\/wp-json\/wp\/v2\/product_cat?post=7595"},{"taxonomy":"product_tag","embeddable":true,"href":"https:\/\/proliquidpc.com\/fr\/wp-json\/wp\/v2\/product_tag?post=7595"}],"curies":[{"name":"wp","href":"https:\/\/api.w.org\/{rel}","templated":true}]}}