{"id":7609,"date":"2024-10-30T16:49:28","date_gmt":"2024-10-30T20:49:28","guid":{"rendered":"https:\/\/dev.proliquidpc.com\/boutique\/non%20class\u00e9\/barrow-led-pour-reservoir-255mm-rgb-fdtla-255-v2-givre\/"},"modified":"2025-03-20T23:12:29","modified_gmt":"2025-03-21T03:12:29","slug":"barrow-led-pour-reservoir-255mm-rgb-fdtla-255-v2-givre","status":"publish","type":"product","link":"https:\/\/proliquidpc.com\/fr\/boutique\/led-controleurs\/5-volt\/barrow-led-pour-reservoir-255mm-rgb-fdtla-255-v2-givre\/","title":{"rendered":"Barrow LED pour r\u00e9servoir 255mm RGB &#8211; FDTLA-255 V2 &#8211; Givr\u00e9"},"content":{"rendered":"<p>Composants d&rsquo;\u00e9clairage de r\u00e9servoir d&rsquo;eau LED Barrow Aurora RGB, pour que l&rsquo;int\u00e9rieur du r\u00e9servoir d&rsquo;eau fournisse un effet de rendu de lumi\u00e8re magnifique, l&rsquo;utilisation globale du support de structure composite, facile \u00e0 installer, il suffit de serrer le r\u00e9servoir d&rsquo;eau dans le trou de vis peut \u00eatre, la position haut et bas peut \u00eatre.<\/p>\n<p>Les composants d&rsquo;\u00e9clairage d\u00e9di\u00e9s au r\u00e9servoir d&rsquo;eau couleur Aurora LED peuvent atteindre jusqu&rsquo;\u00e0 300 types d&rsquo;effets d&rsquo;\u00e9clairage dynamiques et statiques, tels que l&rsquo;arc-en-ciel Aurora, le clignotement, le flash, une vari\u00e9t\u00e9 de lumi\u00e8res, etc.<\/p>\n<p>Attention: Le contr\u00f4leur n&rsquo;est pas inclus.<\/p>\n<p>LED 5V<br \/>\nLongueur 255mm<\/p>\n","protected":false},"excerpt":{"rendered":"<p>Composants d&rsquo;\u00e9clairage de r\u00e9servoir d&rsquo;eau LED Barrow Aurora RGB, pour que l&rsquo;int\u00e9rieur du r\u00e9servoir d&rsquo;eau fournisse un effet de rendu de lumi\u00e8re magnifique, l&rsquo;utilisation globale du support de structure composite, facile \u00e0 installer, il suffit de serrer le r\u00e9servoir d&rsquo;eau dans le trou de vis peut \u00eatre, la position haut et bas peut \u00eatre. Les [&hellip;]<\/p>\n","protected":false},"featured_media":7599,"template":"","meta":{"_genesis_hide_title":false,"_genesis_hide_breadcrumbs":false,"_genesis_hide_singular_image":false,"_genesis_hide_footer_widgets":false,"_genesis_custom_body_class":"","_genesis_custom_post_class":"","_genesis_layout":""},"product_brand":[233],"product_cat":[26,25],"product_tag":[],"class_list":{"0":"post-7609","1":"product","2":"type-product","3":"status-publish","4":"has-post-thumbnail","6":"product_brand-barrow","7":"product_cat-5-volt","8":"product_cat-led-controleurs","9":"entry","11":"first","12":"instock","13":"taxable","14":"shipping-taxable","15":"purchasable","16":"product-type-simple"},"_links":{"self":[{"href":"https:\/\/proliquidpc.com\/fr\/wp-json\/wp\/v2\/product\/7609","targetHints":{"allow":["GET"]}}],"collection":[{"href":"https:\/\/proliquidpc.com\/fr\/wp-json\/wp\/v2\/product"}],"about":[{"href":"https:\/\/proliquidpc.com\/fr\/wp-json\/wp\/v2\/types\/product"}],"wp:featuredmedia":[{"embeddable":true,"href":"https:\/\/proliquidpc.com\/fr\/wp-json\/wp\/v2\/media\/7599"}],"wp:attachment":[{"href":"https:\/\/proliquidpc.com\/fr\/wp-json\/wp\/v2\/media?parent=7609"}],"wp:term":[{"taxonomy":"product_brand","embeddable":true,"href":"https:\/\/proliquidpc.com\/fr\/wp-json\/wp\/v2\/product_brand?post=7609"},{"taxonomy":"product_cat","embeddable":true,"href":"https:\/\/proliquidpc.com\/fr\/wp-json\/wp\/v2\/product_cat?post=7609"},{"taxonomy":"product_tag","embeddable":true,"href":"https:\/\/proliquidpc.com\/fr\/wp-json\/wp\/v2\/product_tag?post=7609"}],"curies":[{"name":"wp","href":"https:\/\/api.w.org\/{rel}","templated":true}]}}