{"id":7621,"date":"2024-10-30T16:49:28","date_gmt":"2024-10-30T20:49:28","guid":{"rendered":"https:\/\/dev.proliquidpc.com\/boutique\/non%20class\u00e9\/granzon-gai0-1-cpu-block-argent\/"},"modified":"2025-02-19T02:26:06","modified_gmt":"2025-02-19T07:26:06","slug":"granzon-gai0-1-cpu-block-argent","status":"publish","type":"product","link":"https:\/\/proliquidpc.com\/fr\/boutique\/cpu-waterblock\/cpu-intel\/granzon-gai0-1-cpu-block-argent\/","title":{"rendered":"Granzon GAI0.1 CPU-Block Argent"},"content":{"rendered":"<p>D\u00e9bloquez des performances extraordinaires et cr\u00e9ez une esth\u00e9tique exquise. Granzon pratique la recherche incessante d\u2019un excellent design, d\u2019une innovation unique et d\u2019une qualit\u00e9 de fabrication d\u00e9taill\u00e9e. Le GAI0.1 est dot\u00e9 d\u2019une conception \u00e0 micro-canaux de type pulv\u00e9risation de 15 mm. Cela augmente la surface d\u2019absorption de la chaleur et offre une plus grande capacit\u00e9 de dissipation de la chaleur. L\u2019\u00e9clairage RVB adressable 5v (RBW) est inclus sur les mod\u00e8les PMMA, ce qui ajoute \u00e0 l\u2019apparence unique.<\/p>\n<p>Fonctionnalit\u00e9s<br \/>\nConception unique de canal de 15 mm<br \/>\n\u00c9clairage A-RGB (RBW) int\u00e9gr\u00e9 (NON inclus dans la version POM)<br \/>\nCon\u00e7u pour s\u2019adapter aux fittings filet\u00e9s standard G1\/4&Prime;<\/p>\n<p>Sp\u00e9cifications<br \/>\nFiletage : G1\/4&Prime;<\/p>\n<p>Compatibilit\u00e9<br \/>\nSocket : Intel LGA 115x,1200,1700,1800,2011,2066<br \/>\nfittings : Filetage G1\/4&Prime;<\/p>\n<p>Pi\u00e8ces incluses<br \/>\n1x bloc de refroidissement par eau du processeur<br \/>\n1x mat\u00e9riel de montage<br \/>\n1x 5v adressable RGB (RBW) (non inclus dans la version POM)<br \/>\n(Avertissement : le RVB adressable (RBW) est de 5 V et est UNIQUEMENT compatible avec les composants RVB adressables (RBW). RGB est 12V et est UNIQUEMENT compatible avec les composants RGB. Le m\u00e9lange et l\u2019assortiment ne fonctionneront PAS et causeront des dommages.<\/p>\n<p>Avertissements<br \/>\nN\u2019utilisez PAS ce bloc avec un liquide de refroidissement \u00e0 effet visuel (particules flottantes). En raison de la conception incroyablement petite du canal de 15 mm, tout petit d\u00e9bris obstruera le bloc CPU. Assurez-vous que le syst\u00e8me est extr\u00eamement propre et qu\u2019un filtre est recommand\u00e9.<\/p>\n<p>Veuillez faire attention \u00e0 l\u2019entr\u00e9e\/sortie lors de l\u2019installation. Une mauvaise direction lors de l\u2019installation affectera les performances de dissipation thermique. Le fabricant se r\u00e9serve le droit de modifier la conception du bloc pour \u00e9tendre la compatibilit\u00e9. L\u2019article livr\u00e9 peut ne pas correspondre \u00e0 100% \u00e0 l\u2019article illustr\u00e9. Le produit n\u2019inclut PAS d\u2019instructions d\u2019installation en anglais.<\/p>\n<p>Nous ne sommes pas responsables des dommages caus\u00e9s par ou lors de l\u2019utilisation de ce produit.<\/p>\n","protected":false},"excerpt":{"rendered":"<p>D\u00e9bloquez des performances extraordinaires et cr\u00e9ez une esth\u00e9tique exquise. Granzon pratique la recherche incessante d\u2019un excellent design, d\u2019une innovation unique et d\u2019une qualit\u00e9 de fabrication d\u00e9taill\u00e9e. Le GAI0.1 est dot\u00e9 d\u2019une conception \u00e0 micro-canaux de type pulv\u00e9risation de 15 mm. Cela augmente la surface d\u2019absorption de la chaleur et offre une plus grande capacit\u00e9 de [&hellip;]<\/p>\n","protected":false},"featured_media":7622,"template":"","meta":{"_genesis_hide_title":false,"_genesis_hide_breadcrumbs":false,"_genesis_hide_singular_image":false,"_genesis_hide_footer_widgets":false,"_genesis_custom_body_class":"","_genesis_custom_post_class":"","_genesis_layout":""},"product_brand":[],"product_cat":[43,36],"product_tag":[],"class_list":{"0":"post-7621","1":"product","2":"type-product","3":"status-publish","4":"has-post-thumbnail","6":"product_cat-cpu-intel","7":"product_cat-cpu-waterblock","8":"entry","10":"first","11":"outofstock","12":"taxable","13":"shipping-taxable","14":"purchasable","15":"product-type-simple"},"_links":{"self":[{"href":"https:\/\/proliquidpc.com\/fr\/wp-json\/wp\/v2\/product\/7621","targetHints":{"allow":["GET"]}}],"collection":[{"href":"https:\/\/proliquidpc.com\/fr\/wp-json\/wp\/v2\/product"}],"about":[{"href":"https:\/\/proliquidpc.com\/fr\/wp-json\/wp\/v2\/types\/product"}],"wp:featuredmedia":[{"embeddable":true,"href":"https:\/\/proliquidpc.com\/fr\/wp-json\/wp\/v2\/media\/7622"}],"wp:attachment":[{"href":"https:\/\/proliquidpc.com\/fr\/wp-json\/wp\/v2\/media?parent=7621"}],"wp:term":[{"taxonomy":"product_brand","embeddable":true,"href":"https:\/\/proliquidpc.com\/fr\/wp-json\/wp\/v2\/product_brand?post=7621"},{"taxonomy":"product_cat","embeddable":true,"href":"https:\/\/proliquidpc.com\/fr\/wp-json\/wp\/v2\/product_cat?post=7621"},{"taxonomy":"product_tag","embeddable":true,"href":"https:\/\/proliquidpc.com\/fr\/wp-json\/wp\/v2\/product_tag?post=7621"}],"curies":[{"name":"wp","href":"https:\/\/api.w.org\/{rel}","templated":true}]}}