{"id":7624,"date":"2024-10-30T16:49:28","date_gmt":"2024-10-30T20:49:28","guid":{"rendered":"https:\/\/dev.proliquidpc.com\/boutique\/non%20class\u00e9\/granzon-gais-cpu-water-block-intel-lga1156-1155-1151-1150-1200\/"},"modified":"2025-02-19T02:38:28","modified_gmt":"2025-02-19T07:38:28","slug":"granzon-gais-cpu-water-block-intel-lga1156-1155-1151-1150-1200","status":"publish","type":"product","link":"https:\/\/proliquidpc.com\/fr\/boutique\/cpu-waterblock\/cpu-intel\/granzon-gais-cpu-water-block-intel-lga1156-1155-1151-1150-1200\/","title":{"rendered":"Granzon GAIS CPU Water Block INTEL LGA1156\/1155\/1151\/1150\/1200\/"},"content":{"rendered":"<p>Granzon GAIS CPU Water Block utilisation pour INTEL LGA1156\/1155\/1151\/1150\/1200\/ 5V 3PIN A-RGB LED Support de lumi\u00e8re \u00e0 la carte m\u00e8re<\/p>\n<p>Compatibilit\u00e9<br \/>\nIntel socket LGA 1200, Intel socket LGA 1700, Intel socket LGA1150, Intel socket LGA1151, Intel socket LGA1155, Intel socket LGA1156<\/p>\n<p>LED<br \/>\n5 V (RBW)<\/p>\n<p>Mat\u00e9riel<br \/>\nNickel<\/p>\n","protected":false},"excerpt":{"rendered":"<p>Granzon GAIS CPU Water Block utilisation pour INTEL LGA1156\/1155\/1151\/1150\/1200\/ 5V 3PIN A-RGB LED Support de lumi\u00e8re \u00e0 la carte m\u00e8re Compatibilit\u00e9 Intel socket LGA 1200, Intel socket LGA 1700, Intel socket LGA1150, Intel socket LGA1151, Intel socket LGA1155, Intel socket LGA1156 LED 5 V (RBW) Mat\u00e9riel Nickel<\/p>\n","protected":false},"featured_media":10046,"template":"","meta":{"_genesis_hide_title":false,"_genesis_hide_breadcrumbs":false,"_genesis_hide_singular_image":false,"_genesis_hide_footer_widgets":false,"_genesis_custom_body_class":"","_genesis_custom_post_class":"","_genesis_layout":""},"product_brand":[],"product_cat":[43,36],"product_tag":[],"class_list":{"0":"post-7624","1":"product","2":"type-product","3":"status-publish","4":"has-post-thumbnail","6":"product_cat-cpu-intel","7":"product_cat-cpu-waterblock","8":"entry","10":"first","11":"instock","12":"taxable","13":"shipping-taxable","14":"purchasable","15":"product-type-simple"},"_links":{"self":[{"href":"https:\/\/proliquidpc.com\/fr\/wp-json\/wp\/v2\/product\/7624","targetHints":{"allow":["GET"]}}],"collection":[{"href":"https:\/\/proliquidpc.com\/fr\/wp-json\/wp\/v2\/product"}],"about":[{"href":"https:\/\/proliquidpc.com\/fr\/wp-json\/wp\/v2\/types\/product"}],"wp:featuredmedia":[{"embeddable":true,"href":"https:\/\/proliquidpc.com\/fr\/wp-json\/wp\/v2\/media\/10046"}],"wp:attachment":[{"href":"https:\/\/proliquidpc.com\/fr\/wp-json\/wp\/v2\/media?parent=7624"}],"wp:term":[{"taxonomy":"product_brand","embeddable":true,"href":"https:\/\/proliquidpc.com\/fr\/wp-json\/wp\/v2\/product_brand?post=7624"},{"taxonomy":"product_cat","embeddable":true,"href":"https:\/\/proliquidpc.com\/fr\/wp-json\/wp\/v2\/product_cat?post=7624"},{"taxonomy":"product_tag","embeddable":true,"href":"https:\/\/proliquidpc.com\/fr\/wp-json\/wp\/v2\/product_tag?post=7624"}],"curies":[{"name":"wp","href":"https:\/\/api.w.org\/{rel}","templated":true}]}}