{"id":7646,"date":"2024-10-30T16:49:28","date_gmt":"2024-10-30T20:49:28","guid":{"rendered":"https:\/\/dev.proliquidpc.com\/boutique\/non%20class\u00e9\/bloc-cpu-intel-granzon-gaisc-avec-ecran-lcd-29\/"},"modified":"2025-02-19T03:03:04","modified_gmt":"2025-02-19T08:03:04","slug":"bloc-cpu-intel-granzon-gaisc-avec-ecran-lcd-29","status":"publish","type":"product","link":"https:\/\/proliquidpc.com\/fr\/boutique\/cpu-waterblock\/cpu-intel\/bloc-cpu-intel-granzon-gaisc-avec-ecran-lcd-29\/","title":{"rendered":"Bloc CPU Intel Granzon GAISC avec \u00e9cran LCD 2,9&Prime;"},"content":{"rendered":"<p>Le bloc de refroidissement par eau du processeur Granzon GAISC dispose d\u2019un affichage discret de la temp\u00e9rature en temps r\u00e9el. Cette caract\u00e9ristique innovante s\u2019int\u00e8gre parfaitement \u00e0 la surface sup\u00e9rieure du bloc, dissimul\u00e9e sous une finition r\u00e9fl\u00e9chissante. Lors de l\u2019activation, l\u2019\u00e9cran pr\u00e9sente la temp\u00e9rature actuelle dans un format de tableau de bord de voiture de sport \u00e9l\u00e9gant et futuriste.<\/p>\n<p>Si vous \u00eates \u00e0 la recherche d\u2019un bloc CPU pour compl\u00e9ter votre construction haut de gamme, cette option est le choix parfait.<\/p>\n<p>Fonctionnalit\u00e9s<br \/>\nUnique Design<br \/>\nCon\u00e7u pour s\u2019adapter aux fittings filet\u00e9s standard G1\/4&Prime;<br \/>\nAffichage num\u00e9rique int\u00e9gr\u00e9 de la temp\u00e9rature<\/p>\n<p>Sp\u00e9cifications<br \/>\nFiletage : G1\/4&Prime;<\/p>\n<p>Compatibilit\u00e9<br \/>\nSocket : Intel LGA 115x\/1200\/1700\/1800\/20xx<br \/>\nfittings : Filetage G1\/4&Prime;<\/p>\n<p>Pi\u00e8ces incluses<br \/>\n1x bloc de refroidissement par eau CPU avec affichage num\u00e9rique de la temp\u00e9rature<br \/>\n1x mat\u00e9riel de montage<\/p>\n<p>Avertissements<br \/>\nVeuillez faire attention \u00e0 l\u2019entr\u00e9e\/sortie lors de l\u2019installation. Une mauvaise direction lors de l\u2019installation affectera les performances de dissipation thermique. Le fabricant se r\u00e9serve le droit de modifier la conception du bloc pour \u00e9tendre la compatibilit\u00e9. L\u2019article livr\u00e9 peut ne pas correspondre \u00e0 100% \u00e0 l\u2019article illustr\u00e9. Le produit n\u2019inclut PAS les instructions d\u2019installation en anglais.<\/p>\n<p>Nous ne sommes pas responsables des dommages caus\u00e9s par ou lors de l\u2019utilisation de ce produit.<\/p>\n","protected":false},"excerpt":{"rendered":"<p>Le bloc de refroidissement par eau du processeur Granzon GAISC dispose d\u2019un affichage discret de la temp\u00e9rature en temps r\u00e9el. Cette caract\u00e9ristique innovante s\u2019int\u00e8gre parfaitement \u00e0 la surface sup\u00e9rieure du bloc, dissimul\u00e9e sous une finition r\u00e9fl\u00e9chissante. Lors de l\u2019activation, l\u2019\u00e9cran pr\u00e9sente la temp\u00e9rature actuelle dans un format de tableau de bord de voiture de sport [&hellip;]<\/p>\n","protected":false},"featured_media":7625,"template":"","meta":{"_genesis_hide_title":false,"_genesis_hide_breadcrumbs":false,"_genesis_hide_singular_image":false,"_genesis_hide_footer_widgets":false,"_genesis_custom_body_class":"","_genesis_custom_post_class":"","_genesis_layout":""},"product_brand":[],"product_cat":[43,36],"product_tag":[],"class_list":{"0":"post-7646","1":"product","2":"type-product","3":"status-publish","4":"has-post-thumbnail","6":"product_cat-cpu-intel","7":"product_cat-cpu-waterblock","8":"entry","10":"first","11":"instock","12":"taxable","13":"shipping-taxable","14":"purchasable","15":"product-type-simple"},"_links":{"self":[{"href":"https:\/\/proliquidpc.com\/fr\/wp-json\/wp\/v2\/product\/7646","targetHints":{"allow":["GET"]}}],"collection":[{"href":"https:\/\/proliquidpc.com\/fr\/wp-json\/wp\/v2\/product"}],"about":[{"href":"https:\/\/proliquidpc.com\/fr\/wp-json\/wp\/v2\/types\/product"}],"wp:featuredmedia":[{"embeddable":true,"href":"https:\/\/proliquidpc.com\/fr\/wp-json\/wp\/v2\/media\/7625"}],"wp:attachment":[{"href":"https:\/\/proliquidpc.com\/fr\/wp-json\/wp\/v2\/media?parent=7646"}],"wp:term":[{"taxonomy":"product_brand","embeddable":true,"href":"https:\/\/proliquidpc.com\/fr\/wp-json\/wp\/v2\/product_brand?post=7646"},{"taxonomy":"product_cat","embeddable":true,"href":"https:\/\/proliquidpc.com\/fr\/wp-json\/wp\/v2\/product_cat?post=7646"},{"taxonomy":"product_tag","embeddable":true,"href":"https:\/\/proliquidpc.com\/fr\/wp-json\/wp\/v2\/product_tag?post=7646"}],"curies":[{"name":"wp","href":"https:\/\/api.w.org\/{rel}","templated":true}]}}